{"id":883,"date":"2024-06-13T09:40:08","date_gmt":"2024-06-13T09:40:08","guid":{"rendered":"https:\/\/staging.campotencia.casticino.ch\/?page_id=883"},"modified":"2024-06-20T11:31:34","modified_gmt":"2024-06-20T11:31:34","slug":"escursionismo-alpino","status":"publish","type":"page","link":"https:\/\/campotencia.casticino.ch\/?page_id=883","title":{"rendered":"ESCURSIONISMO ALPINO"},"content":{"rendered":"\n<h3 class=\"wp-block-heading\">Escursionismo alpino<\/h3>\n\n\n\n<div style=\"height:50px\" aria-hidden=\"true\" class=\"wp-block-spacer\"><\/div>\n\n\n\n<p>Le difficolt\u00e0 dell\u2019escursionismo e dell\u2019escursionismo alpino sono suddivise in sei gradi secondo la scala T: da T1 (escursione) a T6 (escursione alpina difficile). Nella zona del campo tencia vi sono parecchie possibilit\u00e0 per praticarlo, l&#8217;ascensione del Pizzo Campo Tencia. del pizzo Forno o del Campolungo. Il percorso \u00e8 solo in parte segnalato, per cui \u00e8 necessario sapersi orientare. Possono esserci pericoli oggettivi cos\u00ec come resti di nevai ad inizio estate per cui occorre essere adeguatamente preparati.<\/p>\n\n\n\n<p><a href=\"https:\/\/www.sac-cas.ch\/it\/formazione-e-sicurezza\/sicuri\/sicuri-nelle-escursioni-alpine-e-in-montagna\/#c4227\">Di pi\u00f9 su escursionismo ed escursionismo alpino<\/a><\/p>\n\n\n\n<div class=\"wp-block-stackable-feature-grid alignwide stk-block-feature-grid stk-block-columns stk-block stk-b416f74 is-style-default\" data-block-id=\"b416f74\"><div class=\"stk-row stk-inner-blocks has-text-align-center stk-block-content stk-content-align stk-b416f74-column alignwide\">\n<div class=\"wp-block-stackable-column stk-block-column stk-column stk-block stk-db946e1\" data-v=\"4\" data-block-id=\"db946e1\"><div class=\"stk-column-wrapper stk-block-column__content stk-container stk-db946e1-container stk-hover-parent\"><div class=\"stk-block-content stk-inner-blocks stk-db946e1-inner-blocks\">\n<div class=\"wp-block-stackable-image stk-block-image stk-block stk-f9e16c7\" data-block-id=\"f9e16c7\"><style>.stk-f9e16c7 .stk-img-wrapper{width:100% !important;height:300px !important}<\/style><figure><span class=\"stk-img-wrapper stk-image--shape-stretch\"><img loading=\"lazy\" decoding=\"async\" class=\"stk-img wp-image-540\" src=\"https:\/\/staging.campotencia.casticino.ch\/wp-content\/uploads\/2024\/06\/B.jpg\" width=\"2500\" height=\"1667\" srcset=\"https:\/\/campotencia.casticino.ch\/wp-content\/uploads\/2024\/06\/B.jpg 2500w, https:\/\/campotencia.casticino.ch\/wp-content\/uploads\/2024\/06\/B-300x200.jpg 300w, https:\/\/campotencia.casticino.ch\/wp-content\/uploads\/2024\/06\/B-1024x683.jpg 1024w, https:\/\/campotencia.casticino.ch\/wp-content\/uploads\/2024\/06\/B-768x512.jpg 768w, https:\/\/campotencia.casticino.ch\/wp-content\/uploads\/2024\/06\/B-1536x1024.jpg 1536w, https:\/\/campotencia.casticino.ch\/wp-content\/uploads\/2024\/06\/B-2048x1366.jpg 2048w\" sizes=\"auto, (max-width: 2500px) 100vw, 2500px\" \/><\/span><\/figure><\/div>\n\n\n\n<div class=\"wp-block-stackable-heading stk-block-heading stk-block-heading--v2 stk-block stk-921b926\" id=\"pizzo-campo-tencia-3072-m-e-pizzo-croslina-3012-m\" data-block-id=\"921b926\"><h3 class=\"stk-block-heading__text\">Pizzo Campo Tencia 3072 m e Pizzo Croslina 3012 m<\/h3><\/div>\n\n\n\n<div class=\"wp-block-stackable-text stk-block-text stk-block stk-5053b17\" data-block-id=\"5053b17\"><p class=\"stk-block-text__text has-text-align-left\">Il campo Tencia \u00e8 la montagna pi\u00f9 alte interamente su suolo ticinese, deve il suo nome alle rocce rossastre e ferrose in dialetto: &#8220;tencie&#8221; o sporche. Al centro del cantone, offre una vista eccezionale a 360\u00b0. Della su cima \u00e8 possibile discendere in valle Lavizzara  o innestarsi sulla via alta della Vallemaggia.<\/p><\/div>\n\n\n\n<div class=\"wp-block-stackable-text stk-block-text stk-block stk-05070b2\" data-block-id=\"05070b2\"><p class=\"stk-block-text__text has-text-align-left\"><strong>Lunghezza<\/strong>: 3 km <br><strong>Dislivello<\/strong>: + 940&nbsp;metri<br><strong>Tempistica<\/strong>: 3 ore per una cima 4,5 ore per le due cime<br><strong>Difficolt\u00e0<\/strong>: T4 P. Campo Tencia &#8211; T6 P. Croslina<br><span style=\"color: #000000;\" class=\"stk-highlight\"><strong>Attenzione<\/strong>: <\/span>il percorso \u00e8 in buona parte marcato, in singoli punti va prestata attenzione al rischio di caduta sassi soprattutto se presenti altre persone. Ad inizio estate neve nella conca prima della bocchetta di Crozlina.<br><strong>Materiale:<\/strong> buoni scarponi<br><strong>Alternativa:<\/strong> dalla bocchetta a quota 2865 m si pu\u00f2 traversare salendo leggermente in direzione nord fino a raggiungere la cresta che porta in vetta al <strong>Pizzo Croslina<\/strong>. <strong><span style=\"color: #cf2e2e;\" class=\"stk-highlight\">Passaggi esposti a cui prestare attenzione soprattutto in discesa!<\/span><\/strong><br><br><\/p><\/div>\n\n\n\n<div class=\"wp-block-stackable-button-group stk-block-button-group stk-block stk-596f566\" data-block-id=\"596f566\"><div class=\"stk-row stk-inner-blocks stk-block-content stk-button-group\">\n<div class=\"wp-block-stackable-button stk-block-button stk-block stk-fe26758\" data-block-id=\"fe26758\"><style>.stk-fe26758 .stk-button{background:#477081 !important}<\/style><a class=\"stk-link stk-button stk--hover-effect-darken\" href=\"https:\/\/staging.campotencia.casticino.ch\/wp-content\/uploads\/2024\/06\/B.-Pizzo-Campo-Tencia-3072-m-Pizzo-Croslina-3012-m.pdf\" target=\"_blank\" rel=\"noreferrer noopener\"><span class=\"stk-button__inner-text\">DETTAGLI<\/span><\/a><\/div>\n<\/div><\/div>\n<\/div><\/div><\/div>\n\n\n\n<div class=\"wp-block-stackable-column stk-block-column stk-column stk-block stk-e9877a0\" data-v=\"4\" data-block-id=\"e9877a0\"><div class=\"stk-column-wrapper stk-block-column__content stk-container stk-e9877a0-container stk-hover-parent\"><div class=\"stk-block-content stk-inner-blocks stk-e9877a0-inner-blocks\">\n<div class=\"wp-block-stackable-image stk-block-image stk-block stk-08fb247\" data-block-id=\"08fb247\"><style>.stk-08fb247{margin-bottom:17px !important}.stk-08fb247 .stk-img-wrapper{width:100% !important;height:315px !important}<\/style><figure><span class=\"stk-img-wrapper stk-image--shape-stretch\"><img loading=\"lazy\" decoding=\"async\" class=\"stk-img wp-image-531\" src=\"https:\/\/staging.campotencia.casticino.ch\/wp-content\/uploads\/2024\/06\/D_02.jpg\" width=\"2163\" height=\"2153\" srcset=\"https:\/\/campotencia.casticino.ch\/wp-content\/uploads\/2024\/06\/D_02.jpg 2163w, https:\/\/campotencia.casticino.ch\/wp-content\/uploads\/2024\/06\/D_02-300x300.jpg 300w, https:\/\/campotencia.casticino.ch\/wp-content\/uploads\/2024\/06\/D_02-1024x1019.jpg 1024w, https:\/\/campotencia.casticino.ch\/wp-content\/uploads\/2024\/06\/D_02-150x150.jpg 150w, https:\/\/campotencia.casticino.ch\/wp-content\/uploads\/2024\/06\/D_02-768x764.jpg 768w, https:\/\/campotencia.casticino.ch\/wp-content\/uploads\/2024\/06\/D_02-1536x1529.jpg 1536w, https:\/\/campotencia.casticino.ch\/wp-content\/uploads\/2024\/06\/D_02-2048x2039.jpg 2048w\" sizes=\"auto, (max-width: 2163px) 100vw, 2163px\" \/><\/span><\/figure><\/div>\n\n\n\n<div class=\"wp-block-stackable-heading stk-block-heading stk-block-heading--v2 stk-block stk-803ace5\" id=\"pizzo-forno-2907-m\" data-block-id=\"803ace5\"><h3 class=\"stk-block-heading__text\">Pizzo Forno 2907 m<\/h3><\/div>\n\n\n\n<div class=\"wp-block-stackable-text stk-block-text stk-block stk-86cceef\" data-block-id=\"86cceef\"><p class=\"stk-block-text__text has-text-align-left\">La tappa 5 della Via Idra percorre la Senda del Ghiacciaio per poi raggiunge il passo del Ghiacciaione ed eventualmente salire in cima al Pizzo Forno prima di discendere al Rifugio Alpe Sponda.<\/p><\/div>\n\n\n\n<div class=\"wp-block-stackable-text stk-block-text stk-block stk-6ec76ad\" data-block-id=\"6ec76ad\"><style>.stk-6ec76ad{margin-bottom:5px !important}<\/style><p class=\"stk-block-text__text has-text-align-left\"><strong>Lunghezza<\/strong>: 4,5&nbsp;km<br><strong>Dislivello<\/strong>: 767&nbsp;metri<br><strong>Tempistica<\/strong>: ca. 3 ore<br><strong>Difficolt\u00e0<\/strong>: T4<br><strong>Via Alta Idra:<\/strong> <a href=\"https:\/\/www.viaidra.ch\/tappa05\">tappa 5<\/a> <br><strong>Attenzione:<\/strong> il versante nord del pizzo Forno resta a lungo innevato, in questo caso buone calzature e ramponcini, sono molto raccomandati.<\/p><\/div>\n\n\n\n<div class=\"wp-block-stackable-button-group stk-block-button-group stk-block stk-d81616b\" data-block-id=\"d81616b\"><div class=\"stk-row stk-inner-blocks stk-block-content stk-button-group\">\n<div class=\"wp-block-stackable-button stk-block-button stk-block stk-7adb81b\" data-block-id=\"7adb81b\"><style>.stk-7adb81b .stk-button{background:#477081 !important}<\/style><a class=\"stk-link stk-button stk--hover-effect-darken\" href=\"https:\/\/staging.campotencia.casticino.ch\/wp-content\/uploads\/2024\/06\/D.-Pizzo-Forno-2907-m.pdf\" target=\"_blank\" rel=\"noreferrer noopener\"><span class=\"stk-button__inner-text\">DETTAGLI<\/span><\/a><\/div>\n<\/div><\/div>\n<\/div><\/div><\/div>\n<\/div><\/div>\n\n\n\n<div class=\"wp-block-stackable-feature-grid alignwide stk-block-feature-grid stk-block-columns stk-block stk-5e603a9 is-style-default\" data-block-id=\"5e603a9\"><div class=\"stk-row stk-inner-blocks has-text-align-center stk-block-content stk-content-align stk-5e603a9-column alignwide\">\n<div class=\"wp-block-stackable-column stk-block-column stk-column stk-block stk-47ffc1a\" data-v=\"4\" data-block-id=\"47ffc1a\"><div class=\"stk-column-wrapper stk-block-column__content stk-container stk-47ffc1a-container stk-hover-parent\"><div class=\"stk-block-content stk-inner-blocks stk-47ffc1a-inner-blocks\">\n<div class=\"wp-block-stackable-image stk-block-image stk-block stk-9d6e8c7\" data-block-id=\"9d6e8c7\"><style>.stk-9d6e8c7{margin-bottom:17px !important}.stk-9d6e8c7 .stk-img-wrapper{width:100% !important;height:311px !important}<\/style><figure><span class=\"stk-img-wrapper stk-image--shape-stretch\"><img loading=\"lazy\" decoding=\"async\" class=\"stk-img wp-image-537\" src=\"https:\/\/staging.campotencia.casticino.ch\/wp-content\/uploads\/2024\/06\/C-scaled.jpg\" width=\"2560\" height=\"842\" srcset=\"https:\/\/campotencia.casticino.ch\/wp-content\/uploads\/2024\/06\/C-scaled.jpg 2560w, https:\/\/campotencia.casticino.ch\/wp-content\/uploads\/2024\/06\/C-300x99.jpg 300w, https:\/\/campotencia.casticino.ch\/wp-content\/uploads\/2024\/06\/C-1024x337.jpg 1024w, https:\/\/campotencia.casticino.ch\/wp-content\/uploads\/2024\/06\/C-768x253.jpg 768w, https:\/\/campotencia.casticino.ch\/wp-content\/uploads\/2024\/06\/C-1536x505.jpg 1536w, https:\/\/campotencia.casticino.ch\/wp-content\/uploads\/2024\/06\/C-2048x674.jpg 2048w\" sizes=\"auto, (max-width: 2560px) 100vw, 2560px\" \/><\/span><\/figure><\/div>\n\n\n\n<div class=\"wp-block-stackable-heading stk-block-heading stk-block-heading--v2 stk-block stk-69843d0\" id=\"pizzo-campolungo-2714-m\" data-block-id=\"69843d0\"><h3 class=\"stk-block-heading__text\">Pizzo Campolungo 2714 m<\/h3><\/div>\n\n\n\n<div class=\"wp-block-stackable-text stk-block-text stk-block stk-92f40ca\" data-block-id=\"92f40ca\"><p class=\"stk-block-text__text has-text-align-left\">Dal pizzo Campolungo la vista si apre sui laghetti L\u00e8it, Tremorgio e Morghirolo, passando dal Pizzo Pr\u00e8vat, il cervino ticinese. La salita non \u00e8 segnata ed avviene su ripidi prati e pietraie salendo nella conca prima delle alpe Lei di Cima.<\/p><\/div>\n\n\n\n<div class=\"wp-block-stackable-text stk-block-text stk-block stk-c11c88f\" data-block-id=\"c11c88f\"><style>.stk-c11c88f{margin-bottom:0px !important}<\/style><p class=\"stk-block-text__text has-text-align-left\"><strong>Lunghezza<\/strong>: 3\u00a0km<br><strong>Dislivello<\/strong>: 690 metri<br><strong>Tempistica<\/strong>: ca. 2.5 ore<br><strong>Difficolt\u00e0<\/strong>: T4<br><strong>Mappa online<\/strong>: <a href=\"https:\/\/s.geo.admin.ch\/epntrruz341r\">Mapgeo Campolungo<\/a><br><strong>Attenzione:<\/strong> il percorso non \u00e8 marcato e anche se non difficile, necessita capacit\u00e0 di orientamento.<br><\/p><\/div>\n\n\n\n<div class=\"wp-block-stackable-button-group stk-block-button-group stk-block stk-2f6a62a\" data-block-id=\"2f6a62a\"><div class=\"stk-row stk-inner-blocks stk-block-content stk-button-group\">\n<div class=\"wp-block-stackable-button stk-block-button stk-block stk-edece5f\" data-block-id=\"edece5f\"><style>.stk-edece5f .stk-button{background:#477081 !important}<\/style><a class=\"stk-link stk-button stk--hover-effect-darken\" href=\"https:\/\/staging.campotencia.casticino.ch\/wp-content\/uploads\/2024\/06\/C.-Pizzo-Campolungo-2714-m.pdf\" target=\"_blank\" rel=\"noreferrer noopener\"><span class=\"stk-button__inner-text\">DETTAGLI<\/span><\/a><\/div>\n<\/div><\/div>\n<\/div><\/div><\/div>\n\n\n\n<div class=\"wp-block-stackable-column stk-block-column stk-column stk-block stk-41dc6cc\" data-v=\"4\" data-block-id=\"41dc6cc\"><div class=\"stk-column-wrapper stk-block-column__content stk-container stk-41dc6cc-container stk-hover-parent\"><div class=\"stk-block-content stk-inner-blocks stk-41dc6cc-inner-blocks\">\n<div class=\"wp-block-stackable-image stk-block-image stk-block stk-74678bd\" data-block-id=\"74678bd\"><style>.stk-74678bd .stk-img-wrapper{width:100% !important;height:300px !important}<\/style><figure><span class=\"stk-img-wrapper stk-image--shape-stretch\"><img loading=\"lazy\" decoding=\"async\" class=\"stk-img wp-image-530\" src=\"https:\/\/staging.campotencia.casticino.ch\/wp-content\/uploads\/2024\/06\/A_foto-scaled.jpg\" width=\"2560\" height=\"1718\" srcset=\"https:\/\/campotencia.casticino.ch\/wp-content\/uploads\/2024\/06\/A_foto-scaled.jpg 2560w, https:\/\/campotencia.casticino.ch\/wp-content\/uploads\/2024\/06\/A_foto-300x201.jpg 300w, https:\/\/campotencia.casticino.ch\/wp-content\/uploads\/2024\/06\/A_foto-1024x687.jpg 1024w, https:\/\/campotencia.casticino.ch\/wp-content\/uploads\/2024\/06\/A_foto-768x516.jpg 768w, https:\/\/campotencia.casticino.ch\/wp-content\/uploads\/2024\/06\/A_foto-1536x1031.jpg 1536w, https:\/\/campotencia.casticino.ch\/wp-content\/uploads\/2024\/06\/A_foto-2048x1375.jpg 2048w\" sizes=\"auto, (max-width: 2560px) 100vw, 2560px\" \/><\/span><\/figure><\/div>\n\n\n\n<div class=\"wp-block-stackable-heading stk-block-heading stk-block-heading--v2 stk-block stk-eaad1c4\" id=\"giro-del-campolungo\" data-block-id=\"eaad1c4\"><h3 class=\"stk-block-heading__text\">Giro del Campolungo<\/h3><\/div>\n\n\n\n<div class=\"wp-block-stackable-text stk-block-text stk-block stk-74185ff\" data-block-id=\"74185ff\"><p class=\"stk-block-text__text has-text-align-left\">Un&#8217;escursione selvaggia e particolare che offre un collegamento alternativo fra capanna Leit e Campo Tencia passando dal versante valmaggese.<\/p><\/div>\n\n\n\n<div class=\"wp-block-stackable-text stk-block-text stk-block stk-92cadf8\" data-block-id=\"92cadf8\"><style>.stk-92cadf8{margin-bottom:28px !important}<\/style><p class=\"stk-block-text__text has-text-align-left\"><strong>Lunghezza<\/strong>: 8 km<br><strong>Dislivello<\/strong>: 1268 \/ 1166 metri<br><strong>Tempistica<\/strong>: 6 ore Capanna\/Capanna o 7\/8 ore per il giro completo<br><strong>Difficolt\u00e0<\/strong>: T4\/T5 in parte attrezzato con cavi<br><strong>Da vedere<\/strong>: Lago Morghirolo, Corte di Zaria, Laghetti Cantun dal Prevat, Piz del Pr\u00e9vat<br><strong>Periodo consigliato<\/strong>: da luglio a fine settembre<br><span style=\"color: #000000;\" class=\"stk-highlight\"><strong>Attenzione<\/strong>: terreno in parte impervio e selvaggio, cattiva<\/span><br>ricezione telefonica, ad inizio estate neve sui ripidi versanti ombreggiati!<br><strong>Materiale:<\/strong> buoni scarponi, casco ed eventualmente set da ferrata consigliati.<\/p><\/div>\n\n\n\n<div class=\"wp-block-stackable-button-group stk-block-button-group stk-block stk-5f84efd\" data-block-id=\"5f84efd\"><div class=\"stk-row stk-inner-blocks stk-block-content stk-button-group\">\n<div class=\"wp-block-stackable-button stk-block-button stk-block stk-c0e08d0\" data-block-id=\"c0e08d0\"><style>.stk-c0e08d0 .stk-button{background:#477081 !important}<\/style><a class=\"stk-link stk-button stk--hover-effect-darken\" href=\"https:\/\/staging.campotencia.casticino.ch\/wp-content\/uploads\/2024\/06\/A.-Giro-del-Campolungo.pdf\" target=\"_blank\" rel=\"noreferrer noopener\"><span class=\"stk-button__inner-text\">DETTAGLI<\/span><\/a><\/div>\n<\/div><\/div>\n<\/div><\/div><\/div>\n<\/div><\/div>\n","protected":false},"excerpt":{"rendered":"<p>Escursionismo alpino Le difficolt\u00e0 dell\u2019escursionismo e dell\u2019escursionismo alpino sono suddivise in sei gradi secondo la scala T: da T1 (escursione) a T6 (escursione alpina difficile). Nella zona del campo tencia vi sono parecchie possibilit\u00e0 per praticarlo, l&#8217;ascensione del Pizzo Campo Tencia. del pizzo Forno o del Campolungo. Il percorso \u00e8 solo in parte segnalato, per [&hellip;]<\/p>\n","protected":false},"author":2,"featured_media":0,"parent":0,"menu_order":0,"comment_status":"closed","ping_status":"closed","template":"","meta":{"pgc_sgb_lightbox_settings":"","footnotes":""},"class_list":["post-883","page","type-page","status-publish","hentry"],"aioseo_notices":[],"_links":{"self":[{"href":"https:\/\/campotencia.casticino.ch\/index.php?rest_route=\/wp\/v2\/pages\/883","targetHints":{"allow":["GET"]}}],"collection":[{"href":"https:\/\/campotencia.casticino.ch\/index.php?rest_route=\/wp\/v2\/pages"}],"about":[{"href":"https:\/\/campotencia.casticino.ch\/index.php?rest_route=\/wp\/v2\/types\/page"}],"author":[{"embeddable":true,"href":"https:\/\/campotencia.casticino.ch\/index.php?rest_route=\/wp\/v2\/users\/2"}],"replies":[{"embeddable":true,"href":"https:\/\/campotencia.casticino.ch\/index.php?rest_route=%2Fwp%2Fv2%2Fcomments&post=883"}],"version-history":[{"count":21,"href":"https:\/\/campotencia.casticino.ch\/index.php?rest_route=\/wp\/v2\/pages\/883\/revisions"}],"predecessor-version":[{"id":1057,"href":"https:\/\/campotencia.casticino.ch\/index.php?rest_route=\/wp\/v2\/pages\/883\/revisions\/1057"}],"wp:attachment":[{"href":"https:\/\/campotencia.casticino.ch\/index.php?rest_route=%2Fwp%2Fv2%2Fmedia&parent=883"}],"curies":[{"name":"wp","href":"https:\/\/api.w.org\/{rel}","templated":true}]}}