{"id":45,"date":"2023-11-17T11:45:43","date_gmt":"2023-11-17T11:45:43","guid":{"rendered":"https:\/\/staging.campotencia.casticino.ch\/?page_id=45"},"modified":"2025-06-10T07:46:11","modified_gmt":"2025-06-10T07:46:11","slug":"home-2","status":"publish","type":"page","link":"https:\/\/campotencia.casticino.ch\/?page_id=45&lang=de","title":{"rendered":"HOME"},"content":{"rendered":"\n<p class=\"has-large-font-size\"><strong>Die erste H\u00fctte der Tessiner Berge<\/strong><\/p>\n\n\n\n<div style=\"height:6px\" aria-hidden=\"true\" class=\"wp-block-spacer\"><\/div>\n\n\n\n<blockquote class=\"wp-block-stackable-blockquote stk-block-blockquote stk-block stk-d5da752 is-style-default\" data-v=\"2\" data-block-id=\"d5da752\"><div class=\"has-text-align-left stk-block-blockquote__content stk-container stk-d5da752-container stk-hover-parent\"><div class=\"stk-block-content stk-inner-blocks\">\n<div class=\"wp-block-stackable-icon stk-block-icon stk-block stk-93f0ac5\" data-block-id=\"93f0ac5\"><span class=\"stk--svg-wrapper\"><div class=\"stk--inner-svg\"><svg style=\"height:0;width:0\"><defs><linearGradient id=\"linear-gradient-93f0ac5\" x1=\"0\" x2=\"100%\" y1=\"0\" y2=\"0\"><stop offset=\"0%\" style=\"stop-opacity:1;stop-color:var(--linear-gradient-93-f-0-ac-5-color-1)\"><\/stop><stop offset=\"100%\" style=\"stop-opacity:1;stop-color:var(--linear-gradient-93-f-0-ac-5-color-2)\"><\/stop><\/linearGradient><\/defs><\/svg><svg xmlns=\"http:\/\/www.w3.org\/2000\/svg\" viewBox=\"0 0 50 50\" aria-hidden=\"true\" width=\"32\" height=\"32\"><path d=\"M19.8 9.3C10.5 11.8 4.6 17 2.1 24.8c2.3-3.6 5.6-5.4 9.9-5.4 3.3 0 6 1.1 8.3 3.3 2.2 2.2 3.4 5 3.4 8.3 0 3.2-1.1 5.8-3.3 8-2.2 2.2-5.1 3.2-8.7 3.2-3.7 0-6.5-1.2-8.6-3.5C1 36.3 0 33.1 0 29 0 18.3 6.5 11.2 19.6 7.9l.2 1.4zm26.4 0C36.9 11.9 31 17 28.5 24.8c2.2-3.6 5.5-5.4 9.8-5.4 3.2 0 6 1.1 8.3 3.2 2.3 2.2 3.4 4.9 3.4 8.3 0 3.1-1.1 5.8-3.3 7.9-2.2 2.2-5.1 3.3-8.6 3.3-3.7 0-6.6-1.1-8.6-3.4-2.1-2.3-3.1-5.5-3.1-9.7 0-10.7 6.6-17.8 19.7-21.1l.1 1.4z\"><\/path><\/svg><\/div><\/span><\/div>\n\n\n\n<div class=\"wp-block-stackable-text stk-block-text stk-block stk-548037c\" data-block-id=\"548037c\"><p class=\"stk-block-text__text\"><strong><span style=\"color: #f90404;\" class=\"stk-highlight\">Die Sommersaison 2025 ist gestartet!<\/span><br><\/strong><br>Die H\u00fctte ist bis ca. Mitte Oktober durchgehend offen und bewartet.<br>Reservieren Sie bitte Ihren Aufenthalt \u00fcber den <a href=\"https:\/\/www.hut-reservation.org\/reservation\/book-hut\/36\/wizard\" title=\"\">Reservationsportal<\/a>.<br>F\u00fcr weitere Informationen rufen Sie uns gerne an.<br>Bis bald, Valeria und Paco<\/p><\/div>\n<\/div><\/div><\/blockquote>\n\n\n\n<div class=\"wp-block-stackable-columns stk-block-columns stk-block stk-a246558\" data-block-id=\"a246558\"><div class=\"stk-row stk-inner-blocks stk-block-content stk-content-align stk-a246558-column\">\n<div class=\"wp-block-stackable-column stk-block-column stk-column stk-block stk-519f0fc\" data-v=\"4\" data-block-id=\"519f0fc\"><div class=\"stk-column-wrapper stk-block-column__content stk-container stk-519f0fc-container stk--no-background stk--no-padding\"><div class=\"stk-block-content stk-inner-blocks stk-519f0fc-inner-blocks\">\n<p>Die <strong>Campo-Tencia-H\u00fctte&nbsp;<\/strong>ist die erste Bergh\u00fctte der Tessiner Alpen und Eigentum der SAC-Sektion Tessin. Sie wurde 1912 am Fusse des gleichnamigen Gipfels erbaut.<br>Die H\u00fctte befindet sich auf einer Bergterrasse namens \u201ePoggio del Gi\u00fcbin\u201c auf 2140 m. Diese Lage erm\u00f6glicht eine weitreichende Aussicht: unter anderem kann man im Norden den Piz Scopi und im S\u00fcden den Adula-Gletscher (Rheinwaldhorn) sehen.<br>Die Campo-Tencia-H\u00fctte ist ein interessanter Ausgangspunkt f\u00fcr genussreiche Wanderungen. Der nahegelegene Morghirolo-See, Kletterg\u00e4rten und idealer Ausgangspunkt f\u00fcr die Hauptanstiege zur fantastischen Gruppe Campo Tencia (siehe Corni-Grat)<\/p>\n\n\n\n<p>Zudem begr\u00fcsst man Sie in der ersten H\u00fctte der Tessiner Berge immer mit einem L\u00e4cheln.<\/p>\n<\/div><\/div><\/div>\n\n\n\n<div class=\"wp-block-stackable-column stk-block-column stk-column stk-block stk-1457820\" data-v=\"4\" data-block-id=\"1457820\"><div class=\"stk-column-wrapper stk-block-column__content stk-container stk-1457820-container stk--no-background stk--no-padding\"><div class=\"stk-block-content stk-inner-blocks stk-1457820-inner-blocks\">\n<div class=\"efbl_feed_wraper efbl_skin_618\" >\n\n\t\n\t<div class=\"efbl_feeds_holder efbl_feeds_halfwidth  \t\"  \t\t\tdata-template=\"halfwidth\">\n\t\t\n<div class=\"efbl-halfwidth-skin added_photos efbl-story-wrapper\">\n\t<div class=\"efbl-thumbnail-wrapper\">\n\t\t<div class=\"efbl-row efbl-content-wrapper\">\n\n\t\t\t\n\n\t\t\t\t<div class=\"efbl-thumbnail-col efbl-col-sm-6\">\n\n\t\t\t\t\t\n\t\t\t\t\t\t<a href=\"https:\/\/campotencia.casticino.ch\/wp-admin\/admin-ajax.php?action=efbl_generate_popup_html\" data-imagelink=https:\/\/campotencia.casticino.ch\/wp-content\/uploads\/esf-facebook\/315345658328832_122202321422328723.jpg\t\t\t\t\t\t\tdata-storylink=\"https:\/\/www.facebook.com\/315345658328832_122202321422328723\"\n\t\t\t\t\t\t\tdata-linktext=\"Read full story\"\n\t\t\t\t\t\t\tdata-caption=\"\ud83c\udfd4\ufe0f Anche la stagione estiva 2025 \u00e8 ufficialmente giunta al termine! Il locale invernale resta\"\n\t\t\t\t\t\t\tdata-itemnumber=\"1\"\n\t\t\t\t\t\t\tclass=\"efbl_feed_popup  efbl-cff-item_number-1\">\n\t\t\t\t\t\t\t<img decoding=\"async\" src=\"https:\/\/campotencia.casticino.ch\/wp-content\/uploads\/esf-facebook\/315345658328832_122202321422328723.jpg\"\n\t\t\t\t\t\t\t\tclass=\"img-responsive \"\n\t\t\t\t\t\t\t\t\t\t\t\t\t\t\t\talt=\"Capanna Campo Tencia CAS\"\/>\n\t\t\t\t\t\t\t<div class=\"efbl-overlay\">\n\n\n\t\t\t\t\t\t\t\t\n\t\t\t\t\t\t\t\t\t<i class=\"icon icon-esf-plus efbl-plus\"\n\t\t\t\t\t\t\t\t\t\taria-hidden=\"true\"><\/i>\n\n\t\t\t\t\t\t\t\t\t\t\t\t\t\t\t\t\t\t\t\t\t\t\t\t\t<i class=\"icon icon-esf-clone efbl_multimedia\"\n\t\t\t\t\t\t\t\t\t\taria-hidden=\"true\"><\/i>\n\t\t\t\t\t\t\t\t\t\t\t\t\t\t\t<\/div>\n\t\t\t\t\t\t<\/a>\n\n\t\t\t\t\t\n\n\t\t\t\t<\/div>\n\n\t\t\t\t<div class=\"efbl-feed-content efbl-col-sm-6 \">\n\n\t\t\t\t\t\n\t\t\t\t\t\t<div class=\"efbl-d-flex\">\n\n\t\t\t\t\t\t\t\n\t\t\t\t\t\t\t\t<div class=\"efbl-profile-image\">\n\t\t\t\t\t\t\t\t\t<a href=\"https:\/\/facebook.com\/315345658328832\"\n\t\t\t\t\t\t\t\t\t\ttitle=\"\"\n\t\t\t\t\t\t\t\t\t\trel=\"nofollow\"\n\t\t\t\t\t\t\t\t\t\ttarget=\"_blank\">\n\t\t\t\t\t\t\t\t\t\t<img alt=\"\"\n\t\t\t\t\t\t\t\t\t\t\tsrc=\"https:\/\/scontent.flug2-1.fna.fbcdn.net\/v\/t39.30808-1\/515496596_122188302908328723_7687395083943899992_n.jpg?stp=dst-jpg_s200x200_tt6&#038;_nc_cat=103&#038;ccb=1-7&#038;_nc_sid=f907e8&#038;_nc_ohc=15KMDqpcbFkQ7kNvwHdrxZW&#038;_nc_oc=Adr1BEyNwPguM_h9POu-PVVCvSWR3qNfKZcDRAGiAqP3q8z0JCe9q4_2cIjHVNxBqfs&#038;_nc_zt=24&#038;_nc_ht=scontent.flug2-1.fna&#038;edm=AOf6bZoEAAAA&#038;_nc_gid=hHeR8PRYxzuIO1hJm_NDSQ&#038;_nc_tpa=Q5bMBQFGd3D8mtE54Oj0hE4AXYQxRREAN3m4ZG1OgwW5VWKZXBvWw7caMZ0x5nDnoqNvHdrFtvsI1K8f&#038;oh=00_Af7-fHVmJZDJmDypXqhOPALaTxb9HmSvsndQ1gK9cUyYDQ&#038;oe=69FA72DE\"\/><\/a>\n\t\t\t\t\t\t\t\t<\/div>\n\n\t\t\t\t\t\t\t\n\t\t\t\t\t\t\t<div class=\"efbl-profile-title\">\n\t\t\t\t\t\t\t\t<div class=\"efbl-profile-title-wrap \">\n\t\t\t\t\t\t\t\t\t<h2>Capanna Campo Tencia CAS\t\t\t\t\t\t\t\t\t\t\t\t\t\t\t\t\t\t\t\t<span class=\"efbl-profile-story-text\"> <\/span>\n\t\t\t\t\t\t\t\t\t<\/h2>\n\t\t\t\t\t\t\t\t<\/div>\n\t\t\t\t\t\t\t\t<span>6 months 2 weeks ago<\/span>\n\t\t\t\t\t\t\t<\/div>\n\t\t\t\t\t\t<\/div>\n\n\t\t\t\t\t\n\n\t\t\t\t\t\n\n\t\t\t\t\t\n\t\t\t\t\t\t\t\t\t\t\t\t\t<p class=\"description\">\n\t\t\t\t\t\t\t\t<span class=\"efbl-description-wrap\">\ud83c\udfd4\ufe0f Anche la stagione estiva 2025 \u00e8 ufficialmente giunta al termine! Il locale invernale resta<\/span>\n\n\n\t\t\t\t\t\t\t\t\n\n\t\t\t\t\t\t\t<\/p>\n\n\t\t\t\t\t\t\n\t\t\t\t\t\n\t\t\t\t\t\n\t\t\t\t<\/div>\n\t\t\t\t\t\t<\/div>\n\n\t\t\t<div class=\"efbl-post-footer\">\n\n\n\t\t<div class=\"efbl-d-flex efbl-justify-content-between\">\n\t\t\t\t\t\t\t<div class=\"efbl-reacted efbl-d-flex efbl-align-items-center\">\n\n\t\t\t\t\t\n\t\t\t\t\t\t\n\t\t\t\t\t\t\t<div class=\"efbl-reacted-item emotis \" >\n\n\t\t\t\t\t\t\t\t\t\t\t\t\t\t\t\t\t<i class=\"icon icon-esf-thumbs-o-up\"><\/i>\n\t\t\t\t\t\t\t\t\n\t\t\t\t\t\t\t\t\t\t\t\t\t\t\t\t12\t\t\t\t\t\t\t<\/div>\n\t\t\t\t\t\t\t\n\n\n\t\t\t\t\t\n\t\t\t\t\t\t\t\n\n\t\t\t\t<\/div>\n\t\t\t\n\n\n\t\t\t<div class=\"efbl-view-share efbl-d-flex efbl-justify-content-between efbl-align-items-center efbl-mb-1 efbl-mt-1\">\n\n\t\t\t\t\n\t\t\t\t\t<a href=\"https:\/\/www.facebook.com\/315345658328832_122202321422328723\"\n\t\t\t\t\t   target=\"_blank\"\n\t\t\t\t\t   rel=\"nofollow\"\n\t\t\t\t\t   class=\"efbl-view-on-fb no-anchor-style link efbl-mr-1\">View on Facebook<\/a>\n\n\t\t\t\t\n\t\t\t\t\n\t\t\t\t\t<div class=\"esf-share-wrapper\">\n\t\t\t\t\t\t<a href=\"#\" class=\"no-anchor-style link esf-share\">Share<\/a>\n\t\t\t\t\t\t<div class=\"esf-social-share\">\n\t\t\t\t\t\t\t<button>\n\t\t\t\t\t\t\t\t<a class=\"efbl_facebook\"\n\t\t\t\t\t\t\t\t   href=\"https:\/\/www.facebook.com\/sharer\/sharer.php?u=https:\/\/www.facebook.com\/315345658328832_122202321422328723\"\n\t\t\t\t\t\t\t\t   rel=\"nofollow\"\n\t\t\t\t\t\t\t\t   target=\"_blank\">\n\t\t\t\t\t\t\t\t\t<i class=\"icon icon-esf-facebook\"><\/i>\n\t\t\t\t\t\t\t\t<\/a>\n\t\t\t\t\t\t\t<\/button>\n\n\t\t\t\t\t\t\t<button>\n\t\t\t\t\t\t\t\t<a class=\"efbl_twitter\"\n\t\t\t\t\t\t\t\t   href=\"https:\/\/twitter.com\/intent\/tweet?text=https:\/\/www.facebook.com\/315345658328832_122202321422328723\"\n\t\t\t\t\t\t\t\t   rel=\"nofollow\"\n\t\t\t\t\t\t\t\t   target=\"_blank\">\n\t\t\t\t\t\t\t\t\t<i class=\"icon icon-esf-twitter\"><\/i>\n\t\t\t\t\t\t\t\t<\/a>\n\t\t\t\t\t\t\t<\/button>\n\n\t\t\t\t\t\t\t<button>\n\t\t\t\t\t\t\t\t<a class=\"efbl_linked_in\"\n\t\t\t\t\t\t\t\t   href=\"https:\/\/www.linkedin.com\/shareArticle?mini=true&url=https:\/\/www.facebook.com\/315345658328832_122202321422328723\"\n\t\t\t\t\t\t\t\t   rel=\"nofollow\"\n\t\t\t\t\t\t\t\t   target=\"_blank\">\n\t\t\t\t\t\t\t\t\t<i class=\"icon icon-esf-linkedin\"><\/i>\n\t\t\t\t\t\t\t\t<\/a>\n\t\t\t\t\t\t\t<\/button>\n\t\t\t\t\t\t<\/div>\n\t\t\t\t\t<\/div>\n\t\t\t\t\n\t\t\t<\/div>\n\n\t\t<\/div>\n\n\n\t<\/div>\n\n\n\t<\/div>\n\n<\/div>\n\n\n<div class=\"efbl-halfwidth-skin added_photos efbl-story-wrapper\">\n\t<div class=\"efbl-thumbnail-wrapper\">\n\t\t<div class=\"efbl-row efbl-content-wrapper\">\n\n\t\t\t\n\n\t\t\t\t<div class=\"efbl-thumbnail-col efbl-col-sm-6\">\n\n\t\t\t\t\t\n\t\t\t\t\t\t<a href=\"https:\/\/campotencia.casticino.ch\/wp-admin\/admin-ajax.php?action=efbl_generate_popup_html\" data-imagelink=https:\/\/campotencia.casticino.ch\/wp-content\/uploads\/esf-facebook\/315345658328832_122188302902328723.jpg\t\t\t\t\t\t\tdata-storylink=\"https:\/\/www.facebook.com\/315345658328832_122188302902328723\"\n\t\t\t\t\t\t\tdata-linktext=\"Read full story\"\n\t\t\t\t\t\t\tdata-caption=\"\"\n\t\t\t\t\t\t\tdata-itemnumber=\"2\"\n\t\t\t\t\t\t\tclass=\"efbl_feed_popup  efbl-cff-item_number-2\">\n\t\t\t\t\t\t\t<img decoding=\"async\" src=\"https:\/\/campotencia.casticino.ch\/wp-content\/uploads\/esf-facebook\/315345658328832_122188302902328723.jpg\"\n\t\t\t\t\t\t\t\tclass=\"img-responsive \"\n\t\t\t\t\t\t\t\t\t\t\t\t\t\t\t\talt=\"Capanna Campo Tencia CAS\"\/>\n\t\t\t\t\t\t\t<div class=\"efbl-overlay\">\n\n\n\t\t\t\t\t\t\t\t\n\t\t\t\t\t\t\t\t\t<i class=\"icon icon-esf-plus efbl-plus\"\n\t\t\t\t\t\t\t\t\t\taria-hidden=\"true\"><\/i>\n\n\t\t\t\t\t\t\t\t\t\t\t\t\t\t\t\t\t\t\t\t\t\t\t<\/div>\n\t\t\t\t\t\t<\/a>\n\n\t\t\t\t\t\n\n\t\t\t\t<\/div>\n\n\t\t\t\t<div class=\"efbl-feed-content efbl-col-sm-6 \">\n\n\t\t\t\t\t\n\t\t\t\t\t\t<div class=\"efbl-d-flex\">\n\n\t\t\t\t\t\t\t\n\t\t\t\t\t\t\t\t<div class=\"efbl-profile-image\">\n\t\t\t\t\t\t\t\t\t<a href=\"https:\/\/facebook.com\/315345658328832\"\n\t\t\t\t\t\t\t\t\t\ttitle=\"\"\n\t\t\t\t\t\t\t\t\t\trel=\"nofollow\"\n\t\t\t\t\t\t\t\t\t\ttarget=\"_blank\">\n\t\t\t\t\t\t\t\t\t\t<img alt=\"\"\n\t\t\t\t\t\t\t\t\t\t\tsrc=\"https:\/\/scontent.flug2-1.fna.fbcdn.net\/v\/t39.30808-1\/515496596_122188302908328723_7687395083943899992_n.jpg?stp=dst-jpg_s200x200_tt6&#038;_nc_cat=103&#038;ccb=1-7&#038;_nc_sid=f907e8&#038;_nc_ohc=15KMDqpcbFkQ7kNvwHdrxZW&#038;_nc_oc=Adr1BEyNwPguM_h9POu-PVVCvSWR3qNfKZcDRAGiAqP3q8z0JCe9q4_2cIjHVNxBqfs&#038;_nc_zt=24&#038;_nc_ht=scontent.flug2-1.fna&#038;edm=AOf6bZoEAAAA&#038;_nc_gid=hHeR8PRYxzuIO1hJm_NDSQ&#038;_nc_tpa=Q5bMBQFGd3D8mtE54Oj0hE4AXYQxRREAN3m4ZG1OgwW5VWKZXBvWw7caMZ0x5nDnoqNvHdrFtvsI1K8f&#038;oh=00_Af7-fHVmJZDJmDypXqhOPALaTxb9HmSvsndQ1gK9cUyYDQ&#038;oe=69FA72DE\"\/><\/a>\n\t\t\t\t\t\t\t\t<\/div>\n\n\t\t\t\t\t\t\t\n\t\t\t\t\t\t\t<div class=\"efbl-profile-title\">\n\t\t\t\t\t\t\t\t<div class=\"efbl-profile-title-wrap \">\n\t\t\t\t\t\t\t\t\t<h2>Capanna Campo Tencia CAS\t\t\t\t\t\t\t\t\t\t\t\t\t\t\t\t\t\t\t\t<span class=\"efbl-profile-story-text\"> ha aggiornato la sua immagine del profilo. <\/span>\n\t\t\t\t\t\t\t\t\t<\/h2>\n\t\t\t\t\t\t\t\t<\/div>\n\t\t\t\t\t\t\t\t<span>9 months 4 weeks ago<\/span>\n\t\t\t\t\t\t\t<\/div>\n\t\t\t\t\t\t<\/div>\n\n\t\t\t\t\t\n\n\t\t\t\t\t\n\n\t\t\t\t\t\n\t\t\t\t\t\n\t\t\t\t<\/div>\n\t\t\t\t\t\t<\/div>\n\n\t\t\t<div class=\"efbl-post-footer\">\n\n\n\t\t<div class=\"efbl-d-flex efbl-justify-content-between\">\n\t\t\t\t\t\t\t<div class=\"efbl-reacted efbl-d-flex efbl-align-items-center\">\n\n\t\t\t\t\t\n\t\t\t\t\t\t\n\t\t\t\t\t\t\t<div class=\"efbl-reacted-item emotis \" >\n\n\t\t\t\t\t\t\t\t\t\t\t\t\t\t\t\t\t<i class=\"icon icon-esf-thumbs-o-up\"><\/i>\n\t\t\t\t\t\t\t\t\n\t\t\t\t\t\t\t\t\t\t\t\t\t\t\t\t13\t\t\t\t\t\t\t<\/div>\n\t\t\t\t\t\t\t\n\n\n\t\t\t\t\t\n\t\t\t\t\t\t\t\n\n\t\t\t\t<\/div>\n\t\t\t\n\n\n\t\t\t<div class=\"efbl-view-share efbl-d-flex efbl-justify-content-between efbl-align-items-center efbl-mb-1 efbl-mt-1\">\n\n\t\t\t\t\n\t\t\t\t\t<a href=\"https:\/\/www.facebook.com\/315345658328832_122188302902328723\"\n\t\t\t\t\t   target=\"_blank\"\n\t\t\t\t\t   rel=\"nofollow\"\n\t\t\t\t\t   class=\"efbl-view-on-fb no-anchor-style link efbl-mr-1\">View on Facebook<\/a>\n\n\t\t\t\t\n\t\t\t\t\n\t\t\t\t\t<div class=\"esf-share-wrapper\">\n\t\t\t\t\t\t<a href=\"#\" class=\"no-anchor-style link esf-share\">Share<\/a>\n\t\t\t\t\t\t<div class=\"esf-social-share\">\n\t\t\t\t\t\t\t<button>\n\t\t\t\t\t\t\t\t<a class=\"efbl_facebook\"\n\t\t\t\t\t\t\t\t   href=\"https:\/\/www.facebook.com\/sharer\/sharer.php?u=https:\/\/www.facebook.com\/315345658328832_122188302902328723\"\n\t\t\t\t\t\t\t\t   rel=\"nofollow\"\n\t\t\t\t\t\t\t\t   target=\"_blank\">\n\t\t\t\t\t\t\t\t\t<i class=\"icon icon-esf-facebook\"><\/i>\n\t\t\t\t\t\t\t\t<\/a>\n\t\t\t\t\t\t\t<\/button>\n\n\t\t\t\t\t\t\t<button>\n\t\t\t\t\t\t\t\t<a class=\"efbl_twitter\"\n\t\t\t\t\t\t\t\t   href=\"https:\/\/twitter.com\/intent\/tweet?text=https:\/\/www.facebook.com\/315345658328832_122188302902328723\"\n\t\t\t\t\t\t\t\t   rel=\"nofollow\"\n\t\t\t\t\t\t\t\t   target=\"_blank\">\n\t\t\t\t\t\t\t\t\t<i class=\"icon icon-esf-twitter\"><\/i>\n\t\t\t\t\t\t\t\t<\/a>\n\t\t\t\t\t\t\t<\/button>\n\n\t\t\t\t\t\t\t<button>\n\t\t\t\t\t\t\t\t<a class=\"efbl_linked_in\"\n\t\t\t\t\t\t\t\t   href=\"https:\/\/www.linkedin.com\/shareArticle?mini=true&url=https:\/\/www.facebook.com\/315345658328832_122188302902328723\"\n\t\t\t\t\t\t\t\t   rel=\"nofollow\"\n\t\t\t\t\t\t\t\t   target=\"_blank\">\n\t\t\t\t\t\t\t\t\t<i class=\"icon icon-esf-linkedin\"><\/i>\n\t\t\t\t\t\t\t\t<\/a>\n\t\t\t\t\t\t\t<\/button>\n\t\t\t\t\t\t<\/div>\n\t\t\t\t\t<\/div>\n\t\t\t\t\n\t\t\t<\/div>\n\n\t\t<\/div>\n\n\n\t<\/div>\n\n\n\t<\/div>\n\n<\/div>\n\n\n<div class=\"efbl-halfwidth-skin added_photos efbl-story-wrapper\">\n\t<div class=\"efbl-thumbnail-wrapper\">\n\t\t<div class=\"efbl-row efbl-content-wrapper\">\n\n\t\t\t\n\n\t\t\t\t<div class=\"efbl-thumbnail-col efbl-col-sm-6\">\n\n\t\t\t\t\t\n\t\t\t\t\t\t<a href=\"https:\/\/campotencia.casticino.ch\/wp-admin\/admin-ajax.php?action=efbl_generate_popup_html\" data-imagelink=https:\/\/campotencia.casticino.ch\/wp-content\/uploads\/esf-facebook\/315345658328832_122187618182328723.jpg\t\t\t\t\t\t\tdata-storylink=\"https:\/\/www.facebook.com\/315345658328832_122187618182328723\"\n\t\t\t\t\t\t\tdata-linktext=\"Read full story\"\n\t\t\t\t\t\t\tdata-caption=\"\ud83d\udccdIl Pizzo Crozlina 3009 M \u00e8 ora agibile! \ud83c\udfd4\ufe0f Pur essendo nell&#039;ombra del pi\u00f9 celebre\"\n\t\t\t\t\t\t\tdata-itemnumber=\"3\"\n\t\t\t\t\t\t\tclass=\"efbl_feed_popup  efbl-cff-item_number-3\">\n\t\t\t\t\t\t\t<img decoding=\"async\" src=\"https:\/\/campotencia.casticino.ch\/wp-content\/uploads\/esf-facebook\/315345658328832_122187618182328723.jpg\"\n\t\t\t\t\t\t\t\tclass=\"img-responsive \"\n\t\t\t\t\t\t\t\t\t\t\t\t\t\t\t\talt=\"Capanna Campo Tencia CAS\"\/>\n\t\t\t\t\t\t\t<div class=\"efbl-overlay\">\n\n\n\t\t\t\t\t\t\t\t\n\t\t\t\t\t\t\t\t\t<i class=\"icon icon-esf-plus efbl-plus\"\n\t\t\t\t\t\t\t\t\t\taria-hidden=\"true\"><\/i>\n\n\t\t\t\t\t\t\t\t\t\t\t\t\t\t\t\t\t\t\t\t\t\t\t\t\t<i class=\"icon icon-esf-clone efbl_multimedia\"\n\t\t\t\t\t\t\t\t\t\taria-hidden=\"true\"><\/i>\n\t\t\t\t\t\t\t\t\t\t\t\t\t\t\t<\/div>\n\t\t\t\t\t\t<\/a>\n\n\t\t\t\t\t\n\n\t\t\t\t<\/div>\n\n\t\t\t\t<div class=\"efbl-feed-content efbl-col-sm-6 \">\n\n\t\t\t\t\t\n\t\t\t\t\t\t<div class=\"efbl-d-flex\">\n\n\t\t\t\t\t\t\t\n\t\t\t\t\t\t\t\t<div class=\"efbl-profile-image\">\n\t\t\t\t\t\t\t\t\t<a href=\"https:\/\/facebook.com\/315345658328832\"\n\t\t\t\t\t\t\t\t\t\ttitle=\"\"\n\t\t\t\t\t\t\t\t\t\trel=\"nofollow\"\n\t\t\t\t\t\t\t\t\t\ttarget=\"_blank\">\n\t\t\t\t\t\t\t\t\t\t<img alt=\"\"\n\t\t\t\t\t\t\t\t\t\t\tsrc=\"https:\/\/scontent.flug2-1.fna.fbcdn.net\/v\/t39.30808-1\/515496596_122188302908328723_7687395083943899992_n.jpg?stp=dst-jpg_s200x200_tt6&#038;_nc_cat=103&#038;ccb=1-7&#038;_nc_sid=f907e8&#038;_nc_ohc=15KMDqpcbFkQ7kNvwHdrxZW&#038;_nc_oc=Adr1BEyNwPguM_h9POu-PVVCvSWR3qNfKZcDRAGiAqP3q8z0JCe9q4_2cIjHVNxBqfs&#038;_nc_zt=24&#038;_nc_ht=scontent.flug2-1.fna&#038;edm=AOf6bZoEAAAA&#038;_nc_gid=hHeR8PRYxzuIO1hJm_NDSQ&#038;_nc_tpa=Q5bMBQFGd3D8mtE54Oj0hE4AXYQxRREAN3m4ZG1OgwW5VWKZXBvWw7caMZ0x5nDnoqNvHdrFtvsI1K8f&#038;oh=00_Af7-fHVmJZDJmDypXqhOPALaTxb9HmSvsndQ1gK9cUyYDQ&#038;oe=69FA72DE\"\/><\/a>\n\t\t\t\t\t\t\t\t<\/div>\n\n\t\t\t\t\t\t\t\n\t\t\t\t\t\t\t<div class=\"efbl-profile-title\">\n\t\t\t\t\t\t\t\t<div class=\"efbl-profile-title-wrap \">\n\t\t\t\t\t\t\t\t\t<h2>Capanna Campo Tencia CAS\t\t\t\t\t\t\t\t\t\t\t\t\t\t\t\t\t\t\t\t<span class=\"efbl-profile-story-text\"> <\/span>\n\t\t\t\t\t\t\t\t\t<\/h2>\n\t\t\t\t\t\t\t\t<\/div>\n\t\t\t\t\t\t\t\t<span>10 months 5 days ago<\/span>\n\t\t\t\t\t\t\t<\/div>\n\t\t\t\t\t\t<\/div>\n\n\t\t\t\t\t\n\n\t\t\t\t\t\n\n\t\t\t\t\t\n\t\t\t\t\t\t\t\t\t\t\t\t\t<p class=\"description\">\n\t\t\t\t\t\t\t\t<span class=\"efbl-description-wrap\">\ud83d\udccdIl Pizzo Crozlina 3009 M \u00e8 ora agibile! \ud83c\udfd4\ufe0f Pur essendo nell&#039;ombra del pi\u00f9 celebre<\/span>\n\n\n\t\t\t\t\t\t\t\t\n\n\t\t\t\t\t\t\t<\/p>\n\n\t\t\t\t\t\t\n\t\t\t\t\t\n\t\t\t\t\t\n\t\t\t\t<\/div>\n\t\t\t\t\t\t<\/div>\n\n\t\t\t<div class=\"efbl-post-footer\">\n\n\n\t\t<div class=\"efbl-d-flex efbl-justify-content-between\">\n\t\t\t\t\t\t\t<div class=\"efbl-reacted efbl-d-flex efbl-align-items-center\">\n\n\t\t\t\t\t\n\t\t\t\t\t\t\n\t\t\t\t\t\t\t<div class=\"efbl-reacted-item emotis \" >\n\n\t\t\t\t\t\t\t\t\t\t\t\t\t\t\t\t\t<i class=\"icon icon-esf-thumbs-o-up\"><\/i>\n\t\t\t\t\t\t\t\t\n\t\t\t\t\t\t\t\t\t\t\t\t\t\t\t\t6\t\t\t\t\t\t\t<\/div>\n\t\t\t\t\t\t\t\n\n\n\t\t\t\t\t\n\t\t\t\t\t\t\t\n\n\t\t\t\t<\/div>\n\t\t\t\n\n\n\t\t\t<div class=\"efbl-view-share efbl-d-flex efbl-justify-content-between efbl-align-items-center efbl-mb-1 efbl-mt-1\">\n\n\t\t\t\t\n\t\t\t\t\t<a href=\"https:\/\/www.facebook.com\/315345658328832_122187618182328723\"\n\t\t\t\t\t   target=\"_blank\"\n\t\t\t\t\t   rel=\"nofollow\"\n\t\t\t\t\t   class=\"efbl-view-on-fb no-anchor-style link efbl-mr-1\">View on Facebook<\/a>\n\n\t\t\t\t\n\t\t\t\t\n\t\t\t\t\t<div class=\"esf-share-wrapper\">\n\t\t\t\t\t\t<a href=\"#\" class=\"no-anchor-style link esf-share\">Share<\/a>\n\t\t\t\t\t\t<div class=\"esf-social-share\">\n\t\t\t\t\t\t\t<button>\n\t\t\t\t\t\t\t\t<a class=\"efbl_facebook\"\n\t\t\t\t\t\t\t\t   href=\"https:\/\/www.facebook.com\/sharer\/sharer.php?u=https:\/\/www.facebook.com\/315345658328832_122187618182328723\"\n\t\t\t\t\t\t\t\t   rel=\"nofollow\"\n\t\t\t\t\t\t\t\t   target=\"_blank\">\n\t\t\t\t\t\t\t\t\t<i class=\"icon icon-esf-facebook\"><\/i>\n\t\t\t\t\t\t\t\t<\/a>\n\t\t\t\t\t\t\t<\/button>\n\n\t\t\t\t\t\t\t<button>\n\t\t\t\t\t\t\t\t<a class=\"efbl_twitter\"\n\t\t\t\t\t\t\t\t   href=\"https:\/\/twitter.com\/intent\/tweet?text=https:\/\/www.facebook.com\/315345658328832_122187618182328723\"\n\t\t\t\t\t\t\t\t   rel=\"nofollow\"\n\t\t\t\t\t\t\t\t   target=\"_blank\">\n\t\t\t\t\t\t\t\t\t<i class=\"icon icon-esf-twitter\"><\/i>\n\t\t\t\t\t\t\t\t<\/a>\n\t\t\t\t\t\t\t<\/button>\n\n\t\t\t\t\t\t\t<button>\n\t\t\t\t\t\t\t\t<a class=\"efbl_linked_in\"\n\t\t\t\t\t\t\t\t   href=\"https:\/\/www.linkedin.com\/shareArticle?mini=true&url=https:\/\/www.facebook.com\/315345658328832_122187618182328723\"\n\t\t\t\t\t\t\t\t   rel=\"nofollow\"\n\t\t\t\t\t\t\t\t   target=\"_blank\">\n\t\t\t\t\t\t\t\t\t<i class=\"icon icon-esf-linkedin\"><\/i>\n\t\t\t\t\t\t\t\t<\/a>\n\t\t\t\t\t\t\t<\/button>\n\t\t\t\t\t\t<\/div>\n\t\t\t\t\t<\/div>\n\t\t\t\t\n\t\t\t<\/div>\n\n\t\t<\/div>\n\n\n\t<\/div>\n\n\n\t<\/div>\n\n<\/div>\n\n\t\t\t<\/div>\n\t\t\t\n\t\t<\/div>\n\n<\/div><\/div><\/div>\n<\/div><\/div>\n","protected":false},"excerpt":{"rendered":"<p>Die erste H\u00fctte der Tessiner Berge Die Sommersaison 2025 ist gestartet!Die H\u00fctte ist bis ca. Mitte Oktober durchgehend offen und bewartet.Reservieren Sie bitte Ihren Aufenthalt \u00fcber den Reservationsportal.F\u00fcr weitere Informationen rufen Sie uns gerne an.Bis bald, Valeria und Paco Die Campo-Tencia-H\u00fctte&nbsp;ist die erste Bergh\u00fctte der Tessiner Alpen und Eigentum der SAC-Sektion Tessin. Sie wurde 1912 [&hellip;]<\/p>\n","protected":false},"author":2,"featured_media":0,"parent":0,"menu_order":0,"comment_status":"closed","ping_status":"closed","template":"","meta":{"pgc_sgb_lightbox_settings":"","footnotes":""},"class_list":["post-45","page","type-page","status-publish","hentry"],"aioseo_notices":[],"_links":{"self":[{"href":"https:\/\/campotencia.casticino.ch\/index.php?rest_route=\/wp\/v2\/pages\/45","targetHints":{"allow":["GET"]}}],"collection":[{"href":"https:\/\/campotencia.casticino.ch\/index.php?rest_route=\/wp\/v2\/pages"}],"about":[{"href":"https:\/\/campotencia.casticino.ch\/index.php?rest_route=\/wp\/v2\/types\/page"}],"author":[{"embeddable":true,"href":"https:\/\/campotencia.casticino.ch\/index.php?rest_route=\/wp\/v2\/users\/2"}],"replies":[{"embeddable":true,"href":"https:\/\/campotencia.casticino.ch\/index.php?rest_route=%2Fwp%2Fv2%2Fcomments&post=45"}],"version-history":[{"count":21,"href":"https:\/\/campotencia.casticino.ch\/index.php?rest_route=\/wp\/v2\/pages\/45\/revisions"}],"predecessor-version":[{"id":1428,"href":"https:\/\/campotencia.casticino.ch\/index.php?rest_route=\/wp\/v2\/pages\/45\/revisions\/1428"}],"wp:attachment":[{"href":"https:\/\/campotencia.casticino.ch\/index.php?rest_route=%2Fwp%2Fv2%2Fmedia&parent=45"}],"curies":[{"name":"wp","href":"https:\/\/api.w.org\/{rel}","templated":true}]}}