{"id":35,"date":"2023-11-17T11:40:30","date_gmt":"2023-11-17T11:40:30","guid":{"rendered":"https:\/\/staging.campotencia.casticino.ch\/?page_id=35"},"modified":"2024-06-18T14:36:01","modified_gmt":"2024-06-18T14:36:01","slug":"storia","status":"publish","type":"page","link":"https:\/\/campotencia.casticino.ch\/?page_id=35","title":{"rendered":"STORIA"},"content":{"rendered":"\n<h3 class=\"wp-block-heading\">LA PRIMA CAPANNA DELLE MONTAGNE TICINESI &nbsp;<\/h3>\n\n\n\n<div style=\"height:50px\" aria-hidden=\"true\" class=\"wp-block-spacer\"><\/div>\n\n\n\n<p>La Capanna venne costruita nel 1912 ai piedi del pizzo omonimo, sul versante leventinese e pi\u00f9 precisamente in alta Val Piumogna. Il nome Campo Tencia una invenzione toponomastica escogitata nel 1858, per indicare la montagna pi\u00f9 alta 3071,7 m interamente in territorio ticinese al momento della stesura della famosa Carta Nazionale del Generale Dufour. Il nome \u00e9 composto dall\u2019unione di due toponimi riferiti agli: alpe Campo e alpe Tencia di propriet\u00e0 del Patriziato di Prato, situati nell\u2019alta Valle Lavizzara sul versante Val Maggese.<\/p>\n\n\n\n<p>L\u201911 agosto 1912 l\u2019inaugurazione.<\/p>\n\n\n\n<p>Nel 1932 Patocchi, sempre lui l\u2019animatore, presenta i progetti per l\u2019ampliamento e nell\u2019estate del 1933 i lavori di costruzione della nuova ala Est.<\/p>\n\n\n\n<p>Passano quarant\u2019anni e si pone mano ad altre opere di consolidamento e miglioria. Il 22 agosto 1975 un grave incendio distrugge il paziente e operoso lavoro di anni.<\/p>\n\n\n\n<p>Nell\u2019estate dell\u2019anno seguente la Capanna rinasceva pi\u00f9 grande, pi\u00f9 bella, pi\u00f9 funzionale. Esteticamente la sua struttura doveva costituire una piacevole novit\u00e0 a livello nazionale. Un salto di qualit\u00e0 dovuto all\u2019architetto Oscar Hofmann. Non pi\u00f9 l\u2019immagine squadrata e uniforme delle classiche Capanne alpine, ma un look innovatore, agile e aggraziato, con strutture portanti in acciaio rivestito e isolato da materiali idonei alla quota.<\/p>\n\n\n\n<p>Nuova inaugurazione il 25 settembre del 1977.<\/p>\n\n\n\n<p>La moderna struttura dopo i diversi cambiamenti, nel 2008 viene ulteriormente migliorata dall\u2019aggiunta dell\u2019ala Nord, con una nuova cucina professionale.<\/p>\n\n\n\n<p>L\u201911 agosto 2012 si sono festeggiati i 100 anni.<\/p>\n\n\n\n<p>Nel 2022 sono stati eseguiti importanti lavori per garantire l&#8217;approvvigionamento elettrico tramite turbina idrica, e ampliato l&#8217;impianto fotovoltaico; \u00e8 inoltre stato rifatto il sistema di trattamento delle acque reflue. <\/p>\n\n\n\n<div style=\"height:50px\" aria-hidden=\"true\" class=\"wp-block-spacer\"><\/div>\n\n\n\n<figure class=\"wp-block-image size-large\"><img loading=\"lazy\" decoding=\"async\" width=\"1024\" height=\"702\" src=\"https:\/\/staging.campotencia.casticino.ch\/wp-content\/uploads\/2024\/04\/storia-1-1024x702.jpg\" alt=\"\" class=\"wp-image-125\" srcset=\"https:\/\/campotencia.casticino.ch\/wp-content\/uploads\/2024\/04\/storia-1-1024x702.jpg 1024w, https:\/\/campotencia.casticino.ch\/wp-content\/uploads\/2024\/04\/storia-1-300x206.jpg 300w, https:\/\/campotencia.casticino.ch\/wp-content\/uploads\/2024\/04\/storia-1-768x526.jpg 768w, https:\/\/campotencia.casticino.ch\/wp-content\/uploads\/2024\/04\/storia-1.jpg 1500w\" sizes=\"auto, (max-width: 1024px) 100vw, 1024px\" \/><\/figure>\n\n\n\n<p><\/p>\n\n\n\n<figure class=\"wp-block-image size-large\"><img loading=\"lazy\" decoding=\"async\" width=\"1024\" height=\"710\" src=\"https:\/\/staging.campotencia.casticino.ch\/wp-content\/uploads\/2024\/04\/storia-2-1024x710.jpg\" alt=\"\" class=\"wp-image-126\" srcset=\"https:\/\/campotencia.casticino.ch\/wp-content\/uploads\/2024\/04\/storia-2-1024x710.jpg 1024w, https:\/\/campotencia.casticino.ch\/wp-content\/uploads\/2024\/04\/storia-2-300x208.jpg 300w, https:\/\/campotencia.casticino.ch\/wp-content\/uploads\/2024\/04\/storia-2-768x533.jpg 768w, https:\/\/campotencia.casticino.ch\/wp-content\/uploads\/2024\/04\/storia-2-1536x1065.jpg 1536w, https:\/\/campotencia.casticino.ch\/wp-content\/uploads\/2024\/04\/storia-2.jpg 1772w\" sizes=\"auto, (max-width: 1024px) 100vw, 1024px\" \/><\/figure>\n\n\n\n<p><\/p>\n\n\n\n<figure class=\"wp-block-image size-large\"><img loading=\"lazy\" decoding=\"async\" width=\"1024\" height=\"667\" src=\"https:\/\/staging.campotencia.casticino.ch\/wp-content\/uploads\/2024\/04\/storia-3-1024x667.jpg\" alt=\"\" class=\"wp-image-127\" srcset=\"https:\/\/campotencia.casticino.ch\/wp-content\/uploads\/2024\/04\/storia-3-1024x667.jpg 1024w, https:\/\/campotencia.casticino.ch\/wp-content\/uploads\/2024\/04\/storia-3-300x195.jpg 300w, https:\/\/campotencia.casticino.ch\/wp-content\/uploads\/2024\/04\/storia-3-768x500.jpg 768w, https:\/\/campotencia.casticino.ch\/wp-content\/uploads\/2024\/04\/storia-3.jpg 1500w\" sizes=\"auto, (max-width: 1024px) 100vw, 1024px\" \/><\/figure>\n","protected":false},"excerpt":{"rendered":"<p>LA PRIMA CAPANNA DELLE MONTAGNE TICINESI &nbsp; La Capanna venne costruita nel 1912 ai piedi del pizzo omonimo, sul versante leventinese e pi\u00f9 precisamente in alta Val Piumogna. Il nome Campo Tencia una invenzione toponomastica escogitata nel 1858, per indicare la montagna pi\u00f9 alta 3071,7 m interamente in territorio ticinese al momento della stesura della [&hellip;]<\/p>\n","protected":false},"author":2,"featured_media":0,"parent":0,"menu_order":0,"comment_status":"closed","ping_status":"closed","template":"","meta":{"pgc_sgb_lightbox_settings":"","footnotes":""},"class_list":["post-35","page","type-page","status-publish","hentry"],"aioseo_notices":[],"_links":{"self":[{"href":"https:\/\/campotencia.casticino.ch\/index.php?rest_route=\/wp\/v2\/pages\/35","targetHints":{"allow":["GET"]}}],"collection":[{"href":"https:\/\/campotencia.casticino.ch\/index.php?rest_route=\/wp\/v2\/pages"}],"about":[{"href":"https:\/\/campotencia.casticino.ch\/index.php?rest_route=\/wp\/v2\/types\/page"}],"author":[{"embeddable":true,"href":"https:\/\/campotencia.casticino.ch\/index.php?rest_route=\/wp\/v2\/users\/2"}],"replies":[{"embeddable":true,"href":"https:\/\/campotencia.casticino.ch\/index.php?rest_route=%2Fwp%2Fv2%2Fcomments&post=35"}],"version-history":[{"count":6,"href":"https:\/\/campotencia.casticino.ch\/index.php?rest_route=\/wp\/v2\/pages\/35\/revisions"}],"predecessor-version":[{"id":1049,"href":"https:\/\/campotencia.casticino.ch\/index.php?rest_route=\/wp\/v2\/pages\/35\/revisions\/1049"}],"wp:attachment":[{"href":"https:\/\/campotencia.casticino.ch\/index.php?rest_route=%2Fwp%2Fv2%2Fmedia&parent=35"}],"curies":[{"name":"wp","href":"https:\/\/api.w.org\/{rel}","templated":true}]}}