{"id":33,"date":"2023-11-17T11:40:09","date_gmt":"2023-11-17T11:40:09","guid":{"rendered":"https:\/\/staging.campotencia.casticino.ch\/?page_id=33"},"modified":"2024-06-18T14:32:15","modified_gmt":"2024-06-18T14:32:15","slug":"la-nostra-cucina","status":"publish","type":"page","link":"https:\/\/campotencia.casticino.ch\/?page_id=33","title":{"rendered":"LA NOSTRA CUCINA"},"content":{"rendered":"\n<h3 class=\"wp-block-heading\">Mangiare e bere<\/h3>\n\n\n\n<p>L\u2019offerta culinaria della capanna \u00e8 semplice e genuina, di impronta fortemente nostrana ma senza limitarci solo al Ticino, proponiamo piatti freddi con salumi e formaggi locali, zuppe, gnocchi freschi e polenta con vari accompagnamenti a dipendenza della stagione o disponibilit\u00e0.<\/p>\n\n\n\n<p>Per chi allogger\u00e0 proponiamo diverse specialit\u00e0 del territorio cercando di diversificare il men\u00f9 a seconda delle occasioni, ispirati dalla montagna e non solo.<\/p>\n\n\n\n<p>Vegetariani, Vegani e con diete speciali sono i benvenuti, per favore avvisateci con largo anticipo cos\u00ec da poter accontentare tutti i gusti!<\/p>\n\n\n\n<p><\/p>\n\n\n\n<h3 class=\"wp-block-heading\">Riservazione<\/h3>\n\n\n\n<p>Vi consigliamo vivamente di prenotare il vostro soggiorno via E-mail o chiamandoci direttamente in Capanna.<\/p>\n\n\n\n<p>GRAZIE&nbsp;<\/p>\n\n\n\n<p>Staff Tencia<\/p>\n","protected":false},"excerpt":{"rendered":"<p>Mangiare e bere L\u2019offerta culinaria della capanna \u00e8 semplice e genuina, di impronta fortemente nostrana ma senza limitarci solo al Ticino, proponiamo piatti freddi con salumi e formaggi locali, zuppe, gnocchi freschi e polenta con vari accompagnamenti a dipendenza della stagione o disponibilit\u00e0. Per chi allogger\u00e0 proponiamo diverse specialit\u00e0 del territorio cercando di diversificare il [&hellip;]<\/p>\n","protected":false},"author":2,"featured_media":0,"parent":0,"menu_order":0,"comment_status":"closed","ping_status":"closed","template":"","meta":{"pgc_sgb_lightbox_settings":"","footnotes":""},"class_list":["post-33","page","type-page","status-publish","hentry"],"aioseo_notices":[],"_links":{"self":[{"href":"https:\/\/campotencia.casticino.ch\/index.php?rest_route=\/wp\/v2\/pages\/33","targetHints":{"allow":["GET"]}}],"collection":[{"href":"https:\/\/campotencia.casticino.ch\/index.php?rest_route=\/wp\/v2\/pages"}],"about":[{"href":"https:\/\/campotencia.casticino.ch\/index.php?rest_route=\/wp\/v2\/types\/page"}],"author":[{"embeddable":true,"href":"https:\/\/campotencia.casticino.ch\/index.php?rest_route=\/wp\/v2\/users\/2"}],"replies":[{"embeddable":true,"href":"https:\/\/campotencia.casticino.ch\/index.php?rest_route=%2Fwp%2Fv2%2Fcomments&post=33"}],"version-history":[{"count":7,"href":"https:\/\/campotencia.casticino.ch\/index.php?rest_route=\/wp\/v2\/pages\/33\/revisions"}],"predecessor-version":[{"id":1046,"href":"https:\/\/campotencia.casticino.ch\/index.php?rest_route=\/wp\/v2\/pages\/33\/revisions\/1046"}],"wp:attachment":[{"href":"https:\/\/campotencia.casticino.ch\/index.php?rest_route=%2Fwp%2Fv2%2Fmedia&parent=33"}],"curies":[{"name":"wp","href":"https:\/\/api.w.org\/{rel}","templated":true}]}}