{"id":244,"date":"2024-05-02T20:11:46","date_gmt":"2024-05-02T20:11:46","guid":{"rendered":"https:\/\/staging.campotencia.casticino.ch\/?page_id=244"},"modified":"2024-06-28T11:31:43","modified_gmt":"2024-06-28T11:31:43","slug":"activites","status":"publish","type":"page","link":"https:\/\/campotencia.casticino.ch\/?page_id=244&lang=fr","title":{"rendered":"ACTIVIT\u00c9S"},"content":{"rendered":"\n<h3 class=\"wp-block-heading\">Le Campo Tencia par la Val Piumogna<\/h3>\n\n\n\n<div style=\"height:50px\" aria-hidden=\"true\" class=\"wp-block-spacer\"><\/div>\n\n\n\n<p>Il n\u2019y a pas seulement le Campo Tencia mais toute la r\u00e9gion du Campo Tencia qui se pr\u00eate \u00e0 la randonn\u00e9e et \u00e0 l\u2019alpinisme.<\/p>\n\n\n\n<p>Le massif du Campo Tencia offre de nombreux itin\u00e9raires pour les randonneurs et les alpinistes tel que la classique Cresta dei Corni, les travers\u00e9es vers d&#8217;autres cabanes (Leit, Sponda, Soveltra) et des ascensions fascinantes, comme le Pizzo Campo Tencia.<\/p>\n\n\n\n<p>En outre, la r\u00e9gion est adapt\u00e9e aux cours d&#8217;alpinisme et d&#8217;escalade, aussi bien pour les enfants que pour les d\u00e9butants. Vous trouverez des jardins d&#8217;escalade \u00e0 proximit\u00e9 de la cabane (mat\u00e9riel disponible \u00e0 la cabane). Le lac Morghirolo resense \u00e9galement plusieurs tr\u00e9sors de la nature.<\/p>\n\n\n\n<p>Aux pages suivantes, nous vous proposons pour un ou plusieurs jours divers itin\u00e9raires ou curiosit\u00e9s. Pour plus d\u2019informations n\u2019h\u00e9sitez pas d\u00e8s maintenant \u00e0 nous contacter ou lors de votre arriv\u00e9e en cabane.<\/p>\n\n\n\n<div class=\"wp-block-stackable-feature-grid alignwide stk-block-feature-grid stk-block-columns stk-block stk-5d1f8a0 is-style-default\" data-block-id=\"5d1f8a0\"><div class=\"stk-row stk-inner-blocks has-text-align-center stk-block-content stk-content-align stk-5d1f8a0-column alignwide\">\n<div class=\"wp-block-stackable-column stk-block-column stk-column stk-block stk-85c9820\" data-v=\"4\" data-block-id=\"85c9820\"><div class=\"stk-column-wrapper stk-block-column__content stk-container stk-85c9820-container stk-hover-parent\"><div class=\"stk-block-content stk-inner-blocks stk-85c9820-inner-blocks\">\n<div class=\"wp-block-stackable-image stk-block-image stk-block stk-58c71dd\" data-block-id=\"58c71dd\"><style>.stk-58c71dd .stk-img-wrapper{width:100% !important;height:120px !important}<\/style><figure><span class=\"stk-img-wrapper stk-image--shape-stretch\"><img loading=\"lazy\" decoding=\"async\" class=\"stk-img wp-image-532\" src=\"https:\/\/staging.campotencia.casticino.ch\/wp-content\/uploads\/2024\/06\/E.jpeg\" width=\"330\" height=\"250\" srcset=\"https:\/\/campotencia.casticino.ch\/wp-content\/uploads\/2024\/06\/E.jpeg 330w, https:\/\/campotencia.casticino.ch\/wp-content\/uploads\/2024\/06\/E-300x227.jpeg 300w\" sizes=\"auto, (max-width: 330px) 100vw, 330px\" \/><\/span><\/figure><\/div>\n\n\n\n<div class=\"wp-block-stackable-heading stk-block-heading stk-block-heading--v2 stk-block stk-3487fac\" id=\"randonnees-faciles\" data-block-id=\"3487fac\"><h6 class=\"stk-block-heading__text\">Randonn\u00e9es faciles<\/h6><\/div>\n\n\n\n<div class=\"wp-block-stackable-text stk-block-text stk-block stk-07c1848\" data-block-id=\"07c1848\"><p class=\"stk-block-text__text\">chemins rouge-blanc<\/p><\/div>\n\n\n\n<div class=\"wp-block-stackable-text stk-block-text stk-block stk-8b43a66\" data-block-id=\"8b43a66\"><p class=\"stk-block-text__text\"><\/p><\/div>\n\n\n\n<div class=\"wp-block-stackable-button-group stk-block-button-group stk-block stk-f48860a\" data-block-id=\"f48860a\"><div class=\"stk-row stk-inner-blocks stk-block-content stk-button-group\">\n<div class=\"wp-block-stackable-button stk-block-button stk-block stk-6990604\" data-block-id=\"6990604\"><style>.stk-6990604 .stk-button{background:#477081 !important}<\/style><a class=\"stk-link stk-button stk--hover-effect-darken\" href=\"https:\/\/campotencia.casticino.ch\/?page_id=249&amp;lang=fr\"><span class=\"stk-button__inner-text\">EN SAVOIR PLUS<\/span><\/a><\/div>\n<\/div><\/div>\n<\/div><\/div><\/div>\n\n\n\n<div class=\"wp-block-stackable-column stk-block-column stk-column stk-block stk-73983af\" data-v=\"4\" data-block-id=\"73983af\"><div class=\"stk-column-wrapper stk-block-column__content stk-container stk-73983af-container stk-hover-parent\"><div class=\"stk-block-content stk-inner-blocks stk-73983af-inner-blocks\">\n<div class=\"wp-block-stackable-image stk-block-image stk-block stk-27c9773\" data-block-id=\"27c9773\"><style>.stk-27c9773 .stk-img-wrapper{width:100% !important;height:118px !important}<\/style><figure><span class=\"stk-img-wrapper stk-image--shape-stretch\"><img loading=\"lazy\" decoding=\"async\" class=\"stk-img wp-image-889\" src=\"https:\/\/staging.campotencia.casticino.ch\/wp-content\/uploads\/2024\/06\/csm_1513857445_1718100744master_3002ce6aaf.jpg\" width=\"800\" height=\"500\" srcset=\"https:\/\/campotencia.casticino.ch\/wp-content\/uploads\/2024\/06\/csm_1513857445_1718100744master_3002ce6aaf.jpg 800w, https:\/\/campotencia.casticino.ch\/wp-content\/uploads\/2024\/06\/csm_1513857445_1718100744master_3002ce6aaf-300x188.jpg 300w, https:\/\/campotencia.casticino.ch\/wp-content\/uploads\/2024\/06\/csm_1513857445_1718100744master_3002ce6aaf-768x480.jpg 768w\" sizes=\"auto, (max-width: 800px) 100vw, 800px\" \/><\/span><\/figure><\/div>\n\n\n\n<div class=\"wp-block-stackable-heading stk-block-heading stk-block-heading--v2 stk-block stk-050a8ac\" id=\"randonnee-alpine\" data-block-id=\"050a8ac\"><h6 class=\"stk-block-heading__text\">Randonn\u00e9e alpine<\/h6><\/div>\n\n\n\n<div class=\"wp-block-stackable-text stk-block-text stk-block stk-184097b\" data-block-id=\"184097b\"><p class=\"stk-block-text__text\"><strong> <\/strong>hors des sentiers battus<\/p><\/div>\n\n\n\n<div class=\"wp-block-stackable-text stk-block-text stk-block stk-a4bd64b\" data-block-id=\"a4bd64b\"><p class=\"stk-block-text__text\"><\/p><\/div>\n\n\n\n<div class=\"wp-block-stackable-button-group stk-block-button-group stk-block stk-a05bdff\" data-block-id=\"a05bdff\"><div class=\"stk-row stk-inner-blocks stk-block-content stk-button-group\">\n<div class=\"wp-block-stackable-button stk-block-button stk-block stk-aaa9a71\" data-block-id=\"aaa9a71\"><style>.stk-aaa9a71 .stk-button{background:#477081 !important}.stk-aaa9a71 .stk-button__inner-text{color:#ffffff !important}<\/style><a class=\"stk-link stk-button stk--hover-effect-darken\" href=\"https:\/\/campotencia.casticino.ch\/?page_id=1228&amp;lang=fr\"><span class=\"has-text-color stk-button__inner-text\">EN SAVOIR PLUS<\/span><\/a><\/div>\n<\/div><\/div>\n<\/div><\/div><\/div>\n\n\n\n<div class=\"wp-block-stackable-column stk-block-column stk-column stk-block stk-21ba2d0\" data-v=\"4\" data-block-id=\"21ba2d0\"><div class=\"stk-column-wrapper stk-block-column__content stk-container stk-21ba2d0-container stk-hover-parent\"><div class=\"stk-block-content stk-inner-blocks stk-21ba2d0-inner-blocks\">\n<div class=\"wp-block-stackable-image stk-block-image stk-block stk-85d53f4\" data-block-id=\"85d53f4\"><style>.stk-85d53f4 .stk-img-wrapper{width:100% !important;height:118px !important}<\/style><figure><span class=\"stk-img-wrapper stk-image--shape-stretch\"><img loading=\"lazy\" decoding=\"async\" class=\"stk-img wp-image-796\" src=\"https:\/\/staging.campotencia.casticino.ch\/wp-content\/uploads\/2024\/06\/cresta-corni-scaled.jpg\" width=\"2560\" height=\"1441\" srcset=\"https:\/\/campotencia.casticino.ch\/wp-content\/uploads\/2024\/06\/cresta-corni-scaled.jpg 2560w, https:\/\/campotencia.casticino.ch\/wp-content\/uploads\/2024\/06\/cresta-corni-300x169.jpg 300w, https:\/\/campotencia.casticino.ch\/wp-content\/uploads\/2024\/06\/cresta-corni-1024x576.jpg 1024w, https:\/\/campotencia.casticino.ch\/wp-content\/uploads\/2024\/06\/cresta-corni-768x432.jpg 768w, https:\/\/campotencia.casticino.ch\/wp-content\/uploads\/2024\/06\/cresta-corni-1536x865.jpg 1536w, https:\/\/campotencia.casticino.ch\/wp-content\/uploads\/2024\/06\/cresta-corni-2048x1153.jpg 2048w\" sizes=\"auto, (max-width: 2560px) 100vw, 2560px\" \/><\/span><\/figure><\/div>\n\n\n\n<div class=\"wp-block-stackable-heading stk-block-heading stk-block-heading--v2 stk-block stk-bddc4fc\" id=\"traversee-de-la-crete-des-cornes\" data-block-id=\"bddc4fc\"><h6 class=\"stk-block-heading__text\">Travers\u00e9e de la Cr\u00eate des Cornes <\/h6><\/div>\n\n\n\n<div class=\"wp-block-stackable-text stk-block-text stk-block stk-82197d2\" data-block-id=\"82197d2\"><p class=\"stk-block-text__text\"><\/p><\/div>\n\n\n\n<div class=\"wp-block-stackable-heading stk-block-heading stk-block-heading--v2 stk-block stk-3a2c124\" id=\"traversee-de-la-crete-des-cornes-br\" data-block-id=\"3a2c124\"><h6 class=\"stk-block-heading__text\"><br><\/h6><\/div>\n\n\n\n<div class=\"wp-block-stackable-button-group stk-block-button-group stk-block stk-a60e713\" data-block-id=\"a60e713\"><div class=\"stk-row stk-inner-blocks stk-block-content stk-button-group\">\n<div class=\"wp-block-stackable-button stk-block-button stk-block stk-4538c88\" data-block-id=\"4538c88\"><style>.stk-4538c88 .stk-button{background:#477081 !important}.stk-4538c88 .stk-button__inner-text{color:#ffffff !important}<\/style><a class=\"stk-link stk-button stk--hover-effect-darken\" href=\"https:\/\/campotencia.casticino.ch\/?page_id=251&amp;lang=fr\"><span class=\"has-text-color stk-button__inner-text\">EN SAVOIR PLUS<\/span><\/a><\/div>\n<\/div><\/div>\n<\/div><\/div><\/div>\n\n\n\n<div class=\"wp-block-stackable-column stk-block-column stk-column stk-block stk-1b2da37\" data-v=\"4\" data-block-id=\"1b2da37\"><div class=\"stk-column-wrapper stk-block-column__content stk-container stk-1b2da37-container stk-hover-parent\"><div class=\"stk-block-content stk-inner-blocks stk-1b2da37-inner-blocks\">\n<div class=\"wp-block-stackable-image stk-block-image stk-block stk-0d40cec\" data-block-id=\"0d40cec\"><style>.stk-0d40cec .stk-img-wrapper{width:100% !important;height:121px !important}<\/style><figure><span class=\"stk-img-wrapper stk-image--shape-stretch\"><img loading=\"lazy\" decoding=\"async\" class=\"stk-img wp-image-569\" src=\"https:\/\/staging.campotencia.casticino.ch\/wp-content\/uploads\/2024\/06\/arrampicata-scaled.jpg\" width=\"2560\" height=\"1920\" srcset=\"https:\/\/campotencia.casticino.ch\/wp-content\/uploads\/2024\/06\/arrampicata-scaled.jpg 2560w, https:\/\/campotencia.casticino.ch\/wp-content\/uploads\/2024\/06\/arrampicata-300x225.jpg 300w, https:\/\/campotencia.casticino.ch\/wp-content\/uploads\/2024\/06\/arrampicata-1024x768.jpg 1024w, https:\/\/campotencia.casticino.ch\/wp-content\/uploads\/2024\/06\/arrampicata-768x576.jpg 768w, https:\/\/campotencia.casticino.ch\/wp-content\/uploads\/2024\/06\/arrampicata-1536x1152.jpg 1536w, https:\/\/campotencia.casticino.ch\/wp-content\/uploads\/2024\/06\/arrampicata-2048x1536.jpg 2048w\" sizes=\"auto, (max-width: 2560px) 100vw, 2560px\" \/><\/span><\/figure><\/div>\n\n\n\n<div class=\"wp-block-stackable-heading stk-block-heading stk-block-heading--v2 stk-block stk-63435cb\" id=\"zones-descalade-et-dinstruction\" data-block-id=\"63435cb\"><h6 class=\"stk-block-heading__text\">Zones d&#8217;escalade et d&#8217;instruction<\/h6><\/div>\n\n\n\n<div class=\"wp-block-stackable-text stk-block-text stk-block stk-04c6e4e\" data-block-id=\"04c6e4e\"><style>.stk-04c6e4e{margin-bottom:0px !important}<\/style><p class=\"stk-block-text__text\"><br><\/p><\/div>\n\n\n\n<div class=\"wp-block-stackable-text stk-block-text stk-block stk-f548529\" data-block-id=\"f548529\"><style>.stk-f548529 .stk-block-text__text{font-size:24px !important}@media screen and (max-width:1023px){.stk-f548529 .stk-block-text__text{font-size:24px !important}}<\/style><p class=\"stk-block-text__text\"><\/p><\/div>\n\n\n\n<div class=\"wp-block-stackable-button-group stk-block-button-group stk-block stk-040496b\" data-block-id=\"040496b\"><div class=\"stk-row stk-inner-blocks stk-block-content stk-button-group\">\n<div class=\"wp-block-stackable-button stk-block-button stk-block stk-4c6c993\" data-block-id=\"4c6c993\"><style>.stk-4c6c993 .stk-button{background:#477081 !important}.stk-4c6c993 .stk-button__inner-text{color:#ffffff !important}<\/style><a class=\"stk-link stk-button stk--hover-effect-darken\" href=\"https:\/\/campotencia.casticino.ch\/?page_id=253&amp;lang=fr\"><span class=\"has-text-color stk-button__inner-text\">EN SAVOIR PLUS<\/span><\/a><\/div>\n<\/div><\/div>\n<\/div><\/div><\/div>\n\n\n\n<div class=\"wp-block-stackable-column stk-block-column stk-column stk-block stk-637d33a\" data-v=\"4\" data-block-id=\"637d33a\"><div class=\"stk-column-wrapper stk-block-column__content stk-container stk-637d33a-container stk-hover-parent\"><div class=\"stk-block-content stk-inner-blocks stk-637d33a-inner-blocks\">\n<div class=\"wp-block-stackable-image stk-block-image stk-block stk-6815db1\" data-block-id=\"6815db1\"><style>.stk-6815db1 .stk-img-wrapper{width:100% !important;height:123px !important}<\/style><figure><span class=\"stk-img-wrapper stk-image--shape-stretch\"><img loading=\"lazy\" decoding=\"async\" class=\"stk-img wp-image-825\" src=\"https:\/\/staging.campotencia.casticino.ch\/wp-content\/uploads\/2024\/06\/sciata-ghiacciaio-tencia-scaled.jpg\" width=\"2560\" height=\"1437\" srcset=\"https:\/\/campotencia.casticino.ch\/wp-content\/uploads\/2024\/06\/sciata-ghiacciaio-tencia-scaled.jpg 2560w, https:\/\/campotencia.casticino.ch\/wp-content\/uploads\/2024\/06\/sciata-ghiacciaio-tencia-300x168.jpg 300w, https:\/\/campotencia.casticino.ch\/wp-content\/uploads\/2024\/06\/sciata-ghiacciaio-tencia-1024x575.jpg 1024w, https:\/\/campotencia.casticino.ch\/wp-content\/uploads\/2024\/06\/sciata-ghiacciaio-tencia-768x431.jpg 768w, https:\/\/campotencia.casticino.ch\/wp-content\/uploads\/2024\/06\/sciata-ghiacciaio-tencia-1536x862.jpg 1536w, https:\/\/campotencia.casticino.ch\/wp-content\/uploads\/2024\/06\/sciata-ghiacciaio-tencia-2048x1150.jpg 2048w\" sizes=\"auto, (max-width: 2560px) 100vw, 2560px\" \/><\/span><\/figure><\/div>\n\n\n\n<div class=\"wp-block-stackable-heading stk-block-heading stk-block-heading--v2 stk-block stk-267d050\" id=\"strong-activites-en-hiver-strong\" data-block-id=\"267d050\"><h6 class=\"stk-block-heading__text\"><strong>Activit\u00e9s en hiver<\/strong><\/h6><\/div>\n\n\n\n<div class=\"wp-block-stackable-text stk-block-text stk-block stk-96bc896\" data-block-id=\"96bc896\"><style>.stk-96bc896{margin-bottom:0px !important}<\/style><p class=\"stk-block-text__text\"><br><\/p><\/div>\n\n\n\n<div class=\"wp-block-stackable-text stk-block-text stk-block stk-798a45e\" data-block-id=\"798a45e\"><p class=\"stk-block-text__text\"><\/p><\/div>\n\n\n\n<div class=\"wp-block-stackable-text stk-block-text stk-block stk-df3bd28\" data-block-id=\"df3bd28\"><p class=\"stk-block-text__text\"><\/p><\/div>\n\n\n\n<div class=\"wp-block-stackable-button-group stk-block-button-group stk-block stk-bbcc5a1\" data-block-id=\"bbcc5a1\"><div class=\"stk-row stk-inner-blocks stk-block-content stk-button-group\">\n<div class=\"wp-block-stackable-button stk-block-button stk-block stk-2905784\" data-block-id=\"2905784\"><style>.stk-2905784 .stk-button{background:#477081 !important}.stk-2905784 .stk-button__inner-text{color:#ffffff !important}<\/style><a class=\"stk-link stk-button stk--hover-effect-darken\" href=\"https:\/\/campotencia.casticino.ch\/?page_id=255&amp;lang=fr\"><span class=\"has-text-color stk-button__inner-text\">EN SAVOIR PLUS<\/span><\/a><\/div>\n<\/div><\/div>\n<\/div><\/div><\/div>\n<\/div><\/div>\n","protected":false},"excerpt":{"rendered":"<p>Le Campo Tencia par la Val Piumogna Il n\u2019y a pas seulement le Campo Tencia mais toute la r\u00e9gion du Campo Tencia qui se pr\u00eate \u00e0 la randonn\u00e9e et \u00e0 l\u2019alpinisme. Le massif du Campo Tencia offre de nombreux itin\u00e9raires pour les randonneurs et les alpinistes tel que la classique Cresta dei Corni, les travers\u00e9es [&hellip;]<\/p>\n","protected":false},"author":2,"featured_media":0,"parent":0,"menu_order":0,"comment_status":"closed","ping_status":"closed","template":"","meta":{"pgc_sgb_lightbox_settings":"","footnotes":""},"class_list":["post-244","page","type-page","status-publish","hentry"],"aioseo_notices":[],"_links":{"self":[{"href":"https:\/\/campotencia.casticino.ch\/index.php?rest_route=\/wp\/v2\/pages\/244","targetHints":{"allow":["GET"]}}],"collection":[{"href":"https:\/\/campotencia.casticino.ch\/index.php?rest_route=\/wp\/v2\/pages"}],"about":[{"href":"https:\/\/campotencia.casticino.ch\/index.php?rest_route=\/wp\/v2\/types\/page"}],"author":[{"embeddable":true,"href":"https:\/\/campotencia.casticino.ch\/index.php?rest_route=\/wp\/v2\/users\/2"}],"replies":[{"embeddable":true,"href":"https:\/\/campotencia.casticino.ch\/index.php?rest_route=%2Fwp%2Fv2%2Fcomments&post=244"}],"version-history":[{"count":14,"href":"https:\/\/campotencia.casticino.ch\/index.php?rest_route=\/wp\/v2\/pages\/244\/revisions"}],"predecessor-version":[{"id":1242,"href":"https:\/\/campotencia.casticino.ch\/index.php?rest_route=\/wp\/v2\/pages\/244\/revisions\/1242"}],"wp:attachment":[{"href":"https:\/\/campotencia.casticino.ch\/index.php?rest_route=%2Fwp%2Fv2%2Fmedia&parent=244"}],"curies":[{"name":"wp","href":"https:\/\/api.w.org\/{rel}","templated":true}]}}