{"id":240,"date":"2024-05-02T20:05:53","date_gmt":"2024-05-02T20:05:53","guid":{"rendered":"https:\/\/staging.campotencia.casticino.ch\/?page_id=240"},"modified":"2024-06-27T07:16:41","modified_gmt":"2024-06-27T07:16:41","slug":"acces","status":"publish","type":"page","link":"https:\/\/campotencia.casticino.ch\/?page_id=240&lang=fr","title":{"rendered":"ACC\u00c8S"},"content":{"rendered":"\n<h3 class=\"wp-block-heading\">COMMENT ARRIVER A LA CABANE<\/h3>\n\n\n\n<div style=\"height:50px\" aria-hidden=\"true\" class=\"wp-block-spacer\"><\/div>\n\n\n\n<p>Pendant l\u2019\u00e9t\u00e9, la cabane est facilement accessible \u00e0 pied et convient aux familles.<\/p>\n\n\n\n<p>En hiver, le refuge peut \u00eatre atteint \u00e0 ski depuis Dalpe via le Val Piumogna.<\/p>\n\n\n\n<div style=\"height:25px\" aria-hidden=\"true\" class=\"wp-block-spacer\"><\/div>\n\n\n\n<p><strong><strong>Situation<\/strong>:&nbsp;<\/strong><br>&#8211; Val Piumogna (Val Leventina)<br>&#8211; CNS 1:25\u2019000 f.no. 1272 Campo Tencia<br>&#8211; CNS 1:50\u2019000 f.no. 266 S Valle Leventina<br>&#8211; Coordonn\u00e9es&nbsp;2 699.430\/ 1 144.480<\/p>\n\n\n\n<div style=\"height:25px\" aria-hidden=\"true\" class=\"wp-block-spacer\"><\/div>\n\n\n\n<p><strong><strong>Acc\u00e8s<\/strong>:<\/strong><br>Autoroute N2 sortie Rodi \u2013 Quinto \u2013 Dalpe ou en train jusqu\u2019\u00e0 Rodi puis en car postal jusqu\u2019\u00e0 Dalpe.<\/p>\n\n\n\n<div style=\"height:25px\" aria-hidden=\"true\" class=\"wp-block-spacer\"><\/div>\n\n\n\n<p><strong><strong>Acc\u00e8s \u00e9t\u00e9:<\/strong><br><\/strong>\u2013 de Dalpe 1192 m \u2013 3 h (<a href=\"https:\/\/www.postauto.ch\/fr\" target=\"_blank\" rel=\"noreferrer noopener\">Car Postale<\/a>)<br>\u2013 du Lac Tremorgio 1849 m \u2013 arriv\u00e9e du <a href=\"https:\/\/staging.campotencia.casticino.ch\/wp-content\/uploads\/2024\/04\/AET_pieghevole-tremorgio.pdf\" data-type=\"link\" data-id=\"https:\/\/staging.campotencia.casticino.ch\/wp-content\/uploads\/2024\/04\/AET_pieghevole-tremorgio.pdf\" target=\"_blank\" rel=\"noreferrer noopener\">t\u00e9lecabine<\/a> (Rodi) 3,30 h<br>\u2013 de Fusio \u2013 via Campolungo 2318 m (Val Lavizzara-Val Maggia) 6 h<\/p>\n\n\n\n<div style=\"height:25px\" aria-hidden=\"true\" class=\"wp-block-spacer\"><\/div>\n\n\n\n<p><strong>Brochure T\u00e9lecabine Tremorgio:<\/strong><br>\u2013\u00a0<a href=\"https:\/\/staging.campotencia.casticino.ch\/wp-content\/uploads\/2024\/04\/AET_pieghevole-tremorgio.pdf\" target=\"_blank\" rel=\"noreferrer noopener\">Telecharge la brochure (PDF)<\/a><\/p>\n\n\n\n<div style=\"height:25px\" aria-hidden=\"true\" class=\"wp-block-spacer\"><\/div>\n\n\n\n<p><strong><strong>Acc\u00e8s hiver:<\/strong><br><\/strong>\u2013 de Dalpe 1192 m \u2013 3 h<\/p>\n\n\n\n<div style=\"height:25px\" aria-hidden=\"true\" class=\"wp-block-spacer\"><\/div>\n\n\n\n<p><strong><strong>Suggestions de courses:<\/strong><\/strong><br>Dans la rubrique\u00a0<a href=\"https:\/\/staging.campotencia.casticino.ch\/?page_id=244&amp;lang=fr\" data-type=\"page\" data-id=\"244\">Activit\u00e9s<\/a>, nous vous proposons des itin\u00e9raires et des curiosit\u00e9s \u00e0 d\u00e9couvrir en un ou plusieurs jours.<\/p>\n\n\n\n<p>Pour plus d\u2019informations, n\u2019h\u00e9sitez pas \u00e0 nous contacter!<\/p>\n\n\n\n<div style=\"height:25px\" aria-hidden=\"true\" class=\"wp-block-spacer\"><\/div>\n\n\n\n<p><strong><strong>Carte des sentiers:<\/strong><\/strong> <a href=\"https:\/\/map.schweizmobil.ch\/?lang=fr&amp;land=wanderland&amp;route=all&amp;bgLayer=pk&amp;layers=Wanderland%2CStation&amp;season=summer&amp;resolution=10&amp;E=2699408&amp;N=1146376\" target=\"_blank\" rel=\"noreferrer noopener\">SuisseMobile<\/a><\/p>\n","protected":false},"excerpt":{"rendered":"<p>COMMENT ARRIVER A LA CABANE Pendant l\u2019\u00e9t\u00e9, la cabane est facilement accessible \u00e0 pied et convient aux familles. En hiver, le refuge peut \u00eatre atteint \u00e0 ski depuis Dalpe via le Val Piumogna. Situation:&nbsp;&#8211; Val Piumogna (Val Leventina)&#8211; CNS 1:25\u2019000 f.no. 1272 Campo Tencia&#8211; CNS 1:50\u2019000 f.no. 266 S Valle Leventina&#8211; Coordonn\u00e9es&nbsp;2 699.430\/ 1 144.480 [&hellip;]<\/p>\n","protected":false},"author":2,"featured_media":0,"parent":0,"menu_order":0,"comment_status":"closed","ping_status":"closed","template":"","meta":{"pgc_sgb_lightbox_settings":"","footnotes":""},"class_list":["post-240","page","type-page","status-publish","hentry"],"aioseo_notices":[],"_links":{"self":[{"href":"https:\/\/campotencia.casticino.ch\/index.php?rest_route=\/wp\/v2\/pages\/240","targetHints":{"allow":["GET"]}}],"collection":[{"href":"https:\/\/campotencia.casticino.ch\/index.php?rest_route=\/wp\/v2\/pages"}],"about":[{"href":"https:\/\/campotencia.casticino.ch\/index.php?rest_route=\/wp\/v2\/types\/page"}],"author":[{"embeddable":true,"href":"https:\/\/campotencia.casticino.ch\/index.php?rest_route=\/wp\/v2\/users\/2"}],"replies":[{"embeddable":true,"href":"https:\/\/campotencia.casticino.ch\/index.php?rest_route=%2Fwp%2Fv2%2Fcomments&post=240"}],"version-history":[{"count":3,"href":"https:\/\/campotencia.casticino.ch\/index.php?rest_route=\/wp\/v2\/pages\/240\/revisions"}],"predecessor-version":[{"id":718,"href":"https:\/\/campotencia.casticino.ch\/index.php?rest_route=\/wp\/v2\/pages\/240\/revisions\/718"}],"wp:attachment":[{"href":"https:\/\/campotencia.casticino.ch\/index.php?rest_route=%2Fwp%2Fv2%2Fmedia&parent=240"}],"curies":[{"name":"wp","href":"https:\/\/api.w.org\/{rel}","templated":true}]}}