{"id":236,"date":"2024-05-02T19:53:38","date_gmt":"2024-05-02T19:53:38","guid":{"rendered":"https:\/\/staging.campotencia.casticino.ch\/?page_id=236"},"modified":"2024-06-27T07:03:31","modified_gmt":"2024-06-27T07:03:31","slug":"histoire","status":"publish","type":"page","link":"https:\/\/campotencia.casticino.ch\/?page_id=236&lang=fr","title":{"rendered":"HISTOIRE"},"content":{"rendered":"\n<h3 class=\"wp-block-heading\">La premi\u00e8re cabane des montagnes du Tessin<\/h3>\n\n\n\n<div style=\"height:50px\" aria-hidden=\"true\" class=\"wp-block-spacer\"><\/div>\n\n\n\n<p>La premi\u00e8re cabane des montagnes tessinoises a, en effet, \u00e9t\u00e9 construite en 1912 au pied de la cha\u00eene du m\u00eame nom, sur le versant l\u00e9ventin de la vall\u00e9e et plus pr\u00e9cis\u00e9ment dans le haut du Val Piumogna. Le nom Campo Tencia est une invention toponymique de 1858, pour indiquer la plus haute montagne (3071,7 m) enti\u00e8rement sur le territoire tessinois lors de la r\u00e9daction de la fameuse carte nationale du g\u00e9n\u00e9ral Dufour. Le nom est compos\u00e9 de l\u2019union de deux toponymes se r\u00e9f\u00e9rant aux alpages Campo et Tencia appartenant \u00e0 la bourgeoisie de Prato, situ\u00e9 dans le haut du Val Lavizzara dans la vall\u00e9e de la Maggia.<\/p>\n\n\n\n<p>Elle a \u00e9t\u00e9 inaugur\u00e9e le 11 ao\u00fbt 1912. En 1932, Patocchi pr\u00e9sente des plans pour l\u2019extension de la nouvelle aile est qui est construite l\u2019\u00e9t\u00e9 1933. Durant quarante ans, on proc\u00e9de \u00e0 des travaux de r\u00e9novation et d\u2019am\u00e9lioration. Le 22 ao\u00fbt 1975, un incendie d\u00e9truit enti\u00e8rement la cabane et le travail acharn\u00e9 de tant d\u2019ann\u00e9es.<\/p>\n\n\n\n<p>L\u2019\u00e9t\u00e9 de l\u2019ann\u00e9e suivante, la cabane rena\u00eet, plus grande, plus belle et plus fonctionnelle qu\u2019avant. Sa structure esth\u00e9tique devait \u00eatre, sur le plan national, une agr\u00e9able surprise due \u00e0 l\u2019architecte Oscar Hofmann. Non plus l\u2019image des cabanes alpines, carr\u00e9es et uniformes, mais d\u2019un look innovant, \u00e9lanc\u00e9e et gracieuse, faite de structures portantes en acier, isol\u00e9e et recouverte de mat\u00e9riaux adapt\u00e9s \u00e0 l\u2019altitude. La nouvelle inauguration a eu lieu le 25 septembre 1977. Au fil des ann\u00e9es de nombreuses am\u00e9liorations ont \u00e9t\u00e9 apport\u00e9es et en 2008, dans la nouvelle aile nord l\u2019adjonction d\u2019une cuisine professionnelle.<\/p>\n\n\n\n<p>Le 11 ao\u00fbt 2012 a \u00e9t\u00e9 f\u00eat\u00e9 les 100 ans de la cabane.<\/p>\n\n\n\n<div style=\"height:50px\" aria-hidden=\"true\" class=\"wp-block-spacer\"><\/div>\n\n\n\n<figure class=\"wp-block-image size-large\"><img loading=\"lazy\" decoding=\"async\" width=\"1024\" height=\"702\" src=\"https:\/\/staging.campotencia.casticino.ch\/wp-content\/uploads\/2024\/04\/storia-1-1024x702.jpg\" alt=\"\" class=\"wp-image-125\" srcset=\"https:\/\/campotencia.casticino.ch\/wp-content\/uploads\/2024\/04\/storia-1-1024x702.jpg 1024w, https:\/\/campotencia.casticino.ch\/wp-content\/uploads\/2024\/04\/storia-1-300x206.jpg 300w, https:\/\/campotencia.casticino.ch\/wp-content\/uploads\/2024\/04\/storia-1-768x526.jpg 768w, https:\/\/campotencia.casticino.ch\/wp-content\/uploads\/2024\/04\/storia-1.jpg 1500w\" sizes=\"auto, (max-width: 1024px) 100vw, 1024px\" \/><\/figure>\n\n\n\n<p><\/p>\n\n\n\n<figure class=\"wp-block-image size-large\"><img loading=\"lazy\" decoding=\"async\" width=\"1024\" height=\"710\" src=\"https:\/\/staging.campotencia.casticino.ch\/wp-content\/uploads\/2024\/04\/storia-2-1024x710.jpg\" alt=\"\" class=\"wp-image-126\" srcset=\"https:\/\/campotencia.casticino.ch\/wp-content\/uploads\/2024\/04\/storia-2-1024x710.jpg 1024w, https:\/\/campotencia.casticino.ch\/wp-content\/uploads\/2024\/04\/storia-2-300x208.jpg 300w, https:\/\/campotencia.casticino.ch\/wp-content\/uploads\/2024\/04\/storia-2-768x533.jpg 768w, https:\/\/campotencia.casticino.ch\/wp-content\/uploads\/2024\/04\/storia-2-1536x1065.jpg 1536w, https:\/\/campotencia.casticino.ch\/wp-content\/uploads\/2024\/04\/storia-2.jpg 1772w\" sizes=\"auto, (max-width: 1024px) 100vw, 1024px\" \/><\/figure>\n\n\n\n<p><\/p>\n\n\n\n<figure class=\"wp-block-image size-large\"><img loading=\"lazy\" decoding=\"async\" width=\"1024\" height=\"667\" src=\"https:\/\/staging.campotencia.casticino.ch\/wp-content\/uploads\/2024\/04\/storia-3-1024x667.jpg\" alt=\"\" class=\"wp-image-127\" srcset=\"https:\/\/campotencia.casticino.ch\/wp-content\/uploads\/2024\/04\/storia-3-1024x667.jpg 1024w, https:\/\/campotencia.casticino.ch\/wp-content\/uploads\/2024\/04\/storia-3-300x195.jpg 300w, https:\/\/campotencia.casticino.ch\/wp-content\/uploads\/2024\/04\/storia-3-768x500.jpg 768w, https:\/\/campotencia.casticino.ch\/wp-content\/uploads\/2024\/04\/storia-3.jpg 1500w\" sizes=\"auto, (max-width: 1024px) 100vw, 1024px\" \/><\/figure>\n","protected":false},"excerpt":{"rendered":"<p>La premi\u00e8re cabane des montagnes du Tessin La premi\u00e8re cabane des montagnes tessinoises a, en effet, \u00e9t\u00e9 construite en 1912 au pied de la cha\u00eene du m\u00eame nom, sur le versant l\u00e9ventin de la vall\u00e9e et plus pr\u00e9cis\u00e9ment dans le haut du Val Piumogna. Le nom Campo Tencia est une invention toponymique de 1858, pour [&hellip;]<\/p>\n","protected":false},"author":2,"featured_media":0,"parent":0,"menu_order":0,"comment_status":"closed","ping_status":"closed","template":"","meta":{"pgc_sgb_lightbox_settings":"","footnotes":""},"class_list":["post-236","page","type-page","status-publish","hentry"],"aioseo_notices":[],"_links":{"self":[{"href":"https:\/\/campotencia.casticino.ch\/index.php?rest_route=\/wp\/v2\/pages\/236","targetHints":{"allow":["GET"]}}],"collection":[{"href":"https:\/\/campotencia.casticino.ch\/index.php?rest_route=\/wp\/v2\/pages"}],"about":[{"href":"https:\/\/campotencia.casticino.ch\/index.php?rest_route=\/wp\/v2\/types\/page"}],"author":[{"embeddable":true,"href":"https:\/\/campotencia.casticino.ch\/index.php?rest_route=\/wp\/v2\/users\/2"}],"replies":[{"embeddable":true,"href":"https:\/\/campotencia.casticino.ch\/index.php?rest_route=%2Fwp%2Fv2%2Fcomments&post=236"}],"version-history":[{"count":3,"href":"https:\/\/campotencia.casticino.ch\/index.php?rest_route=\/wp\/v2\/pages\/236\/revisions"}],"predecessor-version":[{"id":346,"href":"https:\/\/campotencia.casticino.ch\/index.php?rest_route=\/wp\/v2\/pages\/236\/revisions\/346"}],"wp:attachment":[{"href":"https:\/\/campotencia.casticino.ch\/index.php?rest_route=%2Fwp%2Fv2%2Fmedia&parent=236"}],"curies":[{"name":"wp","href":"https:\/\/api.w.org\/{rel}","templated":true}]}}