{"id":228,"date":"2024-05-01T20:04:52","date_gmt":"2024-05-01T20:04:52","guid":{"rendered":"https:\/\/staging.campotencia.casticino.ch\/?page_id=228"},"modified":"2024-10-09T16:28:27","modified_gmt":"2024-10-09T16:28:27","slug":"tarifs","status":"publish","type":"page","link":"https:\/\/campotencia.casticino.ch\/?page_id=228&lang=fr","title":{"rendered":"TARIFS"},"content":{"rendered":"\n<p>Nuit\u00e9e et demi-pension (d\u00eener et petit d\u00e9jeuner)<\/p>\n\n\n\n<figure class=\"wp-block-table\"><table><thead><tr><th colspan=\"3\"><strong>Membres du CAS\/FAT et soci\u00e9t\u00e9s ayant droits de r\u00e9ciprocit\u00e9.<\/strong><\/th><\/tr><\/thead><tbody><tr><td>Enfants<\/td><td>&lt;8 ans<\/td><td>Fr. 30.-<\/td><\/tr><tr><td>Jeunes<\/td><td>des 8 a 14 ans<\/td><td>Fr. 45.-<\/td><\/tr><tr><td>Jeunes<\/td><td>des 15 a 21 ans<\/td><td>Fr. 58.-<\/td><\/tr><tr><td>Adultes<\/td><td>&gt;22 ans<\/td><td>Fr. 75.-<\/td><\/tr><tr><td>Guides UIAGM<\/td><td><\/td><td>Fr. 50.-<\/td><\/tr><\/tbody><\/table><\/figure>\n\n\n\n<figure class=\"wp-block-table\"><table><thead><tr><th colspan=\"3\"><strong>Non membres<\/strong><\/th><\/tr><\/thead><tbody><tr><td>Enfants<\/td><td>&lt;8 ans<\/td><td>Fr. 30.-<\/td><\/tr><tr><td>Jeunes<\/td><td>des 8 a 14 ans<\/td><td>Fr. 50.-<\/td><\/tr><tr><td>Jeunes<\/td><td>des 15 a 21 ans<\/td><td>Fr. 63.-<\/td><\/tr><tr><td>Adultes<\/td><td>&gt;22 ans<\/td><td>Fr. 85.-<\/td><\/tr><\/tbody><\/table><\/figure>\n\n\n\n<figure class=\"wp-block-table\"><table><thead><tr><th colspan=\"3\">Prix favorables pour les familles<\/th><\/tr><\/thead><tbody><tr><td colspan=\"2\">(<strong>Dimanches &#8211; Jeudi<\/strong>)<br>R\u00e9duction pour chaque enfant &lt; 15 ans<\/td><td>Fr. 5.-<\/td><\/tr><\/tbody><\/table><\/figure>\n\n\n\n<figure class=\"wp-block-table\"><table><thead><tr><th colspan=\"3\"><strong>Offres pour groupes de jeunesse (\u00e9cole, scouts, cours G+S)<\/strong><\/th><\/tr><\/thead><tbody><tr><td colspan=\"2\">(<strong>Lundi &#8211; Jeudi<\/strong>)<br>Enfant &lt; 15 ans<\/td><td>Fr. 40.-<\/td><\/tr><tr><td colspan=\"2\">Jeunes des 15 a 18 ans<\/td><td>Fr. 45.-<\/td><\/tr><\/tbody><\/table><\/figure>\n\n\n\n<figure class=\"wp-block-table\"><table><thead><tr><th colspan=\"3\">Extra<\/th><\/tr><\/thead><tbody><tr><td colspan=\"2\">Lunch<\/td><td>Fr. 12.-<\/td><\/tr><tr><td colspan=\"2\">The (1 lt)<\/td><td>Fr. 3.-<\/td><\/tr><tr><td colspan=\"2\">Douche (par personne)<\/td><td>Fr. 5.-<\/td><\/tr><tr><td colspan=\"3\"><strong>Pour des raisons d\u2019hygi\u00e8ne, l\u2019utilisation d\u2019un sac de couchage est conseill\u00e9e.<\/strong><\/td><\/tr><tr><td colspan=\"2\">Sac de couchage \u00e0 usage unique en vente \u00e0 la cabane<\/td><td>Fr. 7.-<\/td><\/tr><\/tbody><\/table><\/figure>\n\n\n\n<ul class=\"wp-block-list\">\n<li><strong>R\u00e9servation&nbsp; OBLIGATOIRE<\/strong><\/li>\n\n\n\n<li>La cabane est gardienn\u00e9e de la mi-juin \u00e0 la mi-octobre.<\/li>\n\n\n\n<li>Pendant l\u2019hiver Marz -Avril sur demande en cas de groupes<\/li>\n\n\n\n<li>Le local d\u2019hiver est toujours ouvert. Boissons et bois \u00e0 disposition.<\/li>\n<\/ul>\n\n\n\n<h3 class=\"wp-block-heading\">R\u00e9servation et annulation<\/h3>\n\n\n\n<p>V\u00e9rifiez la disponibilit\u00e9 et r\u00e9servez votre s\u00e9jour directement sur le lien suivant:<\/p>\n\n\n\n<p><a href=\"https:\/\/www.alpsonline.org\/reservation\/calendar?hut_id=36&amp;lang=fr\" target=\"_blank\" rel=\"noreferrer noopener\">www.alpsonline.org<\/a><\/p>\n\n\n\n<p>Annulations sans frais suppl\u00e9mentaires doivent parvenir au plus tard \u00e0 18h00, deux jours avant la date r\u00e9serv\u00e9e (voir <a href=\"https:\/\/staging.campotencia.casticino.ch\/wp-content\/uploads\/2024\/06\/2020_CG_Cabanes_CAS_FR.pdf\">conditions g\u00e9n\u00e9rales CAS 2020<\/a>).<\/p>\n\n\n\n<h3 class=\"wp-block-heading\">Informations<\/h3>\n\n\n\n<p>Par E-Mail: <a href=\"mailto:info@casticino.ch\">campotencia@casticino.ch<\/a><\/p>\n\n\n\n<p>Pendant la saison (15.6 \u2013 15.10):<br>T\u00e9l. cabane:&nbsp;<strong>+41 (0) 91 867 15 44<\/strong><\/p>\n\n\n\n<p>Mobile guardien: <strong>+41 (0) 76 721 25 72<\/strong><\/p>\n\n\n\n<p>L&#8217;hiver: <strong>+41 (0) 76 721 25 72<\/strong><\/p>\n\n\n\n<p>Nous ne r\u00e9pondons pas aux r\u00e9servations ou demandes via les r\u00e9seaux sociaux, pour plus d&#8217;informations, appelez-nous!<\/p>\n\n\n\n<div class=\"wp-block-stackable-columns stk-block-columns stk-block stk-8b55ae9\" data-block-id=\"8b55ae9\"><style>.stk-8b55ae9-column{--stk-columns-spacing:26px !important;--stk-column-gap:27px !important}<\/style><div class=\"stk-row stk-inner-blocks stk-block-content stk-content-align stk-8b55ae9-column\">\n<div class=\"wp-block-stackable-column stk-block-column stk-column stk-block stk-3fe9d93 stk-block-background\" data-v=\"4\" data-block-id=\"3fe9d93\"><div class=\"stk-column-wrapper stk-block-column__content stk-container stk-3fe9d93-container stk--no-background stk--no-padding\"><div class=\"stk-block-content stk-inner-blocks stk-3fe9d93-inner-blocks\">\n<p>R\u00e9glement pour les visiteurs &#8211; <a href=\"https:\/\/staging.campotencia.casticino.ch\/wp-content\/uploads\/2024\/04\/Disposizioni_per_gli_ospiti.pdf\" target=\"_blank\" rel=\"noreferrer noopener\">t\u00e9l\u00e9charger le PDF<\/a><\/p>\n<\/div><\/div><\/div>\n\n\n\n<div class=\"wp-block-stackable-column stk-block-column stk-column stk-block stk-92cf779 stk-block-background\" data-v=\"4\" data-block-id=\"92cf779\"><div class=\"stk-column-wrapper stk-block-column__content stk-container stk-92cf779-container stk--no-background stk--no-padding\"><div class=\"stk-block-content stk-inner-blocks stk-92cf779-inner-blocks\">\n<p>Conditions g\u00e9n\u00e9rales &#8211; <a href=\"https:\/\/staging.campotencia.casticino.ch\/wp-content\/uploads\/2024\/06\/2020_CG_Cabanes_CAS_FR.pdf\">t\u00e9l\u00e9charger le PDF<\/a><\/p>\n<\/div><\/div><\/div>\n\n\n\n<div class=\"wp-block-stackable-column stk-block-column stk-column stk-block stk-0afd78d stk-block-background\" data-v=\"4\" data-block-id=\"0afd78d\"><div class=\"stk-column-wrapper stk-block-column__content stk-container stk-0afd78d-container stk--no-background stk--no-padding\"><div class=\"stk-block-content stk-inner-blocks stk-0afd78d-inner-blocks\">\n<p>Plus de renseignements: <a href=\"mailto:campotencia@casticino.ch\"><a href=\"mailto:info@casticino.ch\">campotencia@casticino.ch<\/a><\/a> &#8211; T\u00e9l. cabane: +41918671544<\/p>\n<\/div><\/div><\/div>\n<\/div><\/div>\n","protected":false},"excerpt":{"rendered":"<p>Nuit\u00e9e et demi-pension (d\u00eener et petit d\u00e9jeuner) Membres du CAS\/FAT et soci\u00e9t\u00e9s ayant droits de r\u00e9ciprocit\u00e9. Enfants &lt;8 ans Fr. 30.- Jeunes des 8 a 14 ans Fr. 45.- Jeunes des 15 a 21 ans Fr. 58.- Adultes &gt;22 ans Fr. 75.- Guides UIAGM Fr. 50.- Non membres Enfants &lt;8 ans Fr. 30.- Jeunes des [&hellip;]<\/p>\n","protected":false},"author":2,"featured_media":0,"parent":0,"menu_order":0,"comment_status":"closed","ping_status":"closed","template":"","meta":{"pgc_sgb_lightbox_settings":"","footnotes":""},"class_list":["post-228","page","type-page","status-publish","hentry"],"aioseo_notices":[],"_links":{"self":[{"href":"https:\/\/campotencia.casticino.ch\/index.php?rest_route=\/wp\/v2\/pages\/228","targetHints":{"allow":["GET"]}}],"collection":[{"href":"https:\/\/campotencia.casticino.ch\/index.php?rest_route=\/wp\/v2\/pages"}],"about":[{"href":"https:\/\/campotencia.casticino.ch\/index.php?rest_route=\/wp\/v2\/types\/page"}],"author":[{"embeddable":true,"href":"https:\/\/campotencia.casticino.ch\/index.php?rest_route=\/wp\/v2\/users\/2"}],"replies":[{"embeddable":true,"href":"https:\/\/campotencia.casticino.ch\/index.php?rest_route=%2Fwp%2Fv2%2Fcomments&post=228"}],"version-history":[{"count":13,"href":"https:\/\/campotencia.casticino.ch\/index.php?rest_route=\/wp\/v2\/pages\/228\/revisions"}],"predecessor-version":[{"id":1344,"href":"https:\/\/campotencia.casticino.ch\/index.php?rest_route=\/wp\/v2\/pages\/228\/revisions\/1344"}],"wp:attachment":[{"href":"https:\/\/campotencia.casticino.ch\/index.php?rest_route=%2Fwp%2Fv2%2Fmedia&parent=228"}],"curies":[{"name":"wp","href":"https:\/\/api.w.org\/{rel}","templated":true}]}}