{"id":224,"date":"2024-05-01T18:22:12","date_gmt":"2024-05-01T18:22:12","guid":{"rendered":"https:\/\/staging.campotencia.casticino.ch\/?page_id=224"},"modified":"2024-06-27T07:05:03","modified_gmt":"2024-06-27T07:05:03","slug":"cabane","status":"publish","type":"page","link":"https:\/\/campotencia.casticino.ch\/?page_id=224&lang=fr","title":{"rendered":"CABANE"},"content":{"rendered":"\n<h3 class=\"wp-block-heading\"><strong>LA PREMI\u00c8RE CABANE DES MONTAGNES TESSINOISES<\/strong><\/h3>\n\n\n\n<div style=\"height:50px\" aria-hidden=\"true\" class=\"wp-block-spacer\"><\/div>\n\n\n\n<p>La cabane, confortable et moderne, est construite sur 3 \u00e9tages.<\/p>\n\n\n\n<p>Rez de chauss\u00e9e: entr\u00e9e principale, local \u00e0 chaussures-\u00e9tendage et sanitaires (WC\/douches) .<\/p>\n\n\n\n<p>Au premier \u00e9tage: s\u00e9jour lumineux offrant 70 places assises, muni de grandes fen\u00eatres panoramiques, beamer pour animations et belle grande cuisine o\u00f9 sont mijot\u00e9es les c\u00e9l\u00e8bres sp\u00e9cialit\u00e9s de la Campo Tencia.<\/p>\n\n\n\n<p>Au deuxi\u00e8me \u00e9tage, 70 lits r\u00e9partis dans 7 chambres. Certaines pr\u00e9vues pour 4 \u00e0 8 personnes, id\u00e9ales pour les familles d\u00e9sirant s\u00e9journer plusieurs jours. Tous les lits sont \u00e9quip\u00e9s de duvets nordiques.<\/p>\n","protected":false},"excerpt":{"rendered":"<p>LA PREMI\u00c8RE CABANE DES MONTAGNES TESSINOISES La cabane, confortable et moderne, est construite sur 3 \u00e9tages. Rez de chauss\u00e9e: entr\u00e9e principale, local \u00e0 chaussures-\u00e9tendage et sanitaires (WC\/douches) . Au premier \u00e9tage: s\u00e9jour lumineux offrant 70 places assises, muni de grandes fen\u00eatres panoramiques, beamer pour animations et belle grande cuisine o\u00f9 sont mijot\u00e9es les c\u00e9l\u00e8bres sp\u00e9cialit\u00e9s [&hellip;]<\/p>\n","protected":false},"author":2,"featured_media":0,"parent":0,"menu_order":0,"comment_status":"closed","ping_status":"closed","template":"","meta":{"pgc_sgb_lightbox_settings":"","footnotes":""},"class_list":["post-224","page","type-page","status-publish","hentry"],"aioseo_notices":[],"_links":{"self":[{"href":"https:\/\/campotencia.casticino.ch\/index.php?rest_route=\/wp\/v2\/pages\/224","targetHints":{"allow":["GET"]}}],"collection":[{"href":"https:\/\/campotencia.casticino.ch\/index.php?rest_route=\/wp\/v2\/pages"}],"about":[{"href":"https:\/\/campotencia.casticino.ch\/index.php?rest_route=\/wp\/v2\/types\/page"}],"author":[{"embeddable":true,"href":"https:\/\/campotencia.casticino.ch\/index.php?rest_route=\/wp\/v2\/users\/2"}],"replies":[{"embeddable":true,"href":"https:\/\/campotencia.casticino.ch\/index.php?rest_route=%2Fwp%2Fv2%2Fcomments&post=224"}],"version-history":[{"count":2,"href":"https:\/\/campotencia.casticino.ch\/index.php?rest_route=\/wp\/v2\/pages\/224\/revisions"}],"predecessor-version":[{"id":339,"href":"https:\/\/campotencia.casticino.ch\/index.php?rest_route=\/wp\/v2\/pages\/224\/revisions\/339"}],"wp:attachment":[{"href":"https:\/\/campotencia.casticino.ch\/index.php?rest_route=%2Fwp%2Fv2%2Fmedia&parent=224"}],"curies":[{"name":"wp","href":"https:\/\/api.w.org\/{rel}","templated":true}]}}