{"id":212,"date":"2024-05-01T18:08:36","date_gmt":"2024-05-01T18:08:36","guid":{"rendered":"https:\/\/staging.campotencia.casticino.ch\/?page_id=212"},"modified":"2024-06-24T08:01:49","modified_gmt":"2024-06-24T08:01:49","slug":"ausfluge-vorgeschlagen","status":"publish","type":"page","link":"https:\/\/campotencia.casticino.ch\/?page_id=212&lang=de","title":{"rendered":"ALPINE WANDERUNGEN"},"content":{"rendered":"\n<h3 class=\"wp-block-heading\">Alpine Wanderungen (T4-T6)<\/h3>\n\n\n\n<div style=\"height:20px\" aria-hidden=\"true\" class=\"wp-block-spacer\"><\/div>\n\n\n\n<p>Die Schwierigkeitsgrade des Bergwandern werden nach der T-Skala in sechs Schwierigkeitsstufen eingeteilt: von T1 (Wanderung) bis T6 (schwere Hochgebirgswanderung). Im Gebiet Campo Tencia gibt es mehrere m\u00f6gliche Ziele: Pizzo Campo Tencia, Pizzo Forno oder Pizzo Campolungo. Diese Routen sind nur teilweise markiert, daher ist Orientierugserfahrung erforderlich. Zu Beginn des Sommers kann es zu objektiven Gefahren sowie Schneefeldern auf die Sie ausreichend vorbereitet sein m\u00fcssen.<\/p>\n\n\n\n<div class=\"wp-block-stackable-feature-grid alignwide stk-block-feature-grid stk-block-columns stk-block stk-1527591 is-style-default\" data-block-id=\"1527591\"><style>.stk-1527591{margin-bottom:0px !important}<\/style><div class=\"stk-row stk-inner-blocks has-text-align-center stk-block-content stk-content-align stk-1527591-column alignwide\">\n<div class=\"wp-block-stackable-column stk-block-column stk-column stk-block stk-8425de3\" data-v=\"4\" data-block-id=\"8425de3\"><div class=\"stk-column-wrapper stk-block-column__content stk-container stk-8425de3-container stk-hover-parent\"><div class=\"stk-block-content stk-inner-blocks stk-8425de3-inner-blocks\">\n<div class=\"wp-block-stackable-image stk-block-image stk-block stk-1e965c9\" data-block-id=\"1e965c9\"><style>.stk-1e965c9 .stk-img-wrapper{width:100% !important;height:300px !important}<\/style><figure><span class=\"stk-img-wrapper stk-image--shape-stretch\"><img loading=\"lazy\" decoding=\"async\" class=\"stk-img wp-image-540\" src=\"https:\/\/staging.campotencia.casticino.ch\/wp-content\/uploads\/2024\/06\/B.jpg\" width=\"2500\" height=\"1667\" srcset=\"https:\/\/campotencia.casticino.ch\/wp-content\/uploads\/2024\/06\/B.jpg 2500w, https:\/\/campotencia.casticino.ch\/wp-content\/uploads\/2024\/06\/B-300x200.jpg 300w, https:\/\/campotencia.casticino.ch\/wp-content\/uploads\/2024\/06\/B-1024x683.jpg 1024w, https:\/\/campotencia.casticino.ch\/wp-content\/uploads\/2024\/06\/B-768x512.jpg 768w, https:\/\/campotencia.casticino.ch\/wp-content\/uploads\/2024\/06\/B-1536x1024.jpg 1536w, https:\/\/campotencia.casticino.ch\/wp-content\/uploads\/2024\/06\/B-2048x1366.jpg 2048w\" sizes=\"auto, (max-width: 2500px) 100vw, 2500px\" \/><\/span><\/figure><\/div>\n\n\n\n<div class=\"wp-block-stackable-heading stk-block-heading stk-block-heading--v2 stk-block stk-8505254\" id=\"pizzo-campo-tencia-3072-mu-m-und-pizzo-croslina-3012-mu-m\" data-block-id=\"8505254\"><h3 class=\"stk-block-heading__text\">Pizzo Campo Tencia 3072 M\u00fcM und Pizzo Croslina 3012 M\u00fcM<\/h3><\/div>\n\n\n\n<p class=\"has-text-align-left\">Der Campo Tencia ist der h\u00f6chste Berg, der vollst\u00e4ndig auf Tessiner Boden liegt. Seinen Namen verdankt er den r\u00f6tlichen und eisenhaltigen Felsen im Dialekt: \u201etencie\u201c oder schmutzig. Mitten im Kanton bietet er einen aussergew\u00f6hnlichen 360\u00b0-Blick. Von oben besteht die M\u00f6glichkeit, ins Lavizzara-Tal abzusteigen oder sich dem H\u00f6henweg des Vallemaggia anzuschlie\u00dfen.<\/p>\n\n\n\n<div class=\"wp-block-stackable-text stk-block-text stk-block stk-3a04ac7\" data-block-id=\"3a04ac7\"><p class=\"stk-block-text__text has-text-align-left\"><strong>L\u00e4nge<\/strong>: 3 km <br><strong><strong>H\u00f6henunterschied<\/strong><\/strong>: 940 Hm<br><strong>Zeit<\/strong>: 3 Stunden f\u00fcr einen Gipfel, 4 Stunden f\u00fcr beide Gipfel<br><strong><strong>Schwierigkeitsgrad<\/strong><\/strong>: T4 P. Campo Tencia; T6 P. Croslina<br><strong>Material:<\/strong> gutes Schuhwerk<br><strong>Alternative:<\/strong> Von der L\u00fccke auf 2865 M\u00fcM kann man leicht ansteigend in n\u00f6rdlicher Richtung \u00fcberqueren, bis man den Grat erreicht, der zum Gipfel des Pizzo Croslina f\u00fchrt. Besonders <strong><span style=\"color: #cf2e2e;\" class=\"stk-highlight\">beim Abstieg gilt es auf die exponierte Passage zu achten!<\/span><\/strong><\/p><\/div>\n\n\n\n<div class=\"wp-block-stackable-text stk-block-text stk-block stk-2719c32\" data-block-id=\"2719c32\"><p class=\"stk-block-text__text has-text-align-left\"><strong>Achtung:<\/strong> Die Route ist gr\u00f6\u00dftenteils markiert, an einzelnen Stellen ist auf die Gefahr von Steinschl\u00e4gen zu achten. Zu Beginn des Sommers Schneefelder im Becken vor dem Crozlinal\u00fccke. <br><\/p><\/div>\n\n\n\n<div class=\"wp-block-stackable-button-group stk-block-button-group stk-block stk-db41edf\" data-block-id=\"db41edf\"><div class=\"stk-row stk-inner-blocks stk-block-content stk-button-group\">\n<div class=\"wp-block-stackable-button stk-block-button stk-block stk-7cc5d94\" data-block-id=\"7cc5d94\"><style>.stk-7cc5d94 .stk-button{background:#477081 !important}<\/style><a class=\"stk-link stk-button stk--hover-effect-darken\" href=\"https:\/\/staging.campotencia.casticino.ch\/wp-content\/uploads\/2024\/06\/B.-Pizzo-Campo-Tencia-3072-m-Pizzo-Croslina-3012-m-DE.pdf\" target=\"_blank\" rel=\"noreferrer noopener\"><span class=\"stk-button__inner-text\">DETAILS<\/span><\/a><\/div>\n<\/div><\/div>\n<\/div><\/div><\/div>\n\n\n\n<div class=\"wp-block-stackable-column stk-block-column stk-column stk-block stk-e9877a0\" data-v=\"4\" data-block-id=\"e9877a0\"><div class=\"stk-column-wrapper stk-block-column__content stk-container stk-e9877a0-container stk-hover-parent\"><div class=\"stk-block-content stk-inner-blocks stk-e9877a0-inner-blocks\">\n<div class=\"wp-block-stackable-image stk-block-image stk-block stk-08fb247\" data-block-id=\"08fb247\"><style>.stk-08fb247 .stk-img-wrapper{width:100% !important;height:315px !important}<\/style><figure><span class=\"stk-img-wrapper stk-image--shape-stretch\"><img loading=\"lazy\" decoding=\"async\" class=\"stk-img wp-image-531\" src=\"https:\/\/staging.campotencia.casticino.ch\/wp-content\/uploads\/2024\/06\/D_02.jpg\" width=\"2163\" height=\"2153\" srcset=\"https:\/\/campotencia.casticino.ch\/wp-content\/uploads\/2024\/06\/D_02.jpg 2163w, https:\/\/campotencia.casticino.ch\/wp-content\/uploads\/2024\/06\/D_02-300x300.jpg 300w, https:\/\/campotencia.casticino.ch\/wp-content\/uploads\/2024\/06\/D_02-1024x1019.jpg 1024w, https:\/\/campotencia.casticino.ch\/wp-content\/uploads\/2024\/06\/D_02-150x150.jpg 150w, https:\/\/campotencia.casticino.ch\/wp-content\/uploads\/2024\/06\/D_02-768x764.jpg 768w, https:\/\/campotencia.casticino.ch\/wp-content\/uploads\/2024\/06\/D_02-1536x1529.jpg 1536w, https:\/\/campotencia.casticino.ch\/wp-content\/uploads\/2024\/06\/D_02-2048x2039.jpg 2048w\" sizes=\"auto, (max-width: 2163px) 100vw, 2163px\" \/><\/span><\/figure><\/div>\n\n\n\n<div class=\"wp-block-stackable-heading stk-block-heading stk-block-heading--v2 stk-block stk-803ace5\" id=\"pizzo-forno-2907-mu-m\" data-block-id=\"803ace5\"><style>.stk-803ace5{margin-bottom:43px !important}<\/style><h3 class=\"stk-block-heading__text\">Pizzo Forno 2907 M\u00fcM<\/h3><\/div>\n\n\n\n<p class=\"has-text-align-left\">Die f\u00fcnfte Etappe der Via Idra verl\u00e4uft entlang der Senda del Ghiaccio und erreicht dann den Ghiacciaione-Pass. Von da aus ist es m\u00f6glich auf dem Gipfel des Pizzo Forno zu steigen, bevor es zur Alpe Sponda H\u00fctte absteigt.Via Alta Idra: Etappe 5<\/p>\n\n\n\n<div class=\"wp-block-stackable-text stk-block-text stk-block stk-9fc7c51\" data-block-id=\"9fc7c51\"><p class=\"stk-block-text__text has-text-align-left\"><strong>L\u00e4nge<\/strong>: 4,5\u00a0km<br><strong><strong>H\u00f6henunterschied<\/strong><\/strong>: 767 Hm<br><strong>Zeit<\/strong>: ca. 3 Stunden<br><strong><strong><strong><strong>Schwierigkeitsgrad<\/strong><\/strong><\/strong><\/strong>: T4<br><strong>Via Alta Idra:<\/strong> <a href=\"https:\/\/www.viaidra.ch\/tappa05\">V Etappe<\/a><\/p><\/div>\n\n\n\n<p class=\"has-text-align-left\"><strong>Achtung:<\/strong> Die Nordseite des Pizzo Forno bleibt l\u00e4ngere Zeit schneebedeckt, in diesem Fall sind gutes Schuhwerk und Steigeisen dringend zu empfehlen.<\/p>\n\n\n\n<p class=\"has-text-align-left\"><br><\/p>\n\n\n\n<p class=\"has-text-align-left\"><br><br><br><\/p>\n\n\n\n<div class=\"wp-block-stackable-button-group stk-block-button-group stk-block stk-d81616b\" data-block-id=\"d81616b\"><div class=\"stk-row stk-inner-blocks stk-block-content stk-button-group\">\n<div class=\"wp-block-stackable-button stk-block-button stk-block stk-7adb81b\" data-block-id=\"7adb81b\"><style>.stk-7adb81b .stk-button{background:#477081 !important}<\/style><a class=\"stk-link stk-button stk--hover-effect-darken\" href=\"https:\/\/staging.campotencia.casticino.ch\/wp-content\/uploads\/2024\/06\/D.-Pizzo-Forno-2907-m-DE.pdf\" target=\"_blank\" rel=\"noreferrer noopener\"><span class=\"stk-button__inner-text\">DETAILS<\/span><\/a><\/div>\n<\/div><\/div>\n<\/div><\/div><\/div>\n<\/div><\/div>\n\n\n\n<div class=\"wp-block-stackable-feature-grid alignwide stk-block-feature-grid stk-block-columns stk-block stk-5e603a9 is-style-default\" data-block-id=\"5e603a9\"><div class=\"stk-row stk-inner-blocks has-text-align-center stk-block-content stk-content-align stk-5e603a9-column alignwide\">\n<div class=\"wp-block-stackable-column stk-block-column stk-column stk-block stk-47ffc1a\" data-v=\"4\" data-block-id=\"47ffc1a\"><div class=\"stk-column-wrapper stk-block-column__content stk-container stk-47ffc1a-container stk-hover-parent\"><div class=\"stk-block-content stk-inner-blocks stk-47ffc1a-inner-blocks\">\n<div class=\"wp-block-stackable-image stk-block-image stk-block stk-9d6e8c7\" data-block-id=\"9d6e8c7\"><style>.stk-9d6e8c7 .stk-img-wrapper{width:100% !important;height:221px !important}<\/style><figure><span class=\"stk-img-wrapper stk-image--shape-stretch\"><img loading=\"lazy\" decoding=\"async\" class=\"stk-img wp-image-537\" src=\"https:\/\/staging.campotencia.casticino.ch\/wp-content\/uploads\/2024\/06\/C-scaled.jpg\" width=\"2560\" height=\"842\" srcset=\"https:\/\/campotencia.casticino.ch\/wp-content\/uploads\/2024\/06\/C-scaled.jpg 2560w, https:\/\/campotencia.casticino.ch\/wp-content\/uploads\/2024\/06\/C-300x99.jpg 300w, https:\/\/campotencia.casticino.ch\/wp-content\/uploads\/2024\/06\/C-1024x337.jpg 1024w, https:\/\/campotencia.casticino.ch\/wp-content\/uploads\/2024\/06\/C-768x253.jpg 768w, https:\/\/campotencia.casticino.ch\/wp-content\/uploads\/2024\/06\/C-1536x505.jpg 1536w, https:\/\/campotencia.casticino.ch\/wp-content\/uploads\/2024\/06\/C-2048x674.jpg 2048w\" sizes=\"auto, (max-width: 2560px) 100vw, 2560px\" \/><\/span><\/figure><\/div>\n\n\n\n<div class=\"wp-block-stackable-heading stk-block-heading stk-block-heading--v2 stk-block stk-69843d0\" id=\"pizzo-campolungo-2714-mu-m\" data-block-id=\"69843d0\"><h3 class=\"stk-block-heading__text\">Pizzo Campolungo 2714 M\u00fcM<\/h3><\/div>\n\n\n\n<div class=\"wp-block-stackable-text stk-block-text stk-block stk-4fdbb0f\" data-block-id=\"4fdbb0f\"><p class=\"stk-block-text__text has-text-align-left\">Vom Pizzo Campolungo \u00f6ffnet sich der Blick auf die Seen L\u00e8it, Tremorgio und Morghirolo, vorbei am Pizzo Pr\u00e8vat, dem Tessiner Matterhorn. Der Aufstieg ist nicht markiert und erfolgt \u00fcber steile Wiesen und un Blockgel\u00e4nde taleinw\u00e4rts vor der Alp Lei di Cima.<\/p><\/div>\n\n\n\n<div class=\"wp-block-stackable-text stk-block-text stk-block stk-3b59e70\" data-block-id=\"3b59e70\"><style>.stk-3b59e70{margin-bottom:0px !important}<\/style><p class=\"stk-block-text__text has-text-align-left\"><strong>L\u00e4nge<\/strong>: 3\u00a0Km<br><strong>H\u00f6henunterschied<\/strong>: 690 Hm<br><strong>Zeit<\/strong>: ca. 2,5-3 Stunden<br><strong><strong><strong>Schwierigkeitsgrad<\/strong><\/strong><\/strong>: T4<br><strong>Online-Karte:<\/strong> <a href=\"https:\/\/s.geo.admin.ch\/epntrruz341r\">Mapgeo Campolungo<\/a><\/p><\/div>\n\n\n\n<div class=\"wp-block-stackable-text stk-block-text stk-block stk-1497f25\" data-block-id=\"1497f25\"><style>.stk-1497f25{margin-bottom:0px !important}<\/style><p class=\"stk-block-text__text has-text-align-left\"><br><strong>Achtung:<\/strong> Die Route ist nicht markiert und obwohl sie nicht schwierig ist, erfordert sie Orientierungsf\u00e4higkeit.<\/p><\/div>\n\n\n\n<div class=\"wp-block-stackable-text stk-block-text stk-block stk-8575f71\" data-block-id=\"8575f71\"><style>.stk-8575f71{margin-bottom:0px !important}<\/style><p class=\"stk-block-text__text has-text-align-left\"><br><\/p><\/div>\n\n\n\n<div class=\"wp-block-stackable-button-group stk-block-button-group stk-block stk-2f6a62a\" data-block-id=\"2f6a62a\"><div class=\"stk-row stk-inner-blocks stk-block-content stk-button-group\">\n<div class=\"wp-block-stackable-button stk-block-button stk-block stk-edece5f\" data-block-id=\"edece5f\"><style>.stk-edece5f .stk-button{background:#477081 !important}<\/style><a class=\"stk-link stk-button stk--hover-effect-darken\" href=\"https:\/\/staging.campotencia.casticino.ch\/wp-content\/uploads\/2024\/06\/C.-Pizzo-Campolungo-2714-m-DE.pdf\" target=\"_blank\" rel=\"noreferrer noopener\"><span class=\"stk-button__inner-text\">DETAILS<\/span><\/a><\/div>\n<\/div><\/div>\n<\/div><\/div><\/div>\n\n\n\n<div class=\"wp-block-stackable-column stk-block-column stk-column stk-block stk-7f97c19\" data-v=\"4\" data-block-id=\"7f97c19\"><div class=\"stk-column-wrapper stk-block-column__content stk-container stk-7f97c19-container stk-hover-parent\"><div class=\"stk-block-content stk-inner-blocks stk-7f97c19-inner-blocks\">\n<div class=\"wp-block-stackable-image stk-block-image stk-block stk-d041862\" data-block-id=\"d041862\"><style>.stk-d041862 .stk-img-wrapper{width:100% !important;height:225px !important}<\/style><figure><span class=\"stk-img-wrapper stk-image--shape-stretch\"><img loading=\"lazy\" decoding=\"async\" class=\"stk-img wp-image-530\" src=\"https:\/\/staging.campotencia.casticino.ch\/wp-content\/uploads\/2024\/06\/A_foto-scaled.jpg\" width=\"2560\" height=\"1718\" srcset=\"https:\/\/campotencia.casticino.ch\/wp-content\/uploads\/2024\/06\/A_foto-scaled.jpg 2560w, https:\/\/campotencia.casticino.ch\/wp-content\/uploads\/2024\/06\/A_foto-300x201.jpg 300w, https:\/\/campotencia.casticino.ch\/wp-content\/uploads\/2024\/06\/A_foto-1024x687.jpg 1024w, https:\/\/campotencia.casticino.ch\/wp-content\/uploads\/2024\/06\/A_foto-768x516.jpg 768w, https:\/\/campotencia.casticino.ch\/wp-content\/uploads\/2024\/06\/A_foto-1536x1031.jpg 1536w, https:\/\/campotencia.casticino.ch\/wp-content\/uploads\/2024\/06\/A_foto-2048x1375.jpg 2048w\" sizes=\"auto, (max-width: 2560px) 100vw, 2560px\" \/><\/span><\/figure><\/div>\n\n\n\n<div class=\"wp-block-stackable-heading stk-block-heading stk-block-heading--v2 stk-block stk-1aa0cce\" id=\"campolungo-rundtour\" data-block-id=\"1aa0cce\"><h3 class=\"stk-block-heading__text\">Campolungo Rundtour<\/h3><\/div>\n\n\n\n<div class=\"wp-block-stackable-text stk-block-text stk-block stk-86d9edd\" data-block-id=\"86d9edd\"><p class=\"stk-block-text__text has-text-align-left\">Ein wilder und besonderer Tour, der eine alternative Verbindung zwischen der Leit-H\u00fctte und Campo Tencia \u00fcber die Valmagge-Seite bietet.<\/p><\/div>\n\n\n\n<p class=\"has-text-align-left\"><strong>L\u00e4nge<\/strong>: 8 Km<br><strong>H\u00f6henunterschied<\/strong>: ca. 1300 Hm<br><strong>Zeit<\/strong>: 6 &#8211; 8 Stunden<br><strong>Schwierigkeitsgrad<\/strong>: T5 teilweise mit Kabeln eingerichtet. <br><strong>Ausr\u00fcstung:<\/strong> gute Schuhwerk, Helm und evtl. Klettersteigset.<br><strong>Periode:<\/strong> Juli-September<br><br><strong>Achtung:<\/strong> Teilweise unwegsames und wildes Gel\u00e4nde, schlechtes Telefonempfang, Schneefelder auf den steilen und schattigen H\u00e4ngen im Fr\u00fchsommer!<br><\/p>\n\n\n\n<div class=\"wp-block-stackable-button-group stk-block-button-group stk-block stk-175bfc1\" data-block-id=\"175bfc1\"><div class=\"stk-row stk-inner-blocks stk-block-content stk-button-group\">\n<div class=\"wp-block-stackable-button stk-block-button stk-block stk-f74af0c\" data-block-id=\"f74af0c\"><style>.stk-f74af0c .stk-button{background:#477081 !important}<\/style><a class=\"stk-link stk-button stk--hover-effect-darken\" href=\"https:\/\/staging.campotencia.casticino.ch\/wp-content\/uploads\/2024\/06\/A.-Giro-del-Campolungo-DE.pdf\" target=\"_blank\" rel=\"noreferrer noopener\"><span class=\"stk-button__inner-text\">DETAILS<\/span><\/a><\/div>\n<\/div><\/div>\n<\/div><\/div><\/div>\n<\/div><\/div>\n","protected":false},"excerpt":{"rendered":"<p>Alpine Wanderungen (T4-T6) Die Schwierigkeitsgrade des Bergwandern werden nach der T-Skala in sechs Schwierigkeitsstufen eingeteilt: von T1 (Wanderung) bis T6 (schwere Hochgebirgswanderung). Im Gebiet Campo Tencia gibt es mehrere m\u00f6gliche Ziele: Pizzo Campo Tencia, Pizzo Forno oder Pizzo Campolungo. Diese Routen sind nur teilweise markiert, daher ist Orientierugserfahrung erforderlich. Zu Beginn des Sommers kann es [&hellip;]<\/p>\n","protected":false},"author":2,"featured_media":0,"parent":0,"menu_order":0,"comment_status":"closed","ping_status":"closed","template":"","meta":{"pgc_sgb_lightbox_settings":"","footnotes":""},"class_list":["post-212","page","type-page","status-publish","hentry"],"aioseo_notices":[],"_links":{"self":[{"href":"https:\/\/campotencia.casticino.ch\/index.php?rest_route=\/wp\/v2\/pages\/212","targetHints":{"allow":["GET"]}}],"collection":[{"href":"https:\/\/campotencia.casticino.ch\/index.php?rest_route=\/wp\/v2\/pages"}],"about":[{"href":"https:\/\/campotencia.casticino.ch\/index.php?rest_route=\/wp\/v2\/types\/page"}],"author":[{"embeddable":true,"href":"https:\/\/campotencia.casticino.ch\/index.php?rest_route=\/wp\/v2\/users\/2"}],"replies":[{"embeddable":true,"href":"https:\/\/campotencia.casticino.ch\/index.php?rest_route=%2Fwp%2Fv2%2Fcomments&post=212"}],"version-history":[{"count":18,"href":"https:\/\/campotencia.casticino.ch\/index.php?rest_route=\/wp\/v2\/pages\/212\/revisions"}],"predecessor-version":[{"id":1198,"href":"https:\/\/campotencia.casticino.ch\/index.php?rest_route=\/wp\/v2\/pages\/212\/revisions\/1198"}],"wp:attachment":[{"href":"https:\/\/campotencia.casticino.ch\/index.php?rest_route=%2Fwp%2Fv2%2Fmedia&parent=212"}],"curies":[{"name":"wp","href":"https:\/\/api.w.org\/{rel}","templated":true}]}}