{"id":186,"date":"2024-04-23T19:27:01","date_gmt":"2024-04-23T19:27:01","guid":{"rendered":"https:\/\/staging.campotencia.casticino.ch\/?page_id=186"},"modified":"2024-06-24T08:03:35","modified_gmt":"2024-06-24T08:03:35","slug":"aktivitaten","status":"publish","type":"page","link":"https:\/\/campotencia.casticino.ch\/?page_id=186&lang=de","title":{"rendered":"BERGWANDERUNGEN"},"content":{"rendered":"\n<h3 class=\"wp-block-heading\"><\/h3>\n\n\n\n<div style=\"height:50px\" aria-hidden=\"true\" class=\"wp-block-spacer\"><\/div>\n\n\n\n<div class=\"wp-block-stackable-feature-grid alignwide stk-block-feature-grid stk-block-columns stk-block stk-5e603a9 is-style-default\" data-block-id=\"5e603a9\"><div class=\"stk-row stk-inner-blocks has-text-align-center stk-block-content stk-content-align stk-5e603a9-column alignwide\">\n<div class=\"wp-block-stackable-column stk-block-column stk-column stk-block stk-e9877a0\" data-v=\"4\" data-block-id=\"e9877a0\"><div class=\"stk-column-wrapper stk-block-column__content stk-container stk-e9877a0-container stk-hover-parent\"><div class=\"stk-block-content stk-inner-blocks stk-e9877a0-inner-blocks\">\n<div class=\"wp-block-stackable-image stk-block-image stk-block stk-08fb247\" data-block-id=\"08fb247\"><style>.stk-08fb247 .stk-img-wrapper{width:100% !important;height:315px !important}<\/style><figure><span class=\"stk-img-wrapper stk-image--shape-stretch\"><img loading=\"lazy\" decoding=\"async\" class=\"stk-img wp-image-788\" src=\"https:\/\/staging.campotencia.casticino.ch\/wp-content\/uploads\/2024\/06\/Morghirolo-2.jpg\" width=\"1872\" height=\"1053\" srcset=\"https:\/\/campotencia.casticino.ch\/wp-content\/uploads\/2024\/06\/Morghirolo-2.jpg 1872w, https:\/\/campotencia.casticino.ch\/wp-content\/uploads\/2024\/06\/Morghirolo-2-300x169.jpg 300w, https:\/\/campotencia.casticino.ch\/wp-content\/uploads\/2024\/06\/Morghirolo-2-1024x576.jpg 1024w, https:\/\/campotencia.casticino.ch\/wp-content\/uploads\/2024\/06\/Morghirolo-2-768x432.jpg 768w, https:\/\/campotencia.casticino.ch\/wp-content\/uploads\/2024\/06\/Morghirolo-2-1536x864.jpg 1536w\" sizes=\"auto, (max-width: 1872px) 100vw, 1872px\" \/><\/span><\/figure><\/div>\n\n\n\n<div class=\"wp-block-stackable-heading stk-block-heading stk-block-heading--v2 stk-block stk-803ace5\" id=\"morghirolosee\" data-block-id=\"803ace5\"><h3 class=\"stk-block-heading__text\">Morghirolosee<\/h3><\/div>\n\n\n\n<div class=\"wp-block-stackable-text stk-block-text stk-block stk-de6ed8d\" data-block-id=\"de6ed8d\"><p class=\"stk-block-text__text has-text-align-left\">Im Morghirolo See, auf dem Weg zur Leith\u00fctte k\u00f6nnen Sie ein erfrischendes Bad nehmen.<\/p><\/div>\n\n\n\n<div class=\"wp-block-stackable-text stk-block-text stk-block stk-c222ffa\" data-block-id=\"c222ffa\"><p class=\"stk-block-text__text has-text-align-left\"><strong>L\u00e4nge<\/strong>: 7 Km<br><strong><strong>H\u00f6henunterschied<\/strong><\/strong>: +250 hM<br><strong>Zeit<\/strong>:  ca. 1 Std h\/z<br><strong><strong>Schwierigkeitsgrad<\/strong><\/strong>: T2<br><br><\/p><\/div>\n\n\n\n<div class=\"wp-block-stackable-button-group stk-block-button-group stk-block stk-d81616b\" data-block-id=\"d81616b\"><div class=\"stk-row stk-inner-blocks stk-block-content stk-button-group\">\n<div class=\"wp-block-stackable-button stk-block-button stk-block stk-7adb81b\" data-block-id=\"7adb81b\"><style>.stk-7adb81b .stk-button{background:#477081 !important}<\/style><a class=\"stk-link stk-button stk--hover-effect-darken\" href=\"https:\/\/staging.campotencia.casticino.ch\/wp-content\/uploads\/2024\/06\/E.-Lago-Morghirolo-e-Sentiero-Didattico-DE.pdf\" target=\"_blank\" rel=\"noreferrer noopener\"><span class=\"stk-button__inner-text\">DETAILS<\/span><\/a><\/div>\n<\/div><\/div>\n<\/div><\/div><\/div>\n\n\n\n<div class=\"wp-block-stackable-column stk-block-column stk-column stk-block stk-211741b\" data-v=\"4\" data-block-id=\"211741b\"><div class=\"stk-column-wrapper stk-block-column__content stk-container stk-211741b-container stk-hover-parent\"><div class=\"stk-block-content stk-inner-blocks stk-211741b-inner-blocks\">\n<div class=\"wp-block-stackable-image stk-block-image stk-block stk-aaffb89\" data-block-id=\"aaffb89\"><style>.stk-aaffb89{margin-bottom:27px !important}.stk-aaffb89 .stk-img-wrapper{width:100% !important;height:316px !important}<\/style><figure><span class=\"stk-img-wrapper stk-image--shape-stretch\"><img loading=\"lazy\" decoding=\"async\" class=\"stk-img wp-image-461\" src=\"https:\/\/staging.campotencia.casticino.ch\/wp-content\/uploads\/2024\/06\/Cap-tencia.jpg\" width=\"1872\" height=\"1053\" srcset=\"https:\/\/campotencia.casticino.ch\/wp-content\/uploads\/2024\/06\/Cap-tencia.jpg 1872w, https:\/\/campotencia.casticino.ch\/wp-content\/uploads\/2024\/06\/Cap-tencia-300x169.jpg 300w, https:\/\/campotencia.casticino.ch\/wp-content\/uploads\/2024\/06\/Cap-tencia-1024x576.jpg 1024w, https:\/\/campotencia.casticino.ch\/wp-content\/uploads\/2024\/06\/Cap-tencia-768x432.jpg 768w, https:\/\/campotencia.casticino.ch\/wp-content\/uploads\/2024\/06\/Cap-tencia-1536x864.jpg 1536w\" sizes=\"auto, (max-width: 1872px) 100vw, 1872px\" \/><\/span><\/figure><\/div>\n\n\n\n<div class=\"wp-block-stackable-heading stk-block-heading stk-block-heading--v2 stk-block stk-c319c7c\" id=\"lehrpfad\" data-block-id=\"c319c7c\"><h3 class=\"stk-block-heading__text\">Lehrpfad<\/h3><\/div>\n\n\n\n<div class=\"wp-block-stackable-text stk-block-text stk-block stk-8b076a1\" data-block-id=\"8b076a1\"><p class=\"stk-block-text__text has-text-align-left\">Einfache Rundwanderung ab Piumogna \u00fcber die H\u00fctte Campo Tencia und die Alp Morghirolo. Naturalistische Lehrtafeln entlang der Route.<\/p><\/div>\n\n\n\n<div class=\"wp-block-stackable-text stk-block-text stk-block stk-82fa7c1\" data-block-id=\"82fa7c1\"><p class=\"stk-block-text__text has-text-align-left\"><strong><strong>L\u00e4nge<\/strong><\/strong>: 12 Km<br><strong><strong><strong>H\u00f6henunterschied<\/strong><\/strong><\/strong>: +1&#8217;300 hM<br><strong><strong>Zeit<\/strong><\/strong>: ca. 4-5 Std<br><strong><strong><strong>Schwierigkeitsgrad<\/strong><\/strong><\/strong>: T3<br><strong><a href=\"https:\/\/s.geo.admin.ch\/151dbckh2v17\">Mappe online mapgeo<\/a><\/strong><br>Der Morghirolo-See kann man in einer zus\u00e4tzliche Stunde erreichen. M\u00f6glichkeit die H\u00fctte zum Mittagessen zu erreichen und die Tour in Richtung Alpe Morghirolo am Nachmittag abzuschlie\u00dfen.<br><\/p><\/div>\n\n\n\n<div class=\"wp-block-stackable-button-group stk-block-button-group stk-block stk-315a401\" data-block-id=\"315a401\"><div class=\"stk-row stk-inner-blocks stk-block-content stk-button-group\">\n<div class=\"wp-block-stackable-button stk-block-button stk-block stk-84aeed3\" data-block-id=\"84aeed3\"><style>.stk-84aeed3 .stk-button{background:#477081 !important}<\/style><a class=\"stk-link stk-button stk--hover-effect-darken\" href=\"https:\/\/staging.campotencia.casticino.ch\/wp-content\/uploads\/2024\/06\/E.-Lago-Morghirolo-e-Sentiero-Didattico-DE.pdf\" target=\"_blank\" rel=\"noreferrer noopener\"><span class=\"stk-button__inner-text\">DETAILS<\/span><\/a><\/div>\n<\/div><\/div>\n<\/div><\/div><\/div>\n\n\n\n<div class=\"wp-block-stackable-column stk-block-column stk-column stk-block stk-47ffc1a\" data-v=\"4\" data-block-id=\"47ffc1a\"><div class=\"stk-column-wrapper stk-block-column__content stk-container stk-47ffc1a-container stk-hover-parent\"><div class=\"stk-block-content stk-inner-blocks stk-47ffc1a-inner-blocks\">\n<div class=\"wp-block-stackable-image stk-block-image stk-block stk-9d6e8c7\" data-block-id=\"9d6e8c7\"><style>.stk-9d6e8c7{margin-bottom:17px !important}.stk-9d6e8c7 .stk-img-wrapper{width:100% !important;height:317px !important}<\/style><figure><span class=\"stk-img-wrapper stk-image--shape-stretch\"><img loading=\"lazy\" decoding=\"async\" class=\"stk-img wp-image-936\" src=\"https:\/\/staging.campotencia.casticino.ch\/wp-content\/uploads\/2024\/06\/Pass-Vanitt.jpg\" width=\"1504\" height=\"2016\" srcset=\"https:\/\/campotencia.casticino.ch\/wp-content\/uploads\/2024\/06\/Pass-Vanitt.jpg 1504w, https:\/\/campotencia.casticino.ch\/wp-content\/uploads\/2024\/06\/Pass-Vanitt-224x300.jpg 224w, https:\/\/campotencia.casticino.ch\/wp-content\/uploads\/2024\/06\/Pass-Vanitt-764x1024.jpg 764w, https:\/\/campotencia.casticino.ch\/wp-content\/uploads\/2024\/06\/Pass-Vanitt-768x1029.jpg 768w, https:\/\/campotencia.casticino.ch\/wp-content\/uploads\/2024\/06\/Pass-Vanitt-1146x1536.jpg 1146w\" sizes=\"auto, (max-width: 1504px) 100vw, 1504px\" \/><\/span><\/figure><\/div>\n\n\n\n<div class=\"wp-block-stackable-heading stk-block-heading stk-block-heading--v2 stk-block stk-69843d0\" id=\"leit-piumogna\" data-block-id=\"69843d0\"><h3 class=\"stk-block-heading__text\">Leit &#8211; Piumogna<\/h3><\/div>\n\n\n\n<div class=\"wp-block-stackable-text stk-block-text stk-block stk-51dea14\" data-block-id=\"51dea14\"><p class=\"stk-block-text__text has-text-align-left\">Gro\u00dfer Rundweg, der durch zwei L\u00fccken, zwei H\u00fctten und zwei Seen verbindet, und in einem sehr wertvollen naturalistischen Kontext verl\u00e4uft.<br><br><strong><strong><strong>L\u00e4nge<\/strong><\/strong>:<\/strong> 18 km<br><strong><strong><strong><strong>H\u00f6henunterschied<\/strong><\/strong><\/strong>:<\/strong> +1350 | -1350 HM<br><strong><strong><strong>Zeit<\/strong><\/strong>:<\/strong> ca. 8 Std<br><strong><strong><strong>Schwierigkeitsgrad<\/strong><\/strong>:<\/strong> T3<br><strong><a href=\"https:\/\/s.geo.admin.ch\/rzubpn495uo8\">Mappa online mapgeo<\/a><\/strong><br><strong><strong>Achtung<\/strong>:<\/strong> Zu Beginn des Sommers gibt es im oberen Teil, \u00f6stlich des Pizzo Lei di Cima, oft steile und gef\u00e4hrliche Schneefelder. <br><\/p><\/div>\n<\/div><\/div><\/div>\n<\/div><\/div>\n","protected":false},"excerpt":{"rendered":"<p>Morghirolosee Im Morghirolo See, auf dem Weg zur Leith\u00fctte k\u00f6nnen Sie ein erfrischendes Bad nehmen. L\u00e4nge: 7 KmH\u00f6henunterschied: +250 hMZeit: ca. 1 Std h\/zSchwierigkeitsgrad: T2 DETAILS Lehrpfad Einfache Rundwanderung ab Piumogna \u00fcber die H\u00fctte Campo Tencia und die Alp Morghirolo. Naturalistische Lehrtafeln entlang der Route. L\u00e4nge: 12 KmH\u00f6henunterschied: +1&#8217;300 hMZeit: ca. 4-5 StdSchwierigkeitsgrad: T3Mappe online [&hellip;]<\/p>\n","protected":false},"author":2,"featured_media":0,"parent":0,"menu_order":0,"comment_status":"closed","ping_status":"closed","template":"","meta":{"pgc_sgb_lightbox_settings":"","footnotes":""},"class_list":["post-186","page","type-page","status-publish","hentry"],"aioseo_notices":[],"_links":{"self":[{"href":"https:\/\/campotencia.casticino.ch\/index.php?rest_route=\/wp\/v2\/pages\/186","targetHints":{"allow":["GET"]}}],"collection":[{"href":"https:\/\/campotencia.casticino.ch\/index.php?rest_route=\/wp\/v2\/pages"}],"about":[{"href":"https:\/\/campotencia.casticino.ch\/index.php?rest_route=\/wp\/v2\/types\/page"}],"author":[{"embeddable":true,"href":"https:\/\/campotencia.casticino.ch\/index.php?rest_route=\/wp\/v2\/users\/2"}],"replies":[{"embeddable":true,"href":"https:\/\/campotencia.casticino.ch\/index.php?rest_route=%2Fwp%2Fv2%2Fcomments&post=186"}],"version-history":[{"count":12,"href":"https:\/\/campotencia.casticino.ch\/index.php?rest_route=\/wp\/v2\/pages\/186\/revisions"}],"predecessor-version":[{"id":1200,"href":"https:\/\/campotencia.casticino.ch\/index.php?rest_route=\/wp\/v2\/pages\/186\/revisions\/1200"}],"wp:attachment":[{"href":"https:\/\/campotencia.casticino.ch\/index.php?rest_route=%2Fwp%2Fv2%2Fmedia&parent=186"}],"curies":[{"name":"wp","href":"https:\/\/api.w.org\/{rel}","templated":true}]}}