{"id":184,"date":"2024-04-23T19:23:46","date_gmt":"2024-04-23T19:23:46","guid":{"rendered":"https:\/\/staging.campotencia.casticino.ch\/?page_id=184"},"modified":"2024-06-21T08:24:41","modified_gmt":"2024-06-21T08:24:41","slug":"winter-auf-dem-campo-tencia","status":"publish","type":"page","link":"https:\/\/campotencia.casticino.ch\/?page_id=184&lang=de","title":{"rendered":"WINTERAKTIVIT\u00c4TEN"},"content":{"rendered":"\n<div style=\"height:50px\" aria-hidden=\"true\" class=\"wp-block-spacer\"><\/div>\n\n\n\n<h2 class=\"wp-block-heading\">Winter auf die Campo Tencia<\/h2>\n\n\n\n<p>Die Gegend um Campo Tencia bleibt im Winter abseits der ausgetretenen Pfade. Das technische und unwegsame Gel\u00e4nde erfordert gute Schneebedingungen und gute technische Beherrschung des Skibergsteigens und der Orientierung. Im Fr\u00fchling finden Sie Bedingungen f\u00fcr \u00e4u\u00dferst zufriedenstellende Ausfl\u00fcge wie den Pizzo Campo Tencia, den Pizzo Forno und den Pizzo Campolungo. Die H\u00fctte ist normalerweise nicht bewacht, kann aber f\u00fcr Gruppen und\/oder mehrere Tage ge\u00f6ffnet werden.<\/p>\n\n\n\n<h2 class=\"wp-block-heading\">Eiswasserf\u00e4lle<\/h2>\n\n\n\n<p>Im Buco di Cumasna-Becken auf 2000 Metern H\u00f6he bilden sich seit Beginn des Winters imposante bis zu 200 Meterhohe Wasserf\u00e4lle von unterschiedlichem Schwierigkeitsgrade. Auf der rechten Seite befindet sich der ber\u00fchmteste Wasserfall namens \u201eGiovannelli\u201c entlang des Kanals, der es Ihnen im Winter erm\u00f6glicht, den Felsband zu \u00fcberwinden, um vom Gipfel des Pizzo Campo Tencia hinauf oder hinunter zu gelangen.<\/p>\n\n\n\n<div style=\"height:50px\" aria-hidden=\"true\" class=\"wp-block-spacer\"><\/div>\n\n\n<div class=\"pgc-sgb-cb wp-block-pgcsimplygalleryblock-justified \" data-gallery-id=\"41047380\"><div class=\"sgb-preloader\" id=\"pr_41047380\">\n\t<div class=\"sgb-square\" style=\"background:#d4d4d4\"><\/div>\n\t<div class=\"sgb-square\" style=\"background:#d4d4d4\"><\/div>\n\t<div class=\"sgb-square\" style=\"background:#d4d4d4\"><\/div>\n\t<div class=\"sgb-square\" style=\"background:#d4d4d4\"><\/div><\/div><div class=\"simply-gallery-amp pgc_sgb_slider \"><noscript><div class=\"sgb-gallery\"><div class=\"sgb-item\"><a href=\"https:\/\/staging.campotencia.casticino.ch\/wp-content\/uploads\/2024\/06\/salta-finale-tencia-sci-scaled.jpg\"><img decoding=\"async\" alt=\"\" width=\"300\" height=\"168\" loading=\"lazy\" src=\"https:\/\/staging.campotencia.casticino.ch\/wp-content\/uploads\/2024\/06\/salta-finale-tencia-sci-300x168.jpg\" srcset=\"https:\/\/staging.campotencia.casticino.ch\/wp-content\/uploads\/2024\/06\/salta-finale-tencia-sci-300x168.jpg 300w,https:\/\/staging.campotencia.casticino.ch\/wp-content\/uploads\/2024\/06\/salta-finale-tencia-sci-1024x575.jpg 1024w,https:\/\/staging.campotencia.casticino.ch\/wp-content\/uploads\/2024\/06\/salta-finale-tencia-sci-scaled.jpg 2560w\" sizes=\"auto, 250px\"\/><\/a><\/div><div class=\"sgb-item\"><a href=\"https:\/\/staging.campotencia.casticino.ch\/wp-content\/uploads\/2024\/06\/sciata-ghiacciaio-tencia-scaled.jpg\"><img decoding=\"async\" alt=\"\" width=\"300\" height=\"168\" loading=\"lazy\" src=\"https:\/\/staging.campotencia.casticino.ch\/wp-content\/uploads\/2024\/06\/sciata-ghiacciaio-tencia-300x168.jpg\" srcset=\"https:\/\/staging.campotencia.casticino.ch\/wp-content\/uploads\/2024\/06\/sciata-ghiacciaio-tencia-300x168.jpg 300w,https:\/\/staging.campotencia.casticino.ch\/wp-content\/uploads\/2024\/06\/sciata-ghiacciaio-tencia-1024x575.jpg 1024w,https:\/\/staging.campotencia.casticino.ch\/wp-content\/uploads\/2024\/06\/sciata-ghiacciaio-tencia-scaled.jpg 2560w\" sizes=\"auto, 250px\"\/><\/a><\/div><div class=\"sgb-item\"><a href=\"https:\/\/staging.campotencia.casticino.ch\/wp-content\/uploads\/2024\/06\/discesa-forno-basso-scaled.jpg\"><img decoding=\"async\" alt=\"\" width=\"300\" height=\"168\" loading=\"lazy\" src=\"https:\/\/staging.campotencia.casticino.ch\/wp-content\/uploads\/2024\/06\/discesa-forno-basso-300x168.jpg\" srcset=\"https:\/\/staging.campotencia.casticino.ch\/wp-content\/uploads\/2024\/06\/discesa-forno-basso-300x168.jpg 300w,https:\/\/staging.campotencia.casticino.ch\/wp-content\/uploads\/2024\/06\/discesa-forno-basso-1024x575.jpg 1024w,https:\/\/staging.campotencia.casticino.ch\/wp-content\/uploads\/2024\/06\/discesa-forno-basso-scaled.jpg 2560w\" sizes=\"auto, 250px\"\/><\/a><\/div><div class=\"sgb-item\"><a href=\"https:\/\/staging.campotencia.casticino.ch\/wp-content\/uploads\/2024\/06\/discesa-giovannelli-scaled.jpg\"><img decoding=\"async\" alt=\"\" width=\"300\" height=\"168\" loading=\"lazy\" src=\"https:\/\/staging.campotencia.casticino.ch\/wp-content\/uploads\/2024\/06\/discesa-giovannelli-300x168.jpg\" srcset=\"https:\/\/staging.campotencia.casticino.ch\/wp-content\/uploads\/2024\/06\/discesa-giovannelli-300x168.jpg 300w,https:\/\/staging.campotencia.casticino.ch\/wp-content\/uploads\/2024\/06\/discesa-giovannelli-1024x575.jpg 1024w,https:\/\/staging.campotencia.casticino.ch\/wp-content\/uploads\/2024\/06\/discesa-giovannelli-scaled.jpg 2560w\" sizes=\"auto, 250px\"\/><\/a><\/div><div class=\"sgb-item\"><a href=\"https:\/\/staging.campotencia.casticino.ch\/wp-content\/uploads\/2024\/06\/cap-inverno-copia-1-scaled.jpg\"><img decoding=\"async\" alt=\"\" width=\"300\" height=\"132\" loading=\"lazy\" src=\"https:\/\/staging.campotencia.casticino.ch\/wp-content\/uploads\/2024\/06\/cap-inverno-copia-1-300x132.jpg\" srcset=\"https:\/\/staging.campotencia.casticino.ch\/wp-content\/uploads\/2024\/06\/cap-inverno-copia-1-300x132.jpg 300w,https:\/\/staging.campotencia.casticino.ch\/wp-content\/uploads\/2024\/06\/cap-inverno-copia-1-1024x451.jpg 1024w,https:\/\/staging.campotencia.casticino.ch\/wp-content\/uploads\/2024\/06\/cap-inverno-copia-1-scaled.jpg 2560w\" sizes=\"auto, 250px\"\/><\/a><\/div><div class=\"sgb-item\"><a href=\"https:\/\/staging.campotencia.casticino.ch\/wp-content\/uploads\/2024\/06\/itinerari-invernali_tencia.jpg\"><img decoding=\"async\" alt=\"\" width=\"300\" height=\"214\" loading=\"lazy\" src=\"https:\/\/staging.campotencia.casticino.ch\/wp-content\/uploads\/2024\/06\/itinerari-invernali_tencia-300x214.jpg\" srcset=\"https:\/\/staging.campotencia.casticino.ch\/wp-content\/uploads\/2024\/06\/itinerari-invernali_tencia-300x214.jpg 300w,https:\/\/staging.campotencia.casticino.ch\/wp-content\/uploads\/2024\/06\/itinerari-invernali_tencia-1024x731.jpg 1024w,https:\/\/staging.campotencia.casticino.ch\/wp-content\/uploads\/2024\/06\/itinerari-invernali_tencia.jpg 1042w\" sizes=\"auto, 250px\"\/><\/a><\/div><div class=\"sgb-item\"><a href=\"https:\/\/staging.campotencia.casticino.ch\/wp-content\/uploads\/2024\/06\/inverno-1-1-scaled.jpg\"><img decoding=\"async\" alt=\"\" width=\"300\" height=\"146\" loading=\"lazy\" src=\"https:\/\/staging.campotencia.casticino.ch\/wp-content\/uploads\/2024\/06\/inverno-1-1-300x146.jpg\" srcset=\"https:\/\/staging.campotencia.casticino.ch\/wp-content\/uploads\/2024\/06\/inverno-1-1-300x146.jpg 300w,https:\/\/staging.campotencia.casticino.ch\/wp-content\/uploads\/2024\/06\/inverno-1-1-1024x499.jpg 1024w,https:\/\/staging.campotencia.casticino.ch\/wp-content\/uploads\/2024\/06\/inverno-1-1-scaled.jpg 2560w\" sizes=\"auto, 250px\"\/><\/a><\/div><div class=\"sgb-item\"><a href=\"https:\/\/staging.campotencia.casticino.ch\/wp-content\/uploads\/2024\/06\/inverno2-scaled.jpg\"><img decoding=\"async\" alt=\"\" width=\"300\" height=\"182\" loading=\"lazy\" src=\"https:\/\/staging.campotencia.casticino.ch\/wp-content\/uploads\/2024\/06\/inverno2-300x182.jpg\" srcset=\"https:\/\/staging.campotencia.casticino.ch\/wp-content\/uploads\/2024\/06\/inverno2-300x182.jpg 300w,https:\/\/staging.campotencia.casticino.ch\/wp-content\/uploads\/2024\/06\/inverno2-1024x621.jpg 1024w,https:\/\/staging.campotencia.casticino.ch\/wp-content\/uploads\/2024\/06\/inverno2-scaled.jpg 2560w\" sizes=\"auto, 250px\"\/><\/a><\/div><div class=\"sgb-item\"><a href=\"https:\/\/staging.campotencia.casticino.ch\/wp-content\/uploads\/2024\/06\/inverno_serpentina_Franca-a-sx.jpg\"><img decoding=\"async\" alt=\"\" width=\"300\" height=\"225\" loading=\"lazy\" src=\"https:\/\/staging.campotencia.casticino.ch\/wp-content\/uploads\/2024\/06\/inverno_serpentina_Franca-a-sx-300x225.jpg\" srcset=\"https:\/\/staging.campotencia.casticino.ch\/wp-content\/uploads\/2024\/06\/inverno_serpentina_Franca-a-sx-300x225.jpg 300w,https:\/\/staging.campotencia.casticino.ch\/wp-content\/uploads\/2024\/06\/inverno_serpentina_Franca-a-sx-1024x768.jpg 1024w,https:\/\/staging.campotencia.casticino.ch\/wp-content\/uploads\/2024\/06\/inverno_serpentina_Franca-a-sx.jpg 1587w\" sizes=\"auto, 250px\"\/><\/a><\/div><div class=\"sgb-item\"><a href=\"https:\/\/staging.campotencia.casticino.ch\/wp-content\/uploads\/2024\/04\/inverno-1-scaled.jpg\"><img decoding=\"async\" alt=\"\" width=\"300\" height=\"139\" loading=\"lazy\" src=\"https:\/\/staging.campotencia.casticino.ch\/wp-content\/uploads\/2024\/04\/inverno-1-300x139.jpg\" srcset=\"https:\/\/staging.campotencia.casticino.ch\/wp-content\/uploads\/2024\/04\/inverno-1-300x139.jpg 300w,https:\/\/staging.campotencia.casticino.ch\/wp-content\/uploads\/2024\/04\/inverno-1-1024x476.jpg 1024w,https:\/\/staging.campotencia.casticino.ch\/wp-content\/uploads\/2024\/04\/inverno-1-scaled.jpg 2560w\" sizes=\"auto, 250px\"\/><\/a><\/div><\/div><\/noscript><\/div><script type=\"application\/json\" class=\"sgb-data\">{\"galleryType\":\"pgc_sgb_justified\",\"galleryId\":\"41047380\",\"images\":[{\"id\":826,\"title\":\"salta finale tencia sci\",\"url\":\"https:\/\/staging.campotencia.casticino.ch\/wp-content\/uploads\/2024\/06\/salta-finale-tencia-sci-scaled.jpg\",\"link\":\"https:\/\/staging.campotencia.casticino.ch\/?attachment_id=826\",\"alt\":\"\",\"description\":\"\",\"caption\":\"\",\"mime\":\"image\/jpeg\",\"type\":\"image\",\"width\":2560,\"height\":1437,\"sizes\":{\"thumbnail\":{\"height\":150,\"width\":150,\"url\":\"https:\/\/staging.campotencia.casticino.ch\/wp-content\/uploads\/2024\/06\/salta-finale-tencia-sci-150x150.jpg\",\"orientation\":\"landscape\"},\"medium\":{\"height\":168,\"width\":300,\"url\":\"https:\/\/staging.campotencia.casticino.ch\/wp-content\/uploads\/2024\/06\/salta-finale-tencia-sci-300x168.jpg\",\"orientation\":\"landscape\"},\"large\":{\"height\":575,\"width\":1024,\"url\":\"https:\/\/staging.campotencia.casticino.ch\/wp-content\/uploads\/2024\/06\/salta-finale-tencia-sci-1024x575.jpg\",\"orientation\":\"landscape\"},\"full\":{\"url\":\"https:\/\/staging.campotencia.casticino.ch\/wp-content\/uploads\/2024\/06\/salta-finale-tencia-sci-scaled.jpg\",\"height\":1437,\"width\":2560,\"orientation\":\"landscape\"}},\"imageMeta\":{\"aperture\":\"0\",\"credit\":\"\",\"camera\":\"\",\"caption\":\"\",\"created_timestamp\":\"0\",\"copyright\":\"\",\"focal_length\":\"0\",\"iso\":\"0\",\"shutter_speed\":\"0\",\"title\":\"\",\"orientation\":\"0\",\"keywords\":[]},\"meta\":false},{\"id\":825,\"title\":\"sciata ghiacciaio tencia\",\"url\":\"https:\/\/staging.campotencia.casticino.ch\/wp-content\/uploads\/2024\/06\/sciata-ghiacciaio-tencia-scaled.jpg\",\"link\":\"https:\/\/staging.campotencia.casticino.ch\/?attachment_id=825\",\"alt\":\"\",\"description\":\"\",\"caption\":\"\",\"mime\":\"image\/jpeg\",\"type\":\"image\",\"width\":2560,\"height\":1437,\"sizes\":{\"thumbnail\":{\"height\":150,\"width\":150,\"url\":\"https:\/\/staging.campotencia.casticino.ch\/wp-content\/uploads\/2024\/06\/sciata-ghiacciaio-tencia-150x150.jpg\",\"orientation\":\"landscape\"},\"medium\":{\"height\":168,\"width\":300,\"url\":\"https:\/\/staging.campotencia.casticino.ch\/wp-content\/uploads\/2024\/06\/sciata-ghiacciaio-tencia-300x168.jpg\",\"orientation\":\"landscape\"},\"large\":{\"height\":575,\"width\":1024,\"url\":\"https:\/\/staging.campotencia.casticino.ch\/wp-content\/uploads\/2024\/06\/sciata-ghiacciaio-tencia-1024x575.jpg\",\"orientation\":\"landscape\"},\"full\":{\"url\":\"https:\/\/staging.campotencia.casticino.ch\/wp-content\/uploads\/2024\/06\/sciata-ghiacciaio-tencia-scaled.jpg\",\"height\":1437,\"width\":2560,\"orientation\":\"landscape\"}},\"imageMeta\":{\"aperture\":\"0\",\"credit\":\"\",\"camera\":\"\",\"caption\":\"\",\"created_timestamp\":\"0\",\"copyright\":\"\",\"focal_length\":\"0\",\"iso\":\"0\",\"shutter_speed\":\"0\",\"title\":\"\",\"orientation\":\"0\",\"keywords\":[]},\"meta\":false},{\"id\":822,\"title\":\"discesa forno basso\",\"url\":\"https:\/\/staging.campotencia.casticino.ch\/wp-content\/uploads\/2024\/06\/discesa-forno-basso-scaled.jpg\",\"link\":\"https:\/\/staging.campotencia.casticino.ch\/?attachment_id=822\",\"alt\":\"\",\"description\":\"\",\"caption\":\"\",\"mime\":\"image\/jpeg\",\"type\":\"image\",\"width\":2560,\"height\":1437,\"sizes\":{\"thumbnail\":{\"height\":150,\"width\":150,\"url\":\"https:\/\/staging.campotencia.casticino.ch\/wp-content\/uploads\/2024\/06\/discesa-forno-basso-150x150.jpg\",\"orientation\":\"landscape\"},\"medium\":{\"height\":168,\"width\":300,\"url\":\"https:\/\/staging.campotencia.casticino.ch\/wp-content\/uploads\/2024\/06\/discesa-forno-basso-300x168.jpg\",\"orientation\":\"landscape\"},\"large\":{\"height\":575,\"width\":1024,\"url\":\"https:\/\/staging.campotencia.casticino.ch\/wp-content\/uploads\/2024\/06\/discesa-forno-basso-1024x575.jpg\",\"orientation\":\"landscape\"},\"full\":{\"url\":\"https:\/\/staging.campotencia.casticino.ch\/wp-content\/uploads\/2024\/06\/discesa-forno-basso-scaled.jpg\",\"height\":1437,\"width\":2560,\"orientation\":\"landscape\"}},\"imageMeta\":{\"aperture\":\"0\",\"credit\":\"\",\"camera\":\"\",\"caption\":\"\",\"created_timestamp\":\"0\",\"copyright\":\"\",\"focal_length\":\"0\",\"iso\":\"0\",\"shutter_speed\":\"0\",\"title\":\"\",\"orientation\":\"0\",\"keywords\":[]},\"meta\":false},{\"id\":824,\"title\":\"discesa giovannelli\",\"url\":\"https:\/\/staging.campotencia.casticino.ch\/wp-content\/uploads\/2024\/06\/discesa-giovannelli-scaled.jpg\",\"link\":\"https:\/\/staging.campotencia.casticino.ch\/?attachment_id=824\",\"alt\":\"\",\"description\":\"\",\"caption\":\"\",\"mime\":\"image\/jpeg\",\"type\":\"image\",\"width\":2560,\"height\":1437,\"sizes\":{\"thumbnail\":{\"height\":150,\"width\":150,\"url\":\"https:\/\/staging.campotencia.casticino.ch\/wp-content\/uploads\/2024\/06\/discesa-giovannelli-150x150.jpg\",\"orientation\":\"landscape\"},\"medium\":{\"height\":168,\"width\":300,\"url\":\"https:\/\/staging.campotencia.casticino.ch\/wp-content\/uploads\/2024\/06\/discesa-giovannelli-300x168.jpg\",\"orientation\":\"landscape\"},\"large\":{\"height\":575,\"width\":1024,\"url\":\"https:\/\/staging.campotencia.casticino.ch\/wp-content\/uploads\/2024\/06\/discesa-giovannelli-1024x575.jpg\",\"orientation\":\"landscape\"},\"full\":{\"url\":\"https:\/\/staging.campotencia.casticino.ch\/wp-content\/uploads\/2024\/06\/discesa-giovannelli-scaled.jpg\",\"height\":1437,\"width\":2560,\"orientation\":\"landscape\"}},\"imageMeta\":{\"aperture\":\"0\",\"credit\":\"\",\"camera\":\"\",\"caption\":\"\",\"created_timestamp\":\"0\",\"copyright\":\"\",\"focal_length\":\"0\",\"iso\":\"0\",\"shutter_speed\":\"0\",\"title\":\"\",\"orientation\":\"0\",\"keywords\":[]},\"meta\":false},{\"id\":657,\"title\":\"cap-inverno-copia-1\",\"url\":\"https:\/\/staging.campotencia.casticino.ch\/wp-content\/uploads\/2024\/06\/cap-inverno-copia-1-scaled.jpg\",\"link\":\"https:\/\/staging.campotencia.casticino.ch\/?attachment_id=657\",\"alt\":\"\",\"description\":\"\",\"caption\":\"\",\"mime\":\"image\/jpeg\",\"type\":\"image\",\"width\":2560,\"height\":1126,\"sizes\":{\"thumbnail\":{\"height\":150,\"width\":150,\"url\":\"https:\/\/staging.campotencia.casticino.ch\/wp-content\/uploads\/2024\/06\/cap-inverno-copia-1-150x150.jpg\",\"orientation\":\"landscape\"},\"medium\":{\"height\":132,\"width\":300,\"url\":\"https:\/\/staging.campotencia.casticino.ch\/wp-content\/uploads\/2024\/06\/cap-inverno-copia-1-300x132.jpg\",\"orientation\":\"landscape\"},\"large\":{\"height\":451,\"width\":1024,\"url\":\"https:\/\/staging.campotencia.casticino.ch\/wp-content\/uploads\/2024\/06\/cap-inverno-copia-1-1024x451.jpg\",\"orientation\":\"landscape\"},\"full\":{\"url\":\"https:\/\/staging.campotencia.casticino.ch\/wp-content\/uploads\/2024\/06\/cap-inverno-copia-1-scaled.jpg\",\"height\":1126,\"width\":2560,\"orientation\":\"landscape\"}},\"imageMeta\":{\"aperture\":\"2.4\",\"credit\":\"\",\"camera\":\"iPhone 4S\",\"caption\":\"\",\"created_timestamp\":\"1424256595\",\"copyright\":\"\",\"focal_length\":\"4.28\",\"iso\":\"50\",\"shutter_speed\":\"0.00023501762632197\",\"title\":\"\",\"orientation\":\"1\",\"keywords\":[]},\"meta\":false},{\"id\":735,\"title\":\"itinerari invernali_tencia\",\"url\":\"https:\/\/staging.campotencia.casticino.ch\/wp-content\/uploads\/2024\/06\/itinerari-invernali_tencia.jpg\",\"link\":\"https:\/\/staging.campotencia.casticino.ch\/?attachment_id=735\",\"alt\":\"\",\"description\":\"\",\"caption\":\"\",\"mime\":\"image\/jpeg\",\"type\":\"image\",\"width\":1042,\"height\":744,\"sizes\":{\"thumbnail\":{\"height\":150,\"width\":150,\"url\":\"https:\/\/staging.campotencia.casticino.ch\/wp-content\/uploads\/2024\/06\/itinerari-invernali_tencia-150x150.jpg\",\"orientation\":\"landscape\"},\"medium\":{\"height\":214,\"width\":300,\"url\":\"https:\/\/staging.campotencia.casticino.ch\/wp-content\/uploads\/2024\/06\/itinerari-invernali_tencia-300x214.jpg\",\"orientation\":\"landscape\"},\"large\":{\"height\":731,\"width\":1024,\"url\":\"https:\/\/staging.campotencia.casticino.ch\/wp-content\/uploads\/2024\/06\/itinerari-invernali_tencia-1024x731.jpg\",\"orientation\":\"landscape\"},\"full\":{\"url\":\"https:\/\/staging.campotencia.casticino.ch\/wp-content\/uploads\/2024\/06\/itinerari-invernali_tencia.jpg\",\"height\":744,\"width\":1042,\"orientation\":\"landscape\"}},\"imageMeta\":{\"aperture\":\"1.5\",\"credit\":\"\",\"camera\":\"iPhone 14\",\"caption\":\"\",\"created_timestamp\":\"1710880731\",\"copyright\":\"\",\"focal_length\":\"5.7\",\"iso\":\"500\",\"shutter_speed\":\"0.02\",\"title\":\"\",\"orientation\":\"1\",\"keywords\":[]},\"meta\":false},{\"id\":656,\"title\":\"inverno-1-1\",\"url\":\"https:\/\/staging.campotencia.casticino.ch\/wp-content\/uploads\/2024\/06\/inverno-1-1-scaled.jpg\",\"link\":\"https:\/\/staging.campotencia.casticino.ch\/?attachment_id=656\",\"alt\":\"\",\"description\":\"\",\"caption\":\"\",\"mime\":\"image\/jpeg\",\"type\":\"image\",\"width\":2560,\"height\":1247,\"sizes\":{\"thumbnail\":{\"height\":150,\"width\":150,\"url\":\"https:\/\/staging.campotencia.casticino.ch\/wp-content\/uploads\/2024\/06\/inverno-1-1-150x150.jpg\",\"orientation\":\"landscape\"},\"medium\":{\"height\":146,\"width\":300,\"url\":\"https:\/\/staging.campotencia.casticino.ch\/wp-content\/uploads\/2024\/06\/inverno-1-1-300x146.jpg\",\"orientation\":\"landscape\"},\"large\":{\"height\":499,\"width\":1024,\"url\":\"https:\/\/staging.campotencia.casticino.ch\/wp-content\/uploads\/2024\/06\/inverno-1-1-1024x499.jpg\",\"orientation\":\"landscape\"},\"full\":{\"url\":\"https:\/\/staging.campotencia.casticino.ch\/wp-content\/uploads\/2024\/06\/inverno-1-1-scaled.jpg\",\"height\":1247,\"width\":2560,\"orientation\":\"landscape\"}},\"imageMeta\":{\"aperture\":\"8.2\",\"credit\":\"\",\"camera\":\"FinePix S3000\",\"caption\":\"\",\"created_timestamp\":\"1009848709\",\"copyright\":\"\",\"focal_length\":\"18.6\",\"iso\":\"100\",\"shutter_speed\":\"0.0011764705882353\",\"title\":\"\",\"orientation\":\"1\",\"keywords\":[]},\"meta\":false},{\"id\":655,\"title\":\"inverno2\",\"url\":\"https:\/\/staging.campotencia.casticino.ch\/wp-content\/uploads\/2024\/06\/inverno2-scaled.jpg\",\"link\":\"https:\/\/staging.campotencia.casticino.ch\/?attachment_id=655\",\"alt\":\"\",\"description\":\"\",\"caption\":\"\",\"mime\":\"image\/jpeg\",\"type\":\"image\",\"width\":2560,\"height\":1552,\"sizes\":{\"thumbnail\":{\"height\":150,\"width\":150,\"url\":\"https:\/\/staging.campotencia.casticino.ch\/wp-content\/uploads\/2024\/06\/inverno2-150x150.jpg\",\"orientation\":\"landscape\"},\"medium\":{\"height\":182,\"width\":300,\"url\":\"https:\/\/staging.campotencia.casticino.ch\/wp-content\/uploads\/2024\/06\/inverno2-300x182.jpg\",\"orientation\":\"landscape\"},\"large\":{\"height\":621,\"width\":1024,\"url\":\"https:\/\/staging.campotencia.casticino.ch\/wp-content\/uploads\/2024\/06\/inverno2-1024x621.jpg\",\"orientation\":\"landscape\"},\"full\":{\"url\":\"https:\/\/staging.campotencia.casticino.ch\/wp-content\/uploads\/2024\/06\/inverno2-scaled.jpg\",\"height\":1552,\"width\":2560,\"orientation\":\"landscape\"}},\"imageMeta\":{\"aperture\":\"6.3\",\"credit\":\"\",\"camera\":\"E7900\",\"caption\":\"\",\"created_timestamp\":\"1237034533\",\"copyright\":\"\",\"focal_length\":\"14.9\",\"iso\":\"50\",\"shutter_speed\":\"0.001348072256673\",\"title\":\"\",\"orientation\":\"1\",\"keywords\":[]},\"meta\":false},{\"id\":653,\"title\":\"inverno_serpentina_Franca-a-sx\",\"url\":\"https:\/\/staging.campotencia.casticino.ch\/wp-content\/uploads\/2024\/06\/inverno_serpentina_Franca-a-sx.jpg\",\"link\":\"https:\/\/staging.campotencia.casticino.ch\/?attachment_id=653\",\"alt\":\"\",\"description\":\"\",\"caption\":\"\",\"mime\":\"image\/jpeg\",\"type\":\"image\",\"width\":1587,\"height\":1191,\"sizes\":{\"thumbnail\":{\"height\":150,\"width\":150,\"url\":\"https:\/\/staging.campotencia.casticino.ch\/wp-content\/uploads\/2024\/06\/inverno_serpentina_Franca-a-sx-150x150.jpg\",\"orientation\":\"landscape\"},\"medium\":{\"height\":225,\"width\":300,\"url\":\"https:\/\/staging.campotencia.casticino.ch\/wp-content\/uploads\/2024\/06\/inverno_serpentina_Franca-a-sx-300x225.jpg\",\"orientation\":\"landscape\"},\"large\":{\"height\":768,\"width\":1024,\"url\":\"https:\/\/staging.campotencia.casticino.ch\/wp-content\/uploads\/2024\/06\/inverno_serpentina_Franca-a-sx-1024x768.jpg\",\"orientation\":\"landscape\"},\"full\":{\"url\":\"https:\/\/staging.campotencia.casticino.ch\/wp-content\/uploads\/2024\/06\/inverno_serpentina_Franca-a-sx.jpg\",\"height\":1191,\"width\":1587,\"orientation\":\"landscape\"}},\"imageMeta\":{\"aperture\":\"8.2\",\"credit\":\"\",\"camera\":\"FinePix S3000\",\"caption\":\"\",\"created_timestamp\":\"1009930687\",\"copyright\":\"\",\"focal_length\":\"6\",\"iso\":\"100\",\"shutter_speed\":\"0.0010526315789474\",\"title\":\"\",\"orientation\":\"0\",\"keywords\":[]},\"meta\":false},{\"id\":111,\"title\":\"inverno-1\",\"url\":\"https:\/\/staging.campotencia.casticino.ch\/wp-content\/uploads\/2024\/04\/inverno-1-scaled.jpg\",\"link\":\"https:\/\/staging.campotencia.casticino.ch\/?attachment_id=111\",\"alt\":\"\",\"description\":\"\",\"caption\":\"\",\"mime\":\"image\/jpeg\",\"type\":\"image\",\"width\":2560,\"height\":1190,\"sizes\":{\"thumbnail\":{\"height\":150,\"width\":150,\"url\":\"https:\/\/staging.campotencia.casticino.ch\/wp-content\/uploads\/2024\/04\/inverno-1-150x150.jpg\",\"orientation\":\"landscape\"},\"medium\":{\"height\":139,\"width\":300,\"url\":\"https:\/\/staging.campotencia.casticino.ch\/wp-content\/uploads\/2024\/04\/inverno-1-300x139.jpg\",\"orientation\":\"landscape\"},\"large\":{\"height\":476,\"width\":1024,\"url\":\"https:\/\/staging.campotencia.casticino.ch\/wp-content\/uploads\/2024\/04\/inverno-1-1024x476.jpg\",\"orientation\":\"landscape\"},\"full\":{\"url\":\"https:\/\/staging.campotencia.casticino.ch\/wp-content\/uploads\/2024\/04\/inverno-1-scaled.jpg\",\"height\":1190,\"width\":2560,\"orientation\":\"landscape\"}},\"imageMeta\":{\"aperture\":\"0\",\"credit\":\"\",\"camera\":\"\",\"caption\":\"\",\"created_timestamp\":\"0\",\"copyright\":\"\",\"focal_length\":\"0\",\"iso\":\"0\",\"shutter_speed\":\"0\",\"title\":\"\",\"orientation\":\"0\",\"keywords\":[]},\"meta\":false}],\"itemsMetaDataCollection\":[]}<\/script><script>(function(){if(window.PGC_SGB && window.PGC_SGB.searcher){window.PGC_SGB.searcher.initBlocks()}})()<\/script><\/div>","protected":false},"excerpt":{"rendered":"<p>Winter auf die Campo Tencia Die Gegend um Campo Tencia bleibt im Winter abseits der ausgetretenen Pfade. Das technische und unwegsame Gel\u00e4nde erfordert gute Schneebedingungen und gute technische Beherrschung des Skibergsteigens und der Orientierung. Im Fr\u00fchling finden Sie Bedingungen f\u00fcr \u00e4u\u00dferst zufriedenstellende Ausfl\u00fcge wie den Pizzo Campo Tencia, den Pizzo Forno und den Pizzo Campolungo. [&hellip;]<\/p>\n","protected":false},"author":2,"featured_media":0,"parent":0,"menu_order":0,"comment_status":"closed","ping_status":"closed","template":"","meta":{"pgc_sgb_lightbox_settings":"","footnotes":""},"class_list":["post-184","page","type-page","status-publish","hentry"],"aioseo_notices":[],"_links":{"self":[{"href":"https:\/\/campotencia.casticino.ch\/index.php?rest_route=\/wp\/v2\/pages\/184","targetHints":{"allow":["GET"]}}],"collection":[{"href":"https:\/\/campotencia.casticino.ch\/index.php?rest_route=\/wp\/v2\/pages"}],"about":[{"href":"https:\/\/campotencia.casticino.ch\/index.php?rest_route=\/wp\/v2\/types\/page"}],"author":[{"embeddable":true,"href":"https:\/\/campotencia.casticino.ch\/index.php?rest_route=\/wp\/v2\/users\/2"}],"replies":[{"embeddable":true,"href":"https:\/\/campotencia.casticino.ch\/index.php?rest_route=%2Fwp%2Fv2%2Fcomments&post=184"}],"version-history":[{"count":9,"href":"https:\/\/campotencia.casticino.ch\/index.php?rest_route=\/wp\/v2\/pages\/184\/revisions"}],"predecessor-version":[{"id":1145,"href":"https:\/\/campotencia.casticino.ch\/index.php?rest_route=\/wp\/v2\/pages\/184\/revisions\/1145"}],"wp:attachment":[{"href":"https:\/\/campotencia.casticino.ch\/index.php?rest_route=%2Fwp%2Fv2%2Fmedia&parent=184"}],"curies":[{"name":"wp","href":"https:\/\/api.w.org\/{rel}","templated":true}]}}