{"id":176,"date":"2024-04-22T21:12:52","date_gmt":"2024-04-22T21:12:52","guid":{"rendered":"https:\/\/staging.campotencia.casticino.ch\/?page_id=176"},"modified":"2024-05-22T21:09:32","modified_gmt":"2024-05-22T21:09:32","slug":"zugang","status":"publish","type":"page","link":"https:\/\/campotencia.casticino.ch\/?page_id=176&lang=de","title":{"rendered":"ZUGANG"},"content":{"rendered":"\n<h3 class=\"wp-block-heading\">WIE MAN DEN H\u00dcTTE ERREICHT<\/h3>\n\n\n\n<div style=\"height:50px\" aria-hidden=\"true\" class=\"wp-block-spacer\"><\/div>\n\n\n\n<pre id=\"tw-target-text\" class=\"wp-block-preformatted\"><\/pre>\n\n\n\n<p>Im Sommer ist die H\u00fctte bequem zu Fuss erreichbar und die Zugangswege sind auch f\u00fcr Familien geeignet. Im Winter ist die H\u00fctte auf Skiern von Dalpe \u00fcber dasVal Piumogna erreichbar.<\/p>\n\n\n\n<p><strong>Lage:<\/strong><\/p>\n\n\n\n<p>Val Piumogna (Val Leventina)<br>NK 1:25\u2019000 B.no. 1272 Campo Tencia<br>1:50\u2019000 B.no. 266 S Valle Leventina<\/p>\n\n\n\n<p>Koordinaten 699.430 \/ 144.480<\/p>\n\n\n\n<p><strong>Anreise:<\/strong><\/p>\n\n\n\n<p>Mit dem Auto \u00fcber Autobahn A2,<\/p>\n\n\n\n<p>Ausfahrt Quinto, danach weiter nach Rodi \u2013 Dalpe, oder mit der Bahn bis Rodi und mit dem Postauto nach Dalpe.<\/p>\n\n\n\n<p><strong>Zugang Sommer:<br><\/strong>\u2013 von Dalpe 1192 m \u2013 3 h (<a href=\"https:\/\/www.postauto.ch\/de\">Postauto<\/a>)<\/p>\n\n\n\n<p>\u2013 vom Lago Tremorgio 1849m \u2013 Bergstation Seilbahn (Rodi) 3,30 h<\/p>\n\n\n\n<p>\u2013 von Fusio \u2013 via Campolungo 2318 m (Val Lavizzara-Val Maggia) 6 h<\/p>\n\n\n\n<p><a href=\"https:\/\/staging.campotencia.casticino.ch\/wp-content\/uploads\/2024\/04\/AET_pieghevole-tremorgio.pdf\" target=\"_blank\" rel=\"noreferrer noopener\">Brochure Tremorgio Seilbahn<\/a><\/p>\n\n\n\n<p><strong>Zugang Winter:<\/strong><strong><br><\/strong>\u2013 von Dalpe 1192 m \u2013 3 h<\/p>\n\n\n\n<p><strong>Tourenvorschl\u00e4ge:<\/strong><\/p>\n\n\n\n<p>Unter der Seite \u00abAktivit\u00e4ten\u00bb bieten wir Ihnen einige Routen und Besonderheiten an, die an einem oder an mehreren Tagen entdeckt werden k\u00f6nnen.<\/p>\n\n\n\n<p>F\u00fcr weitere Informationen k\u00f6nnen Sie uns jederzeit anrufen!<\/p>\n\n\n\n<p><strong>Landkarte:<\/strong> <a href=\"https:\/\/map.schweizmobil.ch\/?lang=de&amp;land=wanderland&amp;route=all&amp;bgLayer=pk&amp;layers=Wanderland%2CStation&amp;season=summer&amp;resolution=10&amp;E=2699408&amp;N=1146376\" target=\"_blank\" rel=\"noreferrer noopener\">SchweizMobil<\/a><\/p>\n","protected":false},"excerpt":{"rendered":"<p>WIE MAN DEN H\u00dcTTE ERREICHT Im Sommer ist die H\u00fctte bequem zu Fuss erreichbar und die Zugangswege sind auch f\u00fcr Familien geeignet. Im Winter ist die H\u00fctte auf Skiern von Dalpe \u00fcber dasVal Piumogna erreichbar. Lage: Val Piumogna (Val Leventina)NK 1:25\u2019000 B.no. 1272 Campo Tencia1:50\u2019000 B.no. 266 S Valle Leventina Koordinaten 699.430 \/ 144.480 Anreise: [&hellip;]<\/p>\n","protected":false},"author":2,"featured_media":0,"parent":0,"menu_order":0,"comment_status":"closed","ping_status":"closed","template":"","meta":{"pgc_sgb_lightbox_settings":"","footnotes":""},"class_list":["post-176","page","type-page","status-publish","hentry"],"aioseo_notices":[],"_links":{"self":[{"href":"https:\/\/campotencia.casticino.ch\/index.php?rest_route=\/wp\/v2\/pages\/176","targetHints":{"allow":["GET"]}}],"collection":[{"href":"https:\/\/campotencia.casticino.ch\/index.php?rest_route=\/wp\/v2\/pages"}],"about":[{"href":"https:\/\/campotencia.casticino.ch\/index.php?rest_route=\/wp\/v2\/types\/page"}],"author":[{"embeddable":true,"href":"https:\/\/campotencia.casticino.ch\/index.php?rest_route=\/wp\/v2\/users\/2"}],"replies":[{"embeddable":true,"href":"https:\/\/campotencia.casticino.ch\/index.php?rest_route=%2Fwp%2Fv2%2Fcomments&post=176"}],"version-history":[{"count":3,"href":"https:\/\/campotencia.casticino.ch\/index.php?rest_route=\/wp\/v2\/pages\/176\/revisions"}],"predecessor-version":[{"id":384,"href":"https:\/\/campotencia.casticino.ch\/index.php?rest_route=\/wp\/v2\/pages\/176\/revisions\/384"}],"wp:attachment":[{"href":"https:\/\/campotencia.casticino.ch\/index.php?rest_route=%2Fwp%2Fv2%2Fmedia&parent=176"}],"curies":[{"name":"wp","href":"https:\/\/api.w.org\/{rel}","templated":true}]}}