{"id":170,"date":"2024-04-22T21:06:30","date_gmt":"2024-04-22T21:06:30","guid":{"rendered":"https:\/\/staging.campotencia.casticino.ch\/?page_id=170"},"modified":"2024-06-07T11:12:08","modified_gmt":"2024-06-07T11:12:08","slug":"geschichte","status":"publish","type":"page","link":"https:\/\/campotencia.casticino.ch\/?page_id=170&lang=de","title":{"rendered":"GESCHICHTE"},"content":{"rendered":"\n<h3 class=\"wp-block-heading\">Die erste H\u00fctte der Tessiner Berge<\/h3>\n\n\n\n<div style=\"height:50px\" aria-hidden=\"true\" class=\"wp-block-spacer\"><\/div>\n\n\n\n<p>Die H\u00fctte wurde 1912 im Leventina Tal, am Fusse des gleichnamigen Gipfels, hinten in der Val Piumogna gebaut. Der Name Campo Tencia ist eine topologische Erfindung die 1858 entwickelt wurde. Zur Zeit der Erstellung der ber\u00fchmten Nationalkarte von General Dufour musste dem h\u00f6chsten Berg (3071,7m), der vollst\u00e4ndig auf Tessiner Boden lag, ein Name gegeben werden. Der Name besteht aus der Vereinigung von zwei Toponymen. Sie beziehen sich auf die Alpen von Campo und Tencia des Prato Patriziats, welche sich im oberen Valle Lavizzara auf der Val Maggese Seite, befinden.<\/p>\n\n\n\n<p>Am 11. August 1912 erfolgte die Einweihung. Im Jahr 1932 pr\u00e4sentierte Patocchi die Pl\u00e4ne f\u00fcr die Erweiterung und im Sommer 1933 begann man mit dem Bau des neuen Ostfl\u00fcgels. Es vergehen 40 Jahre, w\u00e4hrend Denen man stets Verbesserungen- und Renovierungsarbeiten unternahm. Am 22. August 1975 zerst\u00f6rte ein schwerer Brand die geduldige und fleissige Arbeit der vergangenen Jahren.<\/p>\n\n\n\n<p>Im Sommer des folgenden Jahres wurde die H\u00fctte von neuem aufgebaut, gr\u00f6sser, sch\u00f6ner und vor allem funktioneller. Aus \u00e4sthetischer Ansicht sollte seine Struktur, auf nationaler Ebene, eine angenehme Neuheit sein. Dank des Architekten Oscar Hofmann, ein Qualit\u00e4tssprung.<\/p>\n\n\n\n<p>Nicht mehr die quadratische und einheitliche Struktur der klassischen Alph\u00fctten, sondern ein innovatives, agiles, anmutiges Aussehen mit tragenden Strukturen aus Stahl, die mit, f\u00fcr die H\u00f6he geeigneten Materialien, bedeckt und isoliert sind. Die Einweihung fand am 25. September 1977 statt. Es wurden im Laufe der Jahren Renovierungsarbeiten vorgenommen. Nicht zuletzt wurde im Jahr 2008 der Nordfl\u00fcgel angebaut, in dem eine professionelle K\u00fcche Platz findet.<\/p>\n\n\n\n<p>Am 11. August 2012 wurde der 100. Geburtstag der H\u00fctte gefeiert.<\/p>\n\n\n\n<figure class=\"wp-block-image size-large\"><img loading=\"lazy\" decoding=\"async\" width=\"1024\" height=\"702\" src=\"https:\/\/staging.campotencia.casticino.ch\/wp-content\/uploads\/2024\/04\/storia-1-1024x702.jpg\" alt=\"\" class=\"wp-image-125\" srcset=\"https:\/\/campotencia.casticino.ch\/wp-content\/uploads\/2024\/04\/storia-1-1024x702.jpg 1024w, https:\/\/campotencia.casticino.ch\/wp-content\/uploads\/2024\/04\/storia-1-300x206.jpg 300w, https:\/\/campotencia.casticino.ch\/wp-content\/uploads\/2024\/04\/storia-1-768x526.jpg 768w, https:\/\/campotencia.casticino.ch\/wp-content\/uploads\/2024\/04\/storia-1.jpg 1500w\" sizes=\"auto, (max-width: 1024px) 100vw, 1024px\" \/><\/figure>\n\n\n\n<p><\/p>\n\n\n\n<figure class=\"wp-block-image size-large\"><img loading=\"lazy\" decoding=\"async\" width=\"1024\" height=\"710\" src=\"https:\/\/staging.campotencia.casticino.ch\/wp-content\/uploads\/2024\/04\/storia-2-1024x710.jpg\" alt=\"\" class=\"wp-image-126\" srcset=\"https:\/\/campotencia.casticino.ch\/wp-content\/uploads\/2024\/04\/storia-2-1024x710.jpg 1024w, https:\/\/campotencia.casticino.ch\/wp-content\/uploads\/2024\/04\/storia-2-300x208.jpg 300w, https:\/\/campotencia.casticino.ch\/wp-content\/uploads\/2024\/04\/storia-2-768x533.jpg 768w, https:\/\/campotencia.casticino.ch\/wp-content\/uploads\/2024\/04\/storia-2-1536x1065.jpg 1536w, https:\/\/campotencia.casticino.ch\/wp-content\/uploads\/2024\/04\/storia-2.jpg 1772w\" sizes=\"auto, (max-width: 1024px) 100vw, 1024px\" \/><\/figure>\n\n\n\n<p><\/p>\n\n\n\n<figure class=\"wp-block-image size-large\"><img loading=\"lazy\" decoding=\"async\" width=\"1024\" height=\"667\" src=\"https:\/\/staging.campotencia.casticino.ch\/wp-content\/uploads\/2024\/04\/storia-3-1024x667.jpg\" alt=\"\" class=\"wp-image-127\" srcset=\"https:\/\/campotencia.casticino.ch\/wp-content\/uploads\/2024\/04\/storia-3-1024x667.jpg 1024w, https:\/\/campotencia.casticino.ch\/wp-content\/uploads\/2024\/04\/storia-3-300x195.jpg 300w, https:\/\/campotencia.casticino.ch\/wp-content\/uploads\/2024\/04\/storia-3-768x500.jpg 768w, https:\/\/campotencia.casticino.ch\/wp-content\/uploads\/2024\/04\/storia-3.jpg 1500w\" sizes=\"auto, (max-width: 1024px) 100vw, 1024px\" \/><\/figure>\n","protected":false},"excerpt":{"rendered":"<p>Die erste H\u00fctte der Tessiner Berge Die H\u00fctte wurde 1912 im Leventina Tal, am Fusse des gleichnamigen Gipfels, hinten in der Val Piumogna gebaut. Der Name Campo Tencia ist eine topologische Erfindung die 1858 entwickelt wurde. Zur Zeit der Erstellung der ber\u00fchmten Nationalkarte von General Dufour musste dem h\u00f6chsten Berg (3071,7m), der vollst\u00e4ndig auf Tessiner [&hellip;]<\/p>\n","protected":false},"author":2,"featured_media":0,"parent":0,"menu_order":0,"comment_status":"closed","ping_status":"closed","template":"","meta":{"pgc_sgb_lightbox_settings":"","footnotes":""},"class_list":["post-170","page","type-page","status-publish","hentry"],"aioseo_notices":[],"_links":{"self":[{"href":"https:\/\/campotencia.casticino.ch\/index.php?rest_route=\/wp\/v2\/pages\/170","targetHints":{"allow":["GET"]}}],"collection":[{"href":"https:\/\/campotencia.casticino.ch\/index.php?rest_route=\/wp\/v2\/pages"}],"about":[{"href":"https:\/\/campotencia.casticino.ch\/index.php?rest_route=\/wp\/v2\/types\/page"}],"author":[{"embeddable":true,"href":"https:\/\/campotencia.casticino.ch\/index.php?rest_route=\/wp\/v2\/users\/2"}],"replies":[{"embeddable":true,"href":"https:\/\/campotencia.casticino.ch\/index.php?rest_route=%2Fwp%2Fv2%2Fcomments&post=170"}],"version-history":[{"count":2,"href":"https:\/\/campotencia.casticino.ch\/index.php?rest_route=\/wp\/v2\/pages\/170\/revisions"}],"predecessor-version":[{"id":371,"href":"https:\/\/campotencia.casticino.ch\/index.php?rest_route=\/wp\/v2\/pages\/170\/revisions\/371"}],"wp:attachment":[{"href":"https:\/\/campotencia.casticino.ch\/index.php?rest_route=%2Fwp%2Fv2%2Fmedia&parent=170"}],"curies":[{"name":"wp","href":"https:\/\/api.w.org\/{rel}","templated":true}]}}