{"id":164,"date":"2024-04-22T21:01:02","date_gmt":"2024-04-22T21:01:02","guid":{"rendered":"https:\/\/staging.campotencia.casticino.ch\/?page_id=164"},"modified":"2024-06-20T10:23:34","modified_gmt":"2024-06-20T10:23:34","slug":"unsere-kuche","status":"publish","type":"page","link":"https:\/\/campotencia.casticino.ch\/?page_id=164&lang=de","title":{"rendered":"UNSERE K\u00dcCHE"},"content":{"rendered":"\n<div style=\"height:50px\" aria-hidden=\"true\" class=\"wp-block-spacer\"><\/div>\n\n\n\n<h2 class=\"wp-block-heading\">Essen und Trinken<\/h2>\n\n\n\n<p>Das kulinarische Angebot der H\u00fctte ist einfach und authentisch, mit starkem lokalen Einfluss, ohne uns jedoch nur auf das Tessin zu beschr\u00e4nken. Wir bieten kalte Gerichte mit lokalen Salami- und K\u00e4sesorten, Suppen, frische Gnocchi und Polenta mit verschiedenen Beilagen je nach Saison oder Verf\u00fcgbarkeit .<\/p>\n\n\n\n<p>F\u00fcr unsere G\u00e4ste bieten wir verschiedene lokale Spezialit\u00e4ten an, wobei wir versuchen die Speisekarte je nach Anlass abwechslungsreich zu gestalten, inspiriert von den Bergen.<\/p>\n\n\n\n<p>Vegetarier, Veganer und Personen mit speziellen Di\u00e4ten sind willkommen. Bitte informieren Sie uns rechtzeitig, damit wir alle Geschm\u00e4cker befriedigen k\u00f6nnen!<\/p>\n\n\n\n<h2 class=\"wp-block-heading\">Reservierung<\/h2>\n\n\n\n<p>Wir empfehlen Ihnen, Ihren Aufenthalt per E-Mail zu buchen oder uns direkt im Capanna anzurufen.<\/p>\n\n\n\n<p>DANKE<\/p>\n\n\n\n<p>Tencia-Mitarbeiter<\/p>\n","protected":false},"excerpt":{"rendered":"<p>Essen und Trinken Das kulinarische Angebot der H\u00fctte ist einfach und authentisch, mit starkem lokalen Einfluss, ohne uns jedoch nur auf das Tessin zu beschr\u00e4nken. Wir bieten kalte Gerichte mit lokalen Salami- und K\u00e4sesorten, Suppen, frische Gnocchi und Polenta mit verschiedenen Beilagen je nach Saison oder Verf\u00fcgbarkeit . F\u00fcr unsere G\u00e4ste bieten wir verschiedene lokale [&hellip;]<\/p>\n","protected":false},"author":2,"featured_media":0,"parent":0,"menu_order":0,"comment_status":"closed","ping_status":"closed","template":"","meta":{"pgc_sgb_lightbox_settings":"","footnotes":""},"class_list":["post-164","page","type-page","status-publish","hentry"],"aioseo_notices":[],"_links":{"self":[{"href":"https:\/\/campotencia.casticino.ch\/index.php?rest_route=\/wp\/v2\/pages\/164","targetHints":{"allow":["GET"]}}],"collection":[{"href":"https:\/\/campotencia.casticino.ch\/index.php?rest_route=\/wp\/v2\/pages"}],"about":[{"href":"https:\/\/campotencia.casticino.ch\/index.php?rest_route=\/wp\/v2\/types\/page"}],"author":[{"embeddable":true,"href":"https:\/\/campotencia.casticino.ch\/index.php?rest_route=\/wp\/v2\/users\/2"}],"replies":[{"embeddable":true,"href":"https:\/\/campotencia.casticino.ch\/index.php?rest_route=%2Fwp%2Fv2%2Fcomments&post=164"}],"version-history":[{"count":3,"href":"https:\/\/campotencia.casticino.ch\/index.php?rest_route=\/wp\/v2\/pages\/164\/revisions"}],"predecessor-version":[{"id":1078,"href":"https:\/\/campotencia.casticino.ch\/index.php?rest_route=\/wp\/v2\/pages\/164\/revisions\/1078"}],"wp:attachment":[{"href":"https:\/\/campotencia.casticino.ch\/index.php?rest_route=%2Fwp%2Fv2%2Fmedia&parent=164"}],"curies":[{"name":"wp","href":"https:\/\/api.w.org\/{rel}","templated":true}]}}