{"id":158,"date":"2024-04-22T20:55:09","date_gmt":"2024-04-22T20:55:09","guid":{"rendered":"https:\/\/staging.campotencia.casticino.ch\/?page_id=158"},"modified":"2024-05-22T21:11:05","modified_gmt":"2024-05-22T21:11:05","slug":"hutte","status":"publish","type":"page","link":"https:\/\/campotencia.casticino.ch\/?page_id=158&lang=de","title":{"rendered":"HUTTE"},"content":{"rendered":"\n<h3 class=\"wp-block-heading\">DIE ERSTE HUTTE DER TESSINER BERGEN<\/h3>\n\n\n\n<div style=\"height:50px\" aria-hidden=\"true\" class=\"wp-block-spacer\"><\/div>\n\n\n\n<p>Die heutige H\u00fctte komfortable und moderne H\u00fctte besteht aus drei Stockwerken<\/p>\n\n\n\n<p>Im Parterre befinden sich der Haupteingang, der auch als Schuhraum, sowie als Trockenraum dient. Im Parterre befinden sich ebenfalls die Sanit\u00e4ranlagen.<\/p>\n\n\n\n<p>Im ersten Stock befindet sich der Aufenthaltsraum wo 70 G\u00e4ste Platz finden. Die Aussicht ist pr\u00e4chtig und der Raum kann auch f\u00fcr Pr\u00e4sentationen genutzt werden, da ein Beamer vorhanden ist. Im selben Geschoss finden Sie auch die moderne K\u00fcche, in welcher die bekannten Gerichte der Campo Tencia H\u00fctte zubereitet werden.<\/p>\n\n\n\n<p>Am zweiten Stock sind die 70 Schlafpl\u00e4tze in 7 Zimmer aufgeteilt. Besonders f\u00fcr Familien geeignet sind die R\u00e4ume mit 4 oder 8 Betten. Alle Betten sind mit nordischen Duvets ausgestattet.<\/p>\n","protected":false},"excerpt":{"rendered":"<p>DIE ERSTE HUTTE DER TESSINER BERGEN Die heutige H\u00fctte komfortable und moderne H\u00fctte besteht aus drei Stockwerken Im Parterre befinden sich der Haupteingang, der auch als Schuhraum, sowie als Trockenraum dient. Im Parterre befinden sich ebenfalls die Sanit\u00e4ranlagen. Im ersten Stock befindet sich der Aufenthaltsraum wo 70 G\u00e4ste Platz finden. Die Aussicht ist pr\u00e4chtig und [&hellip;]<\/p>\n","protected":false},"author":2,"featured_media":0,"parent":0,"menu_order":0,"comment_status":"closed","ping_status":"closed","template":"","meta":{"pgc_sgb_lightbox_settings":"","footnotes":""},"class_list":["post-158","page","type-page","status-publish","hentry"],"aioseo_notices":[],"_links":{"self":[{"href":"https:\/\/campotencia.casticino.ch\/index.php?rest_route=\/wp\/v2\/pages\/158","targetHints":{"allow":["GET"]}}],"collection":[{"href":"https:\/\/campotencia.casticino.ch\/index.php?rest_route=\/wp\/v2\/pages"}],"about":[{"href":"https:\/\/campotencia.casticino.ch\/index.php?rest_route=\/wp\/v2\/types\/page"}],"author":[{"embeddable":true,"href":"https:\/\/campotencia.casticino.ch\/index.php?rest_route=\/wp\/v2\/users\/2"}],"replies":[{"embeddable":true,"href":"https:\/\/campotencia.casticino.ch\/index.php?rest_route=%2Fwp%2Fv2%2Fcomments&post=158"}],"version-history":[{"count":2,"href":"https:\/\/campotencia.casticino.ch\/index.php?rest_route=\/wp\/v2\/pages\/158\/revisions"}],"predecessor-version":[{"id":385,"href":"https:\/\/campotencia.casticino.ch\/index.php?rest_route=\/wp\/v2\/pages\/158\/revisions\/385"}],"wp:attachment":[{"href":"https:\/\/campotencia.casticino.ch\/index.php?rest_route=%2Fwp%2Fv2%2Fmedia&parent=158"}],"curies":[{"name":"wp","href":"https:\/\/api.w.org\/{rel}","templated":true}]}}