{"id":1228,"date":"2024-06-28T08:59:44","date_gmt":"2024-06-28T08:59:44","guid":{"rendered":"https:\/\/campotencia.casticino.ch\/?page_id=1228"},"modified":"2024-06-28T09:14:29","modified_gmt":"2024-06-28T09:14:29","slug":"randonnee-alpine","status":"publish","type":"page","link":"https:\/\/campotencia.casticino.ch\/?page_id=1228&lang=fr","title":{"rendered":"Randonn\u00e9e alpine"},"content":{"rendered":"\n<h3 class=\"wp-block-heading\">Randonn\u00e9e alpine<\/h3>\n\n\n\n<p>Les difficult\u00e9s de la randonn\u00e9e alpine et de l&#8217;alpinisme sont divis\u00e9es en six cat\u00e9gories selon l&#8217;\u00e9chelle T :<br>T1 (randonn\u00e9e) \u00e0 T6 (randonn\u00e9e alpine difficile). Dans la r\u00e9gion de Campo Tencia, il existe plusieurs possibilit\u00e9s de pratiquer cette activit\u00e9 : l&#8217;ascension du Pizzo Campo Tencia, du Pizzo Forno ou du Campolungo.<br>L&#8217;itin\u00e9raire n&#8217;est que partiellement signalis\u00e9, il est donc n\u00e9cessaire de conna\u00eetre son chemin.<br>Il peut y avoir des dangers, ainsi que des restes de champs de neige (au d\u00e9but de l&#8217;\u00e9t\u00e9), il faut donc \u00eatre bien pr\u00e9par\u00e9.<\/p>\n\n\n\n<p><a href=\"https:\/\/www.sac-cas.ch\/fr\/formation-et-securite\/securite-en-chemin\/securite-en-randonnee\/\" data-type=\"link\" data-id=\"https:\/\/www.sac-cas.ch\/fr\/formation-et-securite\/securite-en-chemin\/securite-en-randonnee\/\">En savoir plus sur la randonn\u00e9e et l&#8217;alpinisme<\/a><\/p>\n\n\n\n<div style=\"height:50px\" aria-hidden=\"true\" class=\"wp-block-spacer\"><\/div>\n\n\n\n<div class=\"wp-block-stackable-feature-grid alignwide stk-block-feature-grid stk-block-columns stk-block stk-b416f74 is-style-default\" data-block-id=\"b416f74\"><div class=\"stk-row stk-inner-blocks has-text-align-center stk-block-content stk-content-align stk-b416f74-column alignwide\">\n<div class=\"wp-block-stackable-column stk-block-column stk-column stk-block stk-db946e1\" data-v=\"4\" data-block-id=\"db946e1\"><div class=\"stk-column-wrapper stk-block-column__content stk-container stk-db946e1-container stk-hover-parent\"><div class=\"stk-block-content stk-inner-blocks stk-db946e1-inner-blocks\">\n<div class=\"wp-block-stackable-image stk-block-image stk-block stk-f9e16c7\" data-block-id=\"f9e16c7\"><style>.stk-f9e16c7 .stk-img-wrapper{width:100% !important;height:300px !important}<\/style><figure><span class=\"stk-img-wrapper stk-image--shape-stretch\"><img loading=\"lazy\" decoding=\"async\" class=\"stk-img wp-image-540\" src=\"https:\/\/staging.campotencia.casticino.ch\/wp-content\/uploads\/2024\/06\/B.jpg\" width=\"2500\" height=\"1667\" srcset=\"https:\/\/campotencia.casticino.ch\/wp-content\/uploads\/2024\/06\/B.jpg 2500w, https:\/\/campotencia.casticino.ch\/wp-content\/uploads\/2024\/06\/B-300x200.jpg 300w, https:\/\/campotencia.casticino.ch\/wp-content\/uploads\/2024\/06\/B-1024x683.jpg 1024w, https:\/\/campotencia.casticino.ch\/wp-content\/uploads\/2024\/06\/B-768x512.jpg 768w, https:\/\/campotencia.casticino.ch\/wp-content\/uploads\/2024\/06\/B-1536x1024.jpg 1536w, https:\/\/campotencia.casticino.ch\/wp-content\/uploads\/2024\/06\/B-2048x1366.jpg 2048w\" sizes=\"auto, (max-width: 2500px) 100vw, 2500px\" \/><\/span><\/figure><\/div>\n\n\n\n<div class=\"wp-block-stackable-heading stk-block-heading stk-block-heading--v2 stk-block stk-921b926\" id=\"pizzo-campo-tencia-3072-m-et-pizzo-croslina-3012-m\" data-block-id=\"921b926\"><h3 class=\"stk-block-heading__text\">Pizzo Campo Tencia 3072 m et Pizzo Croslina 3012 m<\/h3><\/div>\n\n\n\n<div class=\"wp-block-stackable-text stk-block-text stk-block stk-5053b17\" data-block-id=\"5053b17\"><p class=\"stk-block-text__text has-text-align-left\">Le &#8220;campo Tencia&#8221; est la plus haute montagne enti\u00e8rement situ\u00e9e sur le sol tessinois. Il doit son nom aux roches rouge\u00e2tres et ferrugineuses en dialecte : &#8220;tencie&#8221; ou sale. Au centre du canton, il offre une vue exceptionnelle \u00e0 360\u00b0. De son sommet, il est possible de descendre dans la vall\u00e9e de Lavizzara ou de rejoindre la haute route du Vallemaggia.<\/p><\/div>\n\n\n\n<div class=\"wp-block-stackable-text stk-block-text stk-block stk-05070b2\" data-block-id=\"05070b2\"><p class=\"stk-block-text__text has-text-align-left\"><strong><strong><strong>Distance<\/strong><\/strong><\/strong>: 3 km <br><strong><strong><strong>D\u00e9nivel\u00e9<\/strong><\/strong><\/strong>: + 940\u00a0m\u00e8tres<br><strong><strong><strong>Dur\u00e9e<\/strong><\/strong><\/strong>: 3 heures pour un sommet 4,5 heures pour les deux sommets<br><strong><strong><strong>Niveau<\/strong><\/strong><\/strong>: T4 P. Campo Tencia &#8211; T6 P. Croslina<br><span style=\"color: #000000;\" class=\"stk-highlight\"><strong><strong>Attention<\/strong><\/strong>:<\/span>l&#8217;itin\u00e9raire est en grande partie balis\u00e9, mais \u00e0 certains endroits, il faut faire attention au risque de chute de pierres, surtout si d&#8217;autres personnes sont pr\u00e9sentes. Au d\u00e9but de l&#8217;\u00e9t\u00e9, neige dans le bassin avant le col de Crozlina.<br><strong>Mat\u00e9riel:<\/strong> bonnes chaussures<br><strong>Alternative:<\/strong> du col \u00e0 une altitude de 2865 m, on peut traverser en montant l\u00e9g\u00e8rement en direction du nord jusqu&#8217;\u00e0 atteindre la cr\u00eate qui m\u00e8ne au sommet du <strong>Pizzo Croslina<\/strong>. <br><strong><span style=\"color: #cf2e2e;\" class=\"stk-highlight\">Passages expos\u00e9s \u00e0 surveiller, surtout dans la descente!<\/span><\/strong><br><br><\/p><\/div>\n\n\n\n<div class=\"wp-block-stackable-button-group stk-block-button-group stk-block stk-596f566\" data-block-id=\"596f566\"><div class=\"stk-row stk-inner-blocks stk-block-content stk-button-group\">\n<div class=\"wp-block-stackable-button stk-block-button stk-block stk-fe26758\" data-block-id=\"fe26758\"><style>.stk-fe26758 .stk-button{background:#477081 !important}<\/style><a class=\"stk-link stk-button stk--hover-effect-darken\" href=\"https:\/\/staging.campotencia.casticino.ch\/wp-content\/uploads\/2024\/06\/B.-Pizzo-Campo-Tencia-3072-m-Pizzo-Croslina-3012-m.pdf\" target=\"_blank\" rel=\"noreferrer noopener\"><span class=\"stk-button__inner-text\">EN SAVOIR PLUS<\/span><\/a><\/div>\n<\/div><\/div>\n<\/div><\/div><\/div>\n\n\n\n<div class=\"wp-block-stackable-column stk-block-column stk-column stk-block stk-e9877a0\" data-v=\"4\" data-block-id=\"e9877a0\"><div class=\"stk-column-wrapper stk-block-column__content stk-container stk-e9877a0-container stk-hover-parent\"><div class=\"stk-block-content stk-inner-blocks stk-e9877a0-inner-blocks\">\n<div class=\"wp-block-stackable-image stk-block-image stk-block stk-08fb247\" data-block-id=\"08fb247\"><style>.stk-08fb247{margin-bottom:17px !important}.stk-08fb247 .stk-img-wrapper{width:100% !important;height:315px !important}<\/style><figure><span class=\"stk-img-wrapper stk-image--shape-stretch\"><img loading=\"lazy\" decoding=\"async\" class=\"stk-img wp-image-531\" src=\"https:\/\/staging.campotencia.casticino.ch\/wp-content\/uploads\/2024\/06\/D_02.jpg\" width=\"2163\" height=\"2153\" srcset=\"https:\/\/campotencia.casticino.ch\/wp-content\/uploads\/2024\/06\/D_02.jpg 2163w, https:\/\/campotencia.casticino.ch\/wp-content\/uploads\/2024\/06\/D_02-300x300.jpg 300w, https:\/\/campotencia.casticino.ch\/wp-content\/uploads\/2024\/06\/D_02-1024x1019.jpg 1024w, https:\/\/campotencia.casticino.ch\/wp-content\/uploads\/2024\/06\/D_02-150x150.jpg 150w, https:\/\/campotencia.casticino.ch\/wp-content\/uploads\/2024\/06\/D_02-768x764.jpg 768w, https:\/\/campotencia.casticino.ch\/wp-content\/uploads\/2024\/06\/D_02-1536x1529.jpg 1536w, https:\/\/campotencia.casticino.ch\/wp-content\/uploads\/2024\/06\/D_02-2048x2039.jpg 2048w\" sizes=\"auto, (max-width: 2163px) 100vw, 2163px\" \/><\/span><\/figure><\/div>\n\n\n\n<div class=\"wp-block-stackable-heading stk-block-heading stk-block-heading--v2 stk-block stk-803ace5\" id=\"pizzo-forno-2907-m\" data-block-id=\"803ace5\"><h3 class=\"stk-block-heading__text\">Pizzo Forno 2907 m<\/h3><\/div>\n\n\n\n<div class=\"wp-block-stackable-text stk-block-text stk-block stk-86cceef\" data-block-id=\"86cceef\"><p class=\"stk-block-text__text has-text-align-left\">L&#8217;\u00e9tape 5 de la Via Idra longe la &#8220;Senda del Ghiacciaio&#8221; (senda du glacier), puis atteint le col de Ghiacciaione et grimpe jusqu&#8217;au sommet du Pizzo Forno avant de redescendre au Rifugio Alpe Sponda.<\/p><\/div>\n\n\n\n<div class=\"wp-block-stackable-text stk-block-text stk-block stk-6ec76ad\" data-block-id=\"6ec76ad\"><style>.stk-6ec76ad{margin-bottom:5px !important}<\/style><p class=\"stk-block-text__text has-text-align-left\"><strong><strong><strong>Distance<\/strong><\/strong><\/strong>: 4,5\u00a0km<br><strong><strong><strong>D\u00e9nivel\u00e9<\/strong><\/strong><\/strong>: 767\u00a0m\u00e8tres<br><strong><strong><strong>Dur\u00e9e<\/strong><\/strong><\/strong>: ca. 3 heures<br><strong><strong><strong>Niveau<\/strong><\/strong><\/strong>: T4<br><strong>Via Alta Idra:<\/strong> <a href=\"https:\/\/www.viaidra.ch\/tappa05\">tappa 5<\/a> <br><strong>Attention:<\/strong> le versant nord du Pizzo Forno reste longtemps enneig\u00e9, il est donc recommand\u00e9 d&#8217;avoir de bonnes chaussures et des crampons.<\/p><\/div>\n\n\n\n<div class=\"wp-block-stackable-button-group stk-block-button-group stk-block stk-d81616b\" data-block-id=\"d81616b\"><div class=\"stk-row stk-inner-blocks stk-block-content stk-button-group\">\n<div class=\"wp-block-stackable-button stk-block-button stk-block stk-7adb81b\" data-block-id=\"7adb81b\"><style>.stk-7adb81b .stk-button{background:#477081 !important}<\/style><a class=\"stk-link stk-button stk--hover-effect-darken\" href=\"https:\/\/staging.campotencia.casticino.ch\/wp-content\/uploads\/2024\/06\/D.-Pizzo-Forno-2907-m.pdf\" target=\"_blank\" rel=\"noreferrer noopener\"><span class=\"stk-button__inner-text\">EN SAVOIR PLUS<\/span><\/a><\/div>\n<\/div><\/div>\n<\/div><\/div><\/div>\n<\/div><\/div>\n\n\n\n<div class=\"wp-block-stackable-feature-grid alignwide stk-block-feature-grid stk-block-columns stk-block stk-5e603a9 is-style-default\" data-block-id=\"5e603a9\"><div class=\"stk-row stk-inner-blocks has-text-align-center stk-block-content stk-content-align stk-5e603a9-column alignwide\">\n<div class=\"wp-block-stackable-column stk-block-column stk-column stk-block stk-47ffc1a\" data-v=\"4\" data-block-id=\"47ffc1a\"><div class=\"stk-column-wrapper stk-block-column__content stk-container stk-47ffc1a-container stk-hover-parent\"><div class=\"stk-block-content stk-inner-blocks stk-47ffc1a-inner-blocks\">\n<div class=\"wp-block-stackable-image stk-block-image stk-block stk-9d6e8c7\" data-block-id=\"9d6e8c7\"><style>.stk-9d6e8c7{margin-bottom:17px !important}.stk-9d6e8c7 .stk-img-wrapper{width:100% !important;height:311px !important}<\/style><figure><span class=\"stk-img-wrapper stk-image--shape-stretch\"><img loading=\"lazy\" decoding=\"async\" class=\"stk-img wp-image-537\" src=\"https:\/\/staging.campotencia.casticino.ch\/wp-content\/uploads\/2024\/06\/C-scaled.jpg\" width=\"2560\" height=\"842\" srcset=\"https:\/\/campotencia.casticino.ch\/wp-content\/uploads\/2024\/06\/C-scaled.jpg 2560w, https:\/\/campotencia.casticino.ch\/wp-content\/uploads\/2024\/06\/C-300x99.jpg 300w, https:\/\/campotencia.casticino.ch\/wp-content\/uploads\/2024\/06\/C-1024x337.jpg 1024w, https:\/\/campotencia.casticino.ch\/wp-content\/uploads\/2024\/06\/C-768x253.jpg 768w, https:\/\/campotencia.casticino.ch\/wp-content\/uploads\/2024\/06\/C-1536x505.jpg 1536w, https:\/\/campotencia.casticino.ch\/wp-content\/uploads\/2024\/06\/C-2048x674.jpg 2048w\" sizes=\"auto, (max-width: 2560px) 100vw, 2560px\" \/><\/span><\/figure><\/div>\n\n\n\n<div class=\"wp-block-stackable-heading stk-block-heading stk-block-heading--v2 stk-block stk-69843d0\" id=\"pizzo-campolungo-2714-m\" data-block-id=\"69843d0\"><h3 class=\"stk-block-heading__text\">Pizzo Campolungo 2714 m<\/h3><\/div>\n\n\n\n<div class=\"wp-block-stackable-text stk-block-text stk-block stk-92f40ca\" data-block-id=\"92f40ca\"><p class=\"stk-block-text__text has-text-align-left\">Du Pizzo Campolungo, la vue s&#8217;ouvre sur les lacs L\u00e8it, Tremorgio et Morghirolo, en passant par le Pizzo Pr\u00e8vat (le Cervin tessinois). L&#8217;ascension n&#8217;est pas trac\u00e9e et se fait par des pr\u00e9s raides et des \u00e9boulis, en montant dans la vall\u00e9e qui pr\u00e9c\u00e8de l&#8217;Alpe Lei di Cima.<\/p><\/div>\n\n\n\n<div class=\"wp-block-stackable-text stk-block-text stk-block stk-c11c88f\" data-block-id=\"c11c88f\"><style>.stk-c11c88f{margin-bottom:0px !important}<\/style><p class=\"stk-block-text__text has-text-align-left\"><strong><strong><strong>Distance<\/strong><\/strong><\/strong>: 3\u00a0km<br><strong><strong><strong>D\u00e9nivel\u00e9<\/strong><\/strong><\/strong>: 690 m\u00e8tres<br><strong><strong><strong>Dur\u00e9e<\/strong><\/strong><\/strong>: ca. 2.5 heures<br><strong><strong><strong>Niveau<\/strong><\/strong><\/strong>: T4<br><strong>Carte online<\/strong>: <a href=\"https:\/\/s.geo.admin.ch\/epntrruz341r\">Mapgeo Campolungo<\/a><br><strong><strong>Attention<\/strong>:<\/strong> l&#8217;itin\u00e9raire n&#8217;est pas balis\u00e9 et, bien qu&#8217;il ne soit pas difficile, il n\u00e9cessite des comp\u00e9tences en mati\u00e8re d&#8217;orientation.<br><\/p><\/div>\n\n\n\n<div class=\"wp-block-stackable-button-group stk-block-button-group stk-block stk-2f6a62a\" data-block-id=\"2f6a62a\"><div class=\"stk-row stk-inner-blocks stk-block-content stk-button-group\">\n<div class=\"wp-block-stackable-button stk-block-button stk-block stk-edece5f\" data-block-id=\"edece5f\"><style>.stk-edece5f .stk-button{background:#477081 !important}<\/style><a class=\"stk-link stk-button stk--hover-effect-darken\" href=\"https:\/\/staging.campotencia.casticino.ch\/wp-content\/uploads\/2024\/06\/C.-Pizzo-Campolungo-2714-m.pdf\" target=\"_blank\" rel=\"noreferrer noopener\"><span class=\"stk-button__inner-text\">EN SAVOIR PLUS<\/span><\/a><\/div>\n<\/div><\/div>\n<\/div><\/div><\/div>\n\n\n\n<div class=\"wp-block-stackable-column stk-block-column stk-column stk-block stk-41dc6cc\" data-v=\"4\" data-block-id=\"41dc6cc\"><div class=\"stk-column-wrapper stk-block-column__content stk-container stk-41dc6cc-container stk-hover-parent\"><div class=\"stk-block-content stk-inner-blocks stk-41dc6cc-inner-blocks\">\n<div class=\"wp-block-stackable-image stk-block-image stk-block stk-74678bd\" data-block-id=\"74678bd\"><style>.stk-74678bd .stk-img-wrapper{width:100% !important;height:300px !important}<\/style><figure><span class=\"stk-img-wrapper stk-image--shape-stretch\"><img loading=\"lazy\" decoding=\"async\" class=\"stk-img wp-image-530\" src=\"https:\/\/staging.campotencia.casticino.ch\/wp-content\/uploads\/2024\/06\/A_foto-scaled.jpg\" width=\"2560\" height=\"1718\" srcset=\"https:\/\/campotencia.casticino.ch\/wp-content\/uploads\/2024\/06\/A_foto-scaled.jpg 2560w, https:\/\/campotencia.casticino.ch\/wp-content\/uploads\/2024\/06\/A_foto-300x201.jpg 300w, https:\/\/campotencia.casticino.ch\/wp-content\/uploads\/2024\/06\/A_foto-1024x687.jpg 1024w, https:\/\/campotencia.casticino.ch\/wp-content\/uploads\/2024\/06\/A_foto-768x516.jpg 768w, https:\/\/campotencia.casticino.ch\/wp-content\/uploads\/2024\/06\/A_foto-1536x1031.jpg 1536w, https:\/\/campotencia.casticino.ch\/wp-content\/uploads\/2024\/06\/A_foto-2048x1375.jpg 2048w\" sizes=\"auto, (max-width: 2560px) 100vw, 2560px\" \/><\/span><\/figure><\/div>\n\n\n\n<div class=\"wp-block-stackable-heading stk-block-heading stk-block-heading--v2 stk-block stk-eaad1c4\" id=\"tour-de-campolungo\" data-block-id=\"eaad1c4\"><h3 class=\"stk-block-heading__text\">Tour de Campolungo<\/h3><\/div>\n\n\n\n<div class=\"wp-block-stackable-text stk-block-text stk-block stk-74185ff\" data-block-id=\"74185ff\"><p class=\"stk-block-text__text has-text-align-left\">Une randonn\u00e9e sauvage et inhabituelle qui offre une liaison alternative entre le refuge Leit et Campo Tencia par le versant Valmaggese.<\/p><\/div>\n\n\n\n<div class=\"wp-block-stackable-text stk-block-text stk-block stk-92cadf8\" data-block-id=\"92cadf8\"><style>.stk-92cadf8{margin-bottom:28px !important}<\/style><p class=\"stk-block-text__text has-text-align-left\"><strong><strong><strong>Distance<\/strong><\/strong><\/strong>: 8 km<br><strong><strong><strong>D\u00e9nivel\u00e9<\/strong><\/strong><\/strong>: 1268 \/ 1166 m\u00e8tres<br><strong><strong><strong>Dur\u00e9e<\/strong><\/strong><\/strong>: 6 heures Cabane\/Cabane ou 7\/8 heures pour le circuit complet<br><strong><strong><strong>Niveau<\/strong><\/strong><\/strong>: T4\/T5 in parte attrezzato con cavi<br><strong>A voir<\/strong>: Lago Morghirolo, Corte di Zaria, Laghetti Cantun dal Prevat, Piz del Pr\u00e9vat<br><strong>P\u00e9riode recommand\u00e9e<\/strong>: de juillet \u00e0 fin septembre<br><span style=\"color: #000000;\" class=\"stk-highlight\"><strong><strong>Attention<\/strong><\/strong>: <\/span>terrain partiellement imperm\u00e9able et sauvage, mauvaise r\u00e9ception t\u00e9l\u00e9phonique, neige au d\u00e9but de l&#8217;\u00e9t\u00e9 sur des pentes raides et ombrag\u00e9es!<br><strong>Mat\u00e9riel:<\/strong> de bonnes chaussures, un casque et \u00e9ventuellement un set de via ferrata sont recommand\u00e9s.<\/p><\/div>\n\n\n\n<div class=\"wp-block-stackable-button-group stk-block-button-group stk-block stk-5f84efd\" data-block-id=\"5f84efd\"><div class=\"stk-row stk-inner-blocks stk-block-content stk-button-group\">\n<div class=\"wp-block-stackable-button stk-block-button stk-block stk-c0e08d0\" data-block-id=\"c0e08d0\"><style>.stk-c0e08d0 .stk-button{background:#477081 !important}<\/style><a class=\"stk-link stk-button stk--hover-effect-darken\" href=\"https:\/\/staging.campotencia.casticino.ch\/wp-content\/uploads\/2024\/06\/A.-Giro-del-Campolungo.pdf\" target=\"_blank\" rel=\"noreferrer noopener\"><span class=\"stk-button__inner-text\">EN SAVOIR PLUS<\/span><\/a><\/div>\n<\/div><\/div>\n<\/div><\/div><\/div>\n<\/div><\/div>\n\n\n\n<p><\/p>\n","protected":false},"excerpt":{"rendered":"<p>Randonn\u00e9e alpine Les difficult\u00e9s de la randonn\u00e9e alpine et de l&#8217;alpinisme sont divis\u00e9es en six cat\u00e9gories selon l&#8217;\u00e9chelle T :T1 (randonn\u00e9e) \u00e0 T6 (randonn\u00e9e alpine difficile). Dans la r\u00e9gion de Campo Tencia, il existe plusieurs possibilit\u00e9s de pratiquer cette activit\u00e9 : l&#8217;ascension du Pizzo Campo Tencia, du Pizzo Forno ou du Campolungo.L&#8217;itin\u00e9raire n&#8217;est que partiellement [&hellip;]<\/p>\n","protected":false},"author":2,"featured_media":0,"parent":0,"menu_order":0,"comment_status":"closed","ping_status":"closed","template":"","meta":{"pgc_sgb_lightbox_settings":"","footnotes":""},"class_list":["post-1228","page","type-page","status-publish","hentry"],"aioseo_notices":[],"_links":{"self":[{"href":"https:\/\/campotencia.casticino.ch\/index.php?rest_route=\/wp\/v2\/pages\/1228","targetHints":{"allow":["GET"]}}],"collection":[{"href":"https:\/\/campotencia.casticino.ch\/index.php?rest_route=\/wp\/v2\/pages"}],"about":[{"href":"https:\/\/campotencia.casticino.ch\/index.php?rest_route=\/wp\/v2\/types\/page"}],"author":[{"embeddable":true,"href":"https:\/\/campotencia.casticino.ch\/index.php?rest_route=\/wp\/v2\/users\/2"}],"replies":[{"embeddable":true,"href":"https:\/\/campotencia.casticino.ch\/index.php?rest_route=%2Fwp%2Fv2%2Fcomments&post=1228"}],"version-history":[{"count":2,"href":"https:\/\/campotencia.casticino.ch\/index.php?rest_route=\/wp\/v2\/pages\/1228\/revisions"}],"predecessor-version":[{"id":1231,"href":"https:\/\/campotencia.casticino.ch\/index.php?rest_route=\/wp\/v2\/pages\/1228\/revisions\/1231"}],"wp:attachment":[{"href":"https:\/\/campotencia.casticino.ch\/index.php?rest_route=%2Fwp%2Fv2%2Fmedia&parent=1228"}],"curies":[{"name":"wp","href":"https:\/\/api.w.org\/{rel}","templated":true}]}}