{"id":1148,"date":"2024-06-21T13:59:23","date_gmt":"2024-06-21T13:59:23","guid":{"rendered":"https:\/\/staging.campotencia.casticino.ch\/?page_id=1148"},"modified":"2024-06-21T14:04:18","modified_gmt":"2024-06-21T14:04:18","slug":"team-3","status":"publish","type":"page","link":"https:\/\/campotencia.casticino.ch\/?page_id=1148&lang=de","title":{"rendered":"TEAM"},"content":{"rendered":"\n<h3 class=\"wp-block-heading\">Chi vi accoglie in capanna&#8230;.<\/h3>\n\n\n\n<div style=\"height:15px\" aria-hidden=\"true\" class=\"wp-block-spacer\"><\/div>\n\n\n\n<p>Ci piace definirci persone solari, positive e piene di energie, con tanta voglia di fare e di mettersi in gioco. In precedenza gestori di un\u2019osteria con alloggio, dal 2024 siamo entusiasti di annunciare che saremo i nuovi guardiani della capanna Campo Tencia.<br>Abbiamo avuto la fortuna nelle nostre esperienze precedenti di viaggiare molto, scoprendo posti meravigliosi del mondo, ma accorgendoci anche di quanto infine \u00e8 bello tornare in Svizzera sulle nostre montagne, ed \u00e8 proprio l\u00ec che ci sentiamo a casa.<br>Dopo aver maturato molteplici esperienze lavorative e in seguito di gestione nell\u2019ambito alberghiero abbiamo sentito la mancanza di qualcosa, un richiamo della montagna che ci ha spinto a puntare pi\u00f9 in alto, fino alle nostre amate Alpi per immergerci in queste fantastiche creste e poter \u201caprire\u201d questo sogno nel cassetto.<\/p>\n\n\n\n<p>Durante la stagione saremo affiancati da amici e volontari che ci daranno man forte nell\u2019arduo lavoro in capanna. Siamo onorati della possibilit\u00e0 di vivere questa grande e stimolante esperienza, dove potremo mettere in pratica le capacit\u00e0 e risorse sviluppate nei nostri anni di esperienza lavorativa e personale. Non vediamo l\u2019ora di potervi accogliere tutti in capanna!<\/p>\n\n\n\n<div style=\"height:100px\" aria-hidden=\"true\" class=\"wp-block-spacer\"><\/div>\n\n\n\n<p><strong>Valeria e Paco<\/strong><\/p>\n\n\n\n<figure class=\"wp-block-image size-large\"><img loading=\"lazy\" decoding=\"async\" width=\"1024\" height=\"767\" src=\"https:\/\/staging.campotencia.casticino.ch\/wp-content\/uploads\/2024\/06\/PacoeValeria-1024x767.jpg\" alt=\"\" class=\"wp-image-1059\" srcset=\"https:\/\/campotencia.casticino.ch\/wp-content\/uploads\/2024\/06\/PacoeValeria-1024x767.jpg 1024w, https:\/\/campotencia.casticino.ch\/wp-content\/uploads\/2024\/06\/PacoeValeria-300x225.jpg 300w, https:\/\/campotencia.casticino.ch\/wp-content\/uploads\/2024\/06\/PacoeValeria-768x576.jpg 768w, https:\/\/campotencia.casticino.ch\/wp-content\/uploads\/2024\/06\/PacoeValeria-1536x1151.jpg 1536w, https:\/\/campotencia.casticino.ch\/wp-content\/uploads\/2024\/06\/PacoeValeria-2048x1535.jpg 2048w\" sizes=\"auto, (max-width: 1024px) 100vw, 1024px\" \/><\/figure>\n","protected":false},"excerpt":{"rendered":"<p>Chi vi accoglie in capanna&#8230;. Ci piace definirci persone solari, positive e piene di energie, con tanta voglia di fare e di mettersi in gioco. In precedenza gestori di un\u2019osteria con alloggio, dal 2024 siamo entusiasti di annunciare che saremo i nuovi guardiani della capanna Campo Tencia.Abbiamo avuto la fortuna nelle nostre esperienze precedenti di [&hellip;]<\/p>\n","protected":false},"author":2,"featured_media":0,"parent":0,"menu_order":0,"comment_status":"closed","ping_status":"closed","template":"","meta":{"pgc_sgb_lightbox_settings":"","footnotes":""},"class_list":["post-1148","page","type-page","status-publish","hentry"],"aioseo_notices":[],"_links":{"self":[{"href":"https:\/\/campotencia.casticino.ch\/index.php?rest_route=\/wp\/v2\/pages\/1148","targetHints":{"allow":["GET"]}}],"collection":[{"href":"https:\/\/campotencia.casticino.ch\/index.php?rest_route=\/wp\/v2\/pages"}],"about":[{"href":"https:\/\/campotencia.casticino.ch\/index.php?rest_route=\/wp\/v2\/types\/page"}],"author":[{"embeddable":true,"href":"https:\/\/campotencia.casticino.ch\/index.php?rest_route=\/wp\/v2\/users\/2"}],"replies":[{"embeddable":true,"href":"https:\/\/campotencia.casticino.ch\/index.php?rest_route=%2Fwp%2Fv2%2Fcomments&post=1148"}],"version-history":[{"count":2,"href":"https:\/\/campotencia.casticino.ch\/index.php?rest_route=\/wp\/v2\/pages\/1148\/revisions"}],"predecessor-version":[{"id":1152,"href":"https:\/\/campotencia.casticino.ch\/index.php?rest_route=\/wp\/v2\/pages\/1148\/revisions\/1152"}],"wp:attachment":[{"href":"https:\/\/campotencia.casticino.ch\/index.php?rest_route=%2Fwp%2Fv2%2Fmedia&parent=1148"}],"curies":[{"name":"wp","href":"https:\/\/api.w.org\/{rel}","templated":true}]}}