{"id":1102,"date":"2024-06-20T11:32:59","date_gmt":"2024-06-20T11:32:59","guid":{"rendered":"https:\/\/staging.campotencia.casticino.ch\/?page_id=1102"},"modified":"2024-06-20T13:49:24","modified_gmt":"2024-06-20T13:49:24","slug":"aktivitaten-2","status":"publish","type":"page","link":"https:\/\/campotencia.casticino.ch\/?page_id=1102&lang=de","title":{"rendered":"AKTIVIT\u00c4TEN"},"content":{"rendered":"\n<h3 class=\"wp-block-heading\">Campo Tencia e Val Piumogna<\/h3>\n\n\n\n<div style=\"height:26px\" aria-hidden=\"true\" class=\"wp-block-spacer\"><\/div>\n\n\n\n<p>Nicht nur Campo Tencia! Wandern und Bergsteigen im Piumognatal, ein ideales Gel\u00e4nde mit ein Gesamtangebot: Natur, Kultur, Sport, Abenteuer, f\u00fcr alle Altersgruppen. Der Bundesjagdbanngebiet, die Bergweiden, der geologische Weg Campolungo, der Kyanit con pizzo Forno und der Berg \u201eTencia\u201c, die Seen, die auch an den hei\u00dfesten Tagen f\u00fcr Erfrischung sorgen.<\/p>\n\n\n\n<p>Die Region des Campo Tencia-Massivs bietet zahlreiche Bergsteiger- und Wanderrouten. Die klassische Cresta dei Corni, faszinierenden Anstiege wie der Pizzo Campo Tencia und die \u00dcberg\u00e4nge zu anderen H\u00fctten: Le\u00ect, Sponda, Barone und Garzonera.&nbsp; Die H\u00fctte liegt auch auf halber Strecke der Via Idra, der 100 km langen Weitwanderweg vom Novena-Pass bis zur Lago Maggiore.<\/p>\n\n\n\n<p>Das Gebiet eignet sich f\u00fcr Bergsteiger- und Kletterkurse f\u00fcr Kinder und Anf\u00e4nger, mit Kletterg\u00e4rten rund um die H\u00fctte und Lehrgel\u00e4nde zum Erlernen und Anwenden von Techniken am Fels.<\/p>\n\n\n\n<p>Die Cresta dei Corni ist sicherlich eine der spektakul\u00e4rsten Routen f\u00fcr ge\u00fcbte Wanderer mit Bergsteigererfahrung.<\/p>\n\n\n\n<p>Im Winter bietet das abgelegene Gebiet des Campo Tencia interessante M\u00f6glichkeiten f\u00fcr anspruchsvolles Skitouren und zum Wasserfallklettern.<\/p>\n\n\n\n<p>Auf den folgenden Seiten schlagen wir Routen und Aktivit\u00e4ten vor, die f\u00fcr jeden Bedarf geeignet sind:<\/p>\n\n\n\n<div class=\"wp-block-stackable-feature-grid alignwide stk-block-feature-grid stk-block-columns stk-block stk-5d1f8a0 is-style-default\" data-block-id=\"5d1f8a0\"><div class=\"stk-row stk-inner-blocks has-text-align-center stk-block-content stk-content-align stk-5d1f8a0-column alignwide\">\n<div class=\"wp-block-stackable-column stk-block-column stk-column stk-block stk-85c9820\" data-v=\"4\" data-block-id=\"85c9820\"><div class=\"stk-column-wrapper stk-block-column__content stk-container stk-85c9820-container stk-hover-parent\"><div class=\"stk-block-content stk-inner-blocks stk-85c9820-inner-blocks\">\n<div class=\"wp-block-stackable-image stk-block-image stk-block stk-58c71dd\" data-block-id=\"58c71dd\"><style>.stk-58c71dd .stk-img-wrapper{width:100% !important;height:120px !important}<\/style><figure><span class=\"stk-img-wrapper stk-image--shape-stretch\"><img loading=\"lazy\" decoding=\"async\" class=\"stk-img wp-image-532\" src=\"https:\/\/staging.campotencia.casticino.ch\/wp-content\/uploads\/2024\/06\/E.jpeg\" width=\"330\" height=\"250\" srcset=\"https:\/\/campotencia.casticino.ch\/wp-content\/uploads\/2024\/06\/E.jpeg 330w, https:\/\/campotencia.casticino.ch\/wp-content\/uploads\/2024\/06\/E-300x227.jpeg 300w\" sizes=\"auto, (max-width: 330px) 100vw, 330px\" \/><\/span><\/figure><\/div>\n\n\n\n<div class=\"wp-block-stackable-heading stk-block-heading stk-block-heading--v2 stk-block stk-3487fac\" id=\"bergwandern\" data-block-id=\"3487fac\"><h6 class=\"stk-block-heading__text\">Bergwandern<\/h6><\/div>\n\n\n\n<div class=\"wp-block-stackable-text stk-block-text stk-block stk-01b8e60\" data-block-id=\"01b8e60\"><p class=\"stk-block-text__text\"><\/p><\/div>\n\n\n\n<div class=\"wp-block-stackable-button-group stk-block-button-group stk-block stk-f48860a\" data-block-id=\"f48860a\"><div class=\"stk-row stk-inner-blocks stk-block-content stk-button-group\">\n<div class=\"wp-block-stackable-button stk-block-button stk-block stk-6990604\" data-block-id=\"6990604\"><style>.stk-6990604 .stk-button{background:#477081 !important}<\/style><a class=\"stk-link stk-button stk--hover-effect-darken\" href=\"https:\/\/staging.campotencia.casticino.ch\/?page_id=186&amp;lang=de\"><span class=\"stk-button__inner-text\">DETAILS<\/span><\/a><\/div>\n<\/div><\/div>\n<\/div><\/div><\/div>\n\n\n\n<div class=\"wp-block-stackable-column stk-block-column stk-column stk-block stk-73983af\" data-v=\"4\" data-block-id=\"73983af\"><div class=\"stk-column-wrapper stk-block-column__content stk-container stk-73983af-container stk-hover-parent\"><div class=\"stk-block-content stk-inner-blocks stk-73983af-inner-blocks\">\n<div class=\"wp-block-stackable-image stk-block-image stk-block stk-27c9773\" data-block-id=\"27c9773\"><style>.stk-27c9773 .stk-img-wrapper{width:100% !important;height:118px !important}<\/style><figure><span class=\"stk-img-wrapper stk-image--shape-stretch\"><img loading=\"lazy\" decoding=\"async\" class=\"stk-img wp-image-889\" src=\"https:\/\/staging.campotencia.casticino.ch\/wp-content\/uploads\/2024\/06\/csm_1513857445_1718100744master_3002ce6aaf.jpg\" width=\"800\" height=\"500\" srcset=\"https:\/\/campotencia.casticino.ch\/wp-content\/uploads\/2024\/06\/csm_1513857445_1718100744master_3002ce6aaf.jpg 800w, https:\/\/campotencia.casticino.ch\/wp-content\/uploads\/2024\/06\/csm_1513857445_1718100744master_3002ce6aaf-300x188.jpg 300w, https:\/\/campotencia.casticino.ch\/wp-content\/uploads\/2024\/06\/csm_1513857445_1718100744master_3002ce6aaf-768x480.jpg 768w\" sizes=\"auto, (max-width: 800px) 100vw, 800px\" \/><\/span><\/figure><\/div>\n\n\n\n<div class=\"wp-block-stackable-heading stk-block-heading stk-block-heading--v2 stk-block stk-050a8ac\" id=\"alpine-wanderungen\" data-block-id=\"050a8ac\"><h6 class=\"stk-block-heading__text\">Alpine Wanderungen<\/h6><\/div>\n\n\n\n<div class=\"wp-block-stackable-text stk-block-text stk-block stk-e250105\" data-block-id=\"e250105\"><p class=\"stk-block-text__text\"><\/p><\/div>\n\n\n\n<div class=\"wp-block-stackable-button-group stk-block-button-group stk-block stk-a05bdff\" data-block-id=\"a05bdff\"><div class=\"stk-row stk-inner-blocks stk-block-content stk-button-group\">\n<div class=\"wp-block-stackable-button stk-block-button stk-block stk-aaa9a71\" data-block-id=\"aaa9a71\"><style>.stk-aaa9a71 .stk-button{background:#477081 !important}.stk-aaa9a71 .stk-button__inner-text{color:#ffffff !important}<\/style><a class=\"stk-link stk-button stk--hover-effect-darken\" href=\"https:\/\/staging.campotencia.casticino.ch\/?page_id=212&amp;lang=de\"><span class=\"has-text-color stk-button__inner-text\">DETAILS<\/span><\/a><\/div>\n<\/div><\/div>\n<\/div><\/div><\/div>\n\n\n\n<div class=\"wp-block-stackable-column stk-block-column stk-column stk-block stk-21ba2d0\" data-v=\"4\" data-block-id=\"21ba2d0\"><div class=\"stk-column-wrapper stk-block-column__content stk-container stk-21ba2d0-container stk-hover-parent\"><div class=\"stk-block-content stk-inner-blocks stk-21ba2d0-inner-blocks\">\n<div class=\"wp-block-stackable-image stk-block-image stk-block stk-85d53f4\" data-block-id=\"85d53f4\"><style>.stk-85d53f4 .stk-img-wrapper{width:100% !important;height:118px !important}<\/style><figure><span class=\"stk-img-wrapper stk-image--shape-stretch\"><img loading=\"lazy\" decoding=\"async\" class=\"stk-img wp-image-796\" src=\"https:\/\/staging.campotencia.casticino.ch\/wp-content\/uploads\/2024\/06\/cresta-corni-scaled.jpg\" width=\"2560\" height=\"1441\" srcset=\"https:\/\/campotencia.casticino.ch\/wp-content\/uploads\/2024\/06\/cresta-corni-scaled.jpg 2560w, https:\/\/campotencia.casticino.ch\/wp-content\/uploads\/2024\/06\/cresta-corni-300x169.jpg 300w, https:\/\/campotencia.casticino.ch\/wp-content\/uploads\/2024\/06\/cresta-corni-1024x576.jpg 1024w, https:\/\/campotencia.casticino.ch\/wp-content\/uploads\/2024\/06\/cresta-corni-768x432.jpg 768w, https:\/\/campotencia.casticino.ch\/wp-content\/uploads\/2024\/06\/cresta-corni-1536x865.jpg 1536w, https:\/\/campotencia.casticino.ch\/wp-content\/uploads\/2024\/06\/cresta-corni-2048x1153.jpg 2048w\" sizes=\"auto, (max-width: 2560px) 100vw, 2560px\" \/><\/span><\/figure><\/div>\n\n\n\n<div class=\"wp-block-stackable-heading stk-block-heading stk-block-heading--v2 stk-block stk-bddc4fc\" id=\"gratuberschreitung-cresta-dei-corni\" data-block-id=\"bddc4fc\"><h6 class=\"stk-block-heading__text\">Grat\u00fcberschreitung cresta dei Corni<\/h6><\/div>\n\n\n\n<div class=\"wp-block-stackable-button-group stk-block-button-group stk-block stk-a60e713\" data-block-id=\"a60e713\"><div class=\"stk-row stk-inner-blocks stk-block-content stk-button-group\">\n<div class=\"wp-block-stackable-button stk-block-button stk-block stk-4538c88\" data-block-id=\"4538c88\"><style>.stk-4538c88 .stk-button{background:#477081 !important}.stk-4538c88 .stk-button__inner-text{color:#ffffff !important}<\/style><a class=\"stk-link stk-button stk--hover-effect-darken\" href=\"https:\/\/staging.campotencia.casticino.ch\/?page_id=201&amp;lang=de\"><span class=\"has-text-color stk-button__inner-text\">DETAILS<\/span><\/a><\/div>\n<\/div><\/div>\n<\/div><\/div><\/div>\n\n\n\n<div class=\"wp-block-stackable-column stk-block-column stk-column stk-block stk-1b2da37\" data-v=\"4\" data-block-id=\"1b2da37\"><div class=\"stk-column-wrapper stk-block-column__content stk-container stk-1b2da37-container stk-hover-parent\"><div class=\"stk-block-content stk-inner-blocks stk-1b2da37-inner-blocks\">\n<div class=\"wp-block-stackable-image stk-block-image stk-block stk-0d40cec\" data-block-id=\"0d40cec\"><style>.stk-0d40cec .stk-img-wrapper{width:100% !important;height:121px !important}<\/style><figure><span class=\"stk-img-wrapper stk-image--shape-stretch\"><img loading=\"lazy\" decoding=\"async\" class=\"stk-img wp-image-569\" src=\"https:\/\/staging.campotencia.casticino.ch\/wp-content\/uploads\/2024\/06\/arrampicata-scaled.jpg\" width=\"2560\" height=\"1920\" srcset=\"https:\/\/campotencia.casticino.ch\/wp-content\/uploads\/2024\/06\/arrampicata-scaled.jpg 2560w, https:\/\/campotencia.casticino.ch\/wp-content\/uploads\/2024\/06\/arrampicata-300x225.jpg 300w, https:\/\/campotencia.casticino.ch\/wp-content\/uploads\/2024\/06\/arrampicata-1024x768.jpg 1024w, https:\/\/campotencia.casticino.ch\/wp-content\/uploads\/2024\/06\/arrampicata-768x576.jpg 768w, https:\/\/campotencia.casticino.ch\/wp-content\/uploads\/2024\/06\/arrampicata-1536x1152.jpg 1536w, https:\/\/campotencia.casticino.ch\/wp-content\/uploads\/2024\/06\/arrampicata-2048x1536.jpg 2048w\" sizes=\"auto, (max-width: 2560px) 100vw, 2560px\" \/><\/span><\/figure><\/div>\n\n\n\n<div class=\"wp-block-stackable-heading stk-block-heading stk-block-heading--v2 stk-block stk-63435cb\" id=\"klettergarten-und-ausbildungplatze\" data-block-id=\"63435cb\"><h6 class=\"stk-block-heading__text\">Klettergarten und Ausbildungpl\u00e4tze<\/h6><\/div>\n\n\n\n<div class=\"wp-block-stackable-button-group stk-block-button-group stk-block stk-040496b\" data-block-id=\"040496b\"><div class=\"stk-row stk-inner-blocks stk-block-content stk-button-group\">\n<div class=\"wp-block-stackable-button stk-block-button stk-block stk-4c6c993\" data-block-id=\"4c6c993\"><style>.stk-4c6c993 .stk-button{background:#477081 !important}.stk-4c6c993 .stk-button__inner-text{color:#ffffff !important}<\/style><a class=\"stk-link stk-button stk--hover-effect-darken\" href=\"https:\/\/staging.campotencia.casticino.ch\/?page_id=205&amp;lang=de\"><span class=\"has-text-color stk-button__inner-text\">DETAILS<\/span><\/a><\/div>\n<\/div><\/div>\n<\/div><\/div><\/div>\n\n\n\n<div class=\"wp-block-stackable-column stk-block-column stk-column stk-block stk-637d33a\" data-v=\"4\" data-block-id=\"637d33a\"><div class=\"stk-column-wrapper stk-block-column__content stk-container stk-637d33a-container stk-hover-parent\"><div class=\"stk-block-content stk-inner-blocks stk-637d33a-inner-blocks\">\n<div class=\"wp-block-stackable-image stk-block-image stk-block stk-6815db1\" data-block-id=\"6815db1\"><style>.stk-6815db1 .stk-img-wrapper{width:100% !important;height:123px !important}<\/style><figure><span class=\"stk-img-wrapper stk-image--shape-stretch\"><img loading=\"lazy\" decoding=\"async\" class=\"stk-img wp-image-825\" src=\"https:\/\/staging.campotencia.casticino.ch\/wp-content\/uploads\/2024\/06\/sciata-ghiacciaio-tencia-scaled.jpg\" width=\"2560\" height=\"1437\" srcset=\"https:\/\/campotencia.casticino.ch\/wp-content\/uploads\/2024\/06\/sciata-ghiacciaio-tencia-scaled.jpg 2560w, https:\/\/campotencia.casticino.ch\/wp-content\/uploads\/2024\/06\/sciata-ghiacciaio-tencia-300x168.jpg 300w, https:\/\/campotencia.casticino.ch\/wp-content\/uploads\/2024\/06\/sciata-ghiacciaio-tencia-1024x575.jpg 1024w, https:\/\/campotencia.casticino.ch\/wp-content\/uploads\/2024\/06\/sciata-ghiacciaio-tencia-768x431.jpg 768w, https:\/\/campotencia.casticino.ch\/wp-content\/uploads\/2024\/06\/sciata-ghiacciaio-tencia-1536x862.jpg 1536w, https:\/\/campotencia.casticino.ch\/wp-content\/uploads\/2024\/06\/sciata-ghiacciaio-tencia-2048x1150.jpg 2048w\" sizes=\"auto, (max-width: 2560px) 100vw, 2560px\" \/><\/span><\/figure><\/div>\n\n\n\n<div class=\"wp-block-stackable-heading stk-block-heading stk-block-heading--v2 stk-block stk-267d050\" id=\"winteraktivitaten\" data-block-id=\"267d050\"><h6 class=\"stk-block-heading__text\">Winteraktivit\u00e4ten<\/h6><\/div>\n\n\n\n<div class=\"wp-block-stackable-text stk-block-text stk-block stk-f2d1c1f\" data-block-id=\"f2d1c1f\"><p class=\"stk-block-text__text\"><\/p><\/div>\n\n\n\n<div class=\"wp-block-stackable-button-group stk-block-button-group stk-block stk-bbcc5a1\" data-block-id=\"bbcc5a1\"><div class=\"stk-row stk-inner-blocks stk-block-content stk-button-group\">\n<div class=\"wp-block-stackable-button stk-block-button stk-block stk-2905784\" data-block-id=\"2905784\"><style>.stk-2905784 .stk-button{background:#477081 !important}.stk-2905784 .stk-button__inner-text{color:#ffffff !important}<\/style><a class=\"stk-link stk-button stk--hover-effect-darken\" href=\"https:\/\/staging.campotencia.casticino.ch\/?page_id=184&amp;lang=de\"><span class=\"has-text-color stk-button__inner-text\">DETAILS<\/span><\/a><\/div>\n<\/div><\/div>\n<\/div><\/div><\/div>\n<\/div><\/div>\n","protected":false},"excerpt":{"rendered":"<p>Campo Tencia e Val Piumogna Nicht nur Campo Tencia! Wandern und Bergsteigen im Piumognatal, ein ideales Gel\u00e4nde mit ein Gesamtangebot: Natur, Kultur, Sport, Abenteuer, f\u00fcr alle Altersgruppen. Der Bundesjagdbanngebiet, die Bergweiden, der geologische Weg Campolungo, der Kyanit con pizzo Forno und der Berg \u201eTencia\u201c, die Seen, die auch an den hei\u00dfesten Tagen f\u00fcr Erfrischung sorgen. [&hellip;]<\/p>\n","protected":false},"author":2,"featured_media":0,"parent":0,"menu_order":0,"comment_status":"closed","ping_status":"closed","template":"","meta":{"pgc_sgb_lightbox_settings":"","footnotes":""},"class_list":["post-1102","page","type-page","status-publish","hentry"],"aioseo_notices":[],"_links":{"self":[{"href":"https:\/\/campotencia.casticino.ch\/index.php?rest_route=\/wp\/v2\/pages\/1102","targetHints":{"allow":["GET"]}}],"collection":[{"href":"https:\/\/campotencia.casticino.ch\/index.php?rest_route=\/wp\/v2\/pages"}],"about":[{"href":"https:\/\/campotencia.casticino.ch\/index.php?rest_route=\/wp\/v2\/types\/page"}],"author":[{"embeddable":true,"href":"https:\/\/campotencia.casticino.ch\/index.php?rest_route=\/wp\/v2\/users\/2"}],"replies":[{"embeddable":true,"href":"https:\/\/campotencia.casticino.ch\/index.php?rest_route=%2Fwp%2Fv2%2Fcomments&post=1102"}],"version-history":[{"count":5,"href":"https:\/\/campotencia.casticino.ch\/index.php?rest_route=\/wp\/v2\/pages\/1102\/revisions"}],"predecessor-version":[{"id":1130,"href":"https:\/\/campotencia.casticino.ch\/index.php?rest_route=\/wp\/v2\/pages\/1102\/revisions\/1130"}],"wp:attachment":[{"href":"https:\/\/campotencia.casticino.ch\/index.php?rest_route=%2Fwp%2Fv2%2Fmedia&parent=1102"}],"curies":[{"name":"wp","href":"https:\/\/api.w.org\/{rel}","templated":true}]}}